{"id":28499,"date":"2020-06-30T22:10:16","date_gmt":"2020-06-30T20:10:16","guid":{"rendered":"http:\/\/shop.heliocos.de\/produkt\/sin categor\u00eda\/tornillo-de-laboratorio-para-dentsply-xive-s\/"},"modified":"2020-06-30T22:10:16","modified_gmt":"2020-06-30T20:10:16","slug":"tornillo-de-laboratorio-para-dentsply-xive-s","status":"publish","type":"product","link":"https:\/\/shop.heliocos.de\/es\/producto\/dentsply-es\/xive-s-es\/tornillo-de-laboratorio-para-dentsply-xive-s\/","title":{"rendered":"Tornillo de laboratorio para Dentsply\u00ae \u2013 Xive\u00ae S"},"content":{"rendered":"<p>Tornillo de laboratorio fabricado en titanio grado 5 con conexi\u00f3n hexagonal 1,22 adecuado para la serie Heliocos FX con codificaci\u00f3n de color amarillo. Los instrumentos originales tambi\u00e9n son compatibles. El producto se entrega sin esterilizar.<\/p>\n<p><strong>Los tornillos de laboratorio y para pilares de Heliocos solo pueden combinarse con pilares Heliocos. No combinar con pilares de otros fabricantes.<\/strong><\/p>\n","protected":false},"excerpt":{"rendered":"<p>Tornillo de laboratorio fabricado en titanio grado 5 con conexi\u00f3n hexagonal 1,22 adecuado para la serie Heliocos FX con codificaci\u00f3n de color amarillo. Los instrumentos originales tambi\u00e9n son compatibles. El producto se entrega sin esterilizar. Los tornillos de laboratorio y para pilares de Heliocos solo pueden combinarse con pilares Heliocos. No combinar con pilares de [&hellip;]<\/p>\n","protected":false},"featured_media":28500,"template":"","meta":[],"product_brand":[],"product_cat":[722],"product_tag":[933],"class_list":{"0":"post-28499","1":"product","2":"type-product","3":"status-publish","4":"has-post-thumbnail","6":"product_cat-xive-s-es","7":"product_tag-tornillo-de-laboratorio","9":"first","10":"instock","11":"taxable","12":"shipping-taxable","13":"purchasable","14":"product-type-simple"},"_links":{"self":[{"href":"https:\/\/shop.heliocos.de\/es\/wp-json\/wp\/v2\/product\/28499","targetHints":{"allow":["GET"]}}],"collection":[{"href":"https:\/\/shop.heliocos.de\/es\/wp-json\/wp\/v2\/product"}],"about":[{"href":"https:\/\/shop.heliocos.de\/es\/wp-json\/wp\/v2\/types\/product"}],"wp:featuredmedia":[{"embeddable":true,"href":"https:\/\/shop.heliocos.de\/es\/wp-json\/wp\/v2\/media\/28500"}],"wp:attachment":[{"href":"https:\/\/shop.heliocos.de\/es\/wp-json\/wp\/v2\/media?parent=28499"}],"wp:term":[{"taxonomy":"product_brand","embeddable":true,"href":"https:\/\/shop.heliocos.de\/es\/wp-json\/wp\/v2\/product_brand?post=28499"},{"taxonomy":"product_cat","embeddable":true,"href":"https:\/\/shop.heliocos.de\/es\/wp-json\/wp\/v2\/product_cat?post=28499"},{"taxonomy":"product_tag","embeddable":true,"href":"https:\/\/shop.heliocos.de\/es\/wp-json\/wp\/v2\/product_tag?post=28499"}],"curies":[{"name":"wp","href":"https:\/\/api.w.org\/{rel}","templated":true}]}}