{"id":28445,"date":"2020-10-06T12:04:24","date_gmt":"2020-10-06T10:04:24","guid":{"rendered":"http:\/\/shop.heliocos.de\/produkt\/sin%20categor\u00eda\/pilar-de-escaneado-multi-unit\/"},"modified":"2021-07-07T12:24:56","modified_gmt":"2021-07-07T10:24:56","slug":"pilar-de-escaneado-multi-unit","status":"publish","type":"product","link":"https:\/\/shop.heliocos.de\/es\/producto\/multi-unit-es\/pilar-de-escaneado-multi-unit\/","title":{"rendered":"Pilar de escaneado Multi-Unit"},"content":{"rendered":"<p>Pilar de escaneado Multi-Unit incluye tornillo para pilares Multi-Unit. Los tornillos Multi-Unit est\u00e1n disponibles con diferentes conexiones de instrumentos.<\/p>\n<p>Hexagonal 1.01 = destornillador Ankylos\u00ae<\/p>\n<p>Destornillador hexagonal 1,22 = Xive\u00ae S<\/p>\n<p>Destornilladores hexagonales 1,26 = Zimmer\u00ae, Camlog\u00ae, Astra Tech\u00ae<\/p>\n<p>Torx\u00ae T6 = destornillador Straumann\u00ae<\/p>\n<p>Unigrip = destornillador Nobel Biocare\u00ae.<\/p>\n<p>El cuerpo de referencia est\u00e1 hecho de titanio de grado 4 y tiene una anodizaci\u00f3n especial.<\/p>\n<p>Puede reprocesar el cuerpo de escaneado con la frecuencia que desee. Recibir\u00e1 el cuerpo de escaneado sin esterilizar. Observe las instrucciones de Heliocos en las instrucciones de uso (<a href=\"https:\/\/www.heliocos.com\/downloads\">Descargas de Heliocos<\/a>).<\/p>\n<p>Recibir\u00e1 el cuerpo de referencia con un tornillo de pilar definitivo, que tambi\u00e9n est\u00e1 hecho de una aleaci\u00f3n de titanio. Puede seguir utilizando sus instrumentos originales o instrumentos de Heliocos (<a href=\"https:\/\/shop.heliocos.de\/de\/implantatmarken\/instrumente\/\">instrumentos de atornillado<\/a>).<\/p>\n<p>Tenga en cuenta la disponibilidad de las bibliotecas Heliocos en la cadena de procesos CAD \/ CAM. Puede descargar las bibliotecas desde el sitio web de Heliocos (<a href=\"https:\/\/www.heliocos.com\/downloads\">Descargas de Heliocos<\/a>). Obtenga m\u00e1s informaci\u00f3n sobre las bibliotecas disponibles y los requisitos para la cadena de procesos CAD \/ CAM en nuestra publicaci\u00f3n de blog (<a href=\"https:\/\/www.heliocos.com\/blog\">blog de Heliocos)<\/a>.<\/p>\n","protected":false},"excerpt":{"rendered":"<p>Pilar de escaneado Multi-Unit incluye tornillo para pilares Multi-Unit. Los tornillos Multi-Unit est\u00e1n disponibles con diferentes conexiones de instrumentos. Hexagonal 1.01 = destornillador Ankylos\u00ae Destornillador hexagonal 1,22 = Xive\u00ae S Destornilladores hexagonales 1,26 = Zimmer\u00ae, Camlog\u00ae, Astra Tech\u00ae Torx\u00ae T6 = destornillador Straumann\u00ae Unigrip = destornillador Nobel Biocare\u00ae. El cuerpo de referencia est\u00e1 hecho de [&hellip;]<\/p>\n","protected":false},"featured_media":28446,"template":"","meta":[],"product_brand":[],"product_cat":[952],"product_tag":[931],"class_list":{"0":"post-28445","1":"product","2":"type-product","3":"status-publish","4":"has-post-thumbnail","6":"product_cat-multi-unit-es","7":"product_tag-multi-unit-es","9":"first","10":"instock","11":"taxable","12":"shipping-taxable","13":"purchasable","14":"product-type-variable","15":"rtwpvg-product"},"_links":{"self":[{"href":"https:\/\/shop.heliocos.de\/es\/wp-json\/wp\/v2\/product\/28445","targetHints":{"allow":["GET"]}}],"collection":[{"href":"https:\/\/shop.heliocos.de\/es\/wp-json\/wp\/v2\/product"}],"about":[{"href":"https:\/\/shop.heliocos.de\/es\/wp-json\/wp\/v2\/types\/product"}],"wp:featuredmedia":[{"embeddable":true,"href":"https:\/\/shop.heliocos.de\/es\/wp-json\/wp\/v2\/media\/28446"}],"wp:attachment":[{"href":"https:\/\/shop.heliocos.de\/es\/wp-json\/wp\/v2\/media?parent=28445"}],"wp:term":[{"taxonomy":"product_brand","embeddable":true,"href":"https:\/\/shop.heliocos.de\/es\/wp-json\/wp\/v2\/product_brand?post=28445"},{"taxonomy":"product_cat","embeddable":true,"href":"https:\/\/shop.heliocos.de\/es\/wp-json\/wp\/v2\/product_cat?post=28445"},{"taxonomy":"product_tag","embeddable":true,"href":"https:\/\/shop.heliocos.de\/es\/wp-json\/wp\/v2\/product_tag?post=28445"}],"curies":[{"name":"wp","href":"https:\/\/api.w.org\/{rel}","templated":true}]}}