{"id":28430,"date":"2020-06-30T22:09:19","date_gmt":"2020-06-30T20:09:19","guid":{"rendered":"http:\/\/shop.heliocos.de\/produkt\/sin categor\u00eda\/analogo-de-implante-para-straumann-bone-level\/"},"modified":"2020-06-30T22:09:19","modified_gmt":"2020-06-30T20:09:19","slug":"analogo-de-implante-para-straumann-bone-level","status":"publish","type":"product","link":"https:\/\/shop.heliocos.de\/es\/producto\/bone-level-es\/analogo-de-implante-para-straumann-bone-level\/","title":{"rendered":"An\u00e1logo de implante para Straumann\u00ae \u2013 Bone Level"},"content":{"rendered":"<p>An\u00e1logo de laboratorio adecuado para Straumann\u00ae &#8211; Bone Level. La codificaci\u00f3n de colores de alta calidad permite una f\u00e1cil diferenciaci\u00f3n y asignaci\u00f3n. Cada an\u00e1logo de laboratorio tiene 12 mm de largo. Esto le facilita el uso y no tiene que acortar los an\u00e1logos despu\u00e9s.<\/p>\n<p>Con un di\u00e1metro de 3,3 mm o 4,1 mm, son f\u00e1ciles de usar. Est\u00e1n hechos de una aleaci\u00f3n de titanio.<\/p>\n<p>Aproveche los atractivos precios graduados de los an\u00e1logos Heliocos y compre los an\u00e1logos de laboratorio en paquetes de 10 o 30. En un paquete de 10, el an\u00e1logo de laboratorio cuesta 9 EUR cada uno, en un paquete de 30, el an\u00e1logo de laboratorio cuesta 8 EUR cada uno.<\/p>\n<p>Recibir\u00e1 los an\u00e1logos de laboratorio no est\u00e9riles. Tambi\u00e9n puede utilizar los an\u00e1logos de laboratorio para igualar Straumann\u00ae &#8211; Bone Level para modelos impresos. Utilice las bibliotecas de Heliocos para su flujo de trabajo digital (<a href=\"https:\/\/www.heliocos.com\/downloads\">Descargas de Heliocos<\/a>).<\/p>\n","protected":false},"excerpt":{"rendered":"<p>An\u00e1logo de laboratorio adecuado para Straumann\u00ae &#8211; Bone Level. La codificaci\u00f3n de colores de alta calidad permite una f\u00e1cil diferenciaci\u00f3n y asignaci\u00f3n. Cada an\u00e1logo de laboratorio tiene 12 mm de largo. Esto le facilita el uso y no tiene que acortar los an\u00e1logos despu\u00e9s. Con un di\u00e1metro de 3,3 mm o 4,1 mm, son f\u00e1ciles [&hellip;]<\/p>\n","protected":false},"featured_media":28431,"template":"","meta":[],"product_brand":[],"product_cat":[949],"product_tag":[932],"class_list":{"0":"post-28430","1":"product","2":"type-product","3":"status-publish","4":"has-post-thumbnail","6":"product_cat-bone-level-es","7":"product_tag-analogo-de-implante","9":"first","10":"instock","11":"taxable","12":"shipping-taxable","13":"purchasable","14":"product-type-variable","15":"rtwpvg-product"},"_links":{"self":[{"href":"https:\/\/shop.heliocos.de\/es\/wp-json\/wp\/v2\/product\/28430","targetHints":{"allow":["GET"]}}],"collection":[{"href":"https:\/\/shop.heliocos.de\/es\/wp-json\/wp\/v2\/product"}],"about":[{"href":"https:\/\/shop.heliocos.de\/es\/wp-json\/wp\/v2\/types\/product"}],"wp:featuredmedia":[{"embeddable":true,"href":"https:\/\/shop.heliocos.de\/es\/wp-json\/wp\/v2\/media\/28431"}],"wp:attachment":[{"href":"https:\/\/shop.heliocos.de\/es\/wp-json\/wp\/v2\/media?parent=28430"}],"wp:term":[{"taxonomy":"product_brand","embeddable":true,"href":"https:\/\/shop.heliocos.de\/es\/wp-json\/wp\/v2\/product_brand?post=28430"},{"taxonomy":"product_cat","embeddable":true,"href":"https:\/\/shop.heliocos.de\/es\/wp-json\/wp\/v2\/product_cat?post=28430"},{"taxonomy":"product_tag","embeddable":true,"href":"https:\/\/shop.heliocos.de\/es\/wp-json\/wp\/v2\/product_tag?post=28430"}],"curies":[{"name":"wp","href":"https:\/\/api.w.org\/{rel}","templated":true}]}}