{"id":28403,"date":"2020-06-30T22:09:32","date_gmt":"2020-06-30T20:09:32","guid":{"rendered":"http:\/\/shop.heliocos.de\/produkt\/sin%20categor\u00eda\/analogo-de-implante-fuer-camlog\/"},"modified":"2021-06-29T10:17:07","modified_gmt":"2021-06-29T08:17:07","slug":"analogo-de-implante-para-camlog","status":"publish","type":"product","link":"https:\/\/shop.heliocos.de\/es\/producto\/camlog-es\/screw-line-root-line2-es\/analogo-de-implante-para-camlog\/","title":{"rendered":"An\u00e1logo de implante para Camlog\u00ae"},"content":{"rendered":"<p>An\u00e1logo de implante adecuado para pilares Camlog\u00ae. Los an\u00e1logos est\u00e1n codificados por colores, por lo que puede diferenciar y asignar f\u00e1cilmente los productos. Cada an\u00e1logo de laboratorio tiene 12 mm de largo, lo que facilita su uso.<\/p>\n<p>Todos los an\u00e1logos de laboratorio est\u00e1n hechos de una aleaci\u00f3n de titanio. La codificaci\u00f3n de colores corresponde a la de Camlog\u00ae.<\/p>\n<p>Aproveche la atractiva relaci\u00f3n precio-rendimiento de los an\u00e1logos Heliocos, por eso ofrecemos precios graduados. En un paquete de 10, el an\u00e1logo de laboratorio cuesta 9 EUR cada uno, en un paquete de 30, el an\u00e1logo de laboratorio cuesta 8 EUR cada uno.<\/p>\n<p>Tambi\u00e9n puede utilizar los an\u00e1logos de laboratorio para igualar Camlog\u00ae para modelos impresos. Para hacer esto, descargue nuestras bibliotecas. Descargue las bibliotecas para su flujo de trabajo digital desde Heliocos (<a href=\"https:\/\/www.heliocos.com\/downloads\">Descargas de Heliocos<\/a>).<\/p>\n","protected":false},"excerpt":{"rendered":"<p>An\u00e1logo de implante adecuado para pilares Camlog\u00ae. Los an\u00e1logos est\u00e1n codificados por colores, por lo que puede diferenciar y asignar f\u00e1cilmente los productos. Cada an\u00e1logo de laboratorio tiene 12 mm de largo, lo que facilita su uso. Todos los an\u00e1logos de laboratorio est\u00e1n hechos de una aleaci\u00f3n de titanio. La codificaci\u00f3n de colores corresponde a [&hellip;]<\/p>\n","protected":false},"featured_media":28404,"template":"","meta":[],"product_brand":[],"product_cat":[712],"product_tag":[932],"class_list":{"0":"post-28403","1":"product","2":"type-product","3":"status-publish","4":"has-post-thumbnail","6":"product_cat-screw-line-root-line2-es","7":"product_tag-analogo-de-implante","9":"first","10":"instock","11":"taxable","12":"shipping-taxable","13":"purchasable","14":"product-type-variable","15":"rtwpvg-product"},"_links":{"self":[{"href":"https:\/\/shop.heliocos.de\/es\/wp-json\/wp\/v2\/product\/28403","targetHints":{"allow":["GET"]}}],"collection":[{"href":"https:\/\/shop.heliocos.de\/es\/wp-json\/wp\/v2\/product"}],"about":[{"href":"https:\/\/shop.heliocos.de\/es\/wp-json\/wp\/v2\/types\/product"}],"wp:featuredmedia":[{"embeddable":true,"href":"https:\/\/shop.heliocos.de\/es\/wp-json\/wp\/v2\/media\/28404"}],"wp:attachment":[{"href":"https:\/\/shop.heliocos.de\/es\/wp-json\/wp\/v2\/media?parent=28403"}],"wp:term":[{"taxonomy":"product_brand","embeddable":true,"href":"https:\/\/shop.heliocos.de\/es\/wp-json\/wp\/v2\/product_brand?post=28403"},{"taxonomy":"product_cat","embeddable":true,"href":"https:\/\/shop.heliocos.de\/es\/wp-json\/wp\/v2\/product_cat?post=28403"},{"taxonomy":"product_tag","embeddable":true,"href":"https:\/\/shop.heliocos.de\/es\/wp-json\/wp\/v2\/product_tag?post=28403"}],"curies":[{"name":"wp","href":"https:\/\/api.w.org\/{rel}","templated":true}]}}