{"id":28378,"date":"2020-06-30T22:09:57","date_gmt":"2020-06-30T20:09:57","guid":{"rendered":"http:\/\/shop.heliocos.de\/produkt\/sin categor\u00eda\/analogo-de-implante-para-astra-tech-osseospeed-tx\/"},"modified":"2020-06-30T22:09:57","modified_gmt":"2020-06-30T20:09:57","slug":"analogo-de-implante-para-astra-tech-osseospeed-tx","status":"publish","type":"product","link":"https:\/\/shop.heliocos.de\/es\/producto\/dentsply-es\/astra-tech-osseospeed-tx-es\/analogo-de-implante-para-astra-tech-osseospeed-tx\/","title":{"rendered":"An\u00e1logo de implante para Astra Tech\u00ae OsseoSpeed\u00ae TX"},"content":{"rendered":"<p>An\u00e1logo de implante adecuado para pilares Dentsply\u00ae &#8211; Astra Tech\u00ae OsseoSpeed\u00ae TX. Los an\u00e1logos est\u00e1n codificados por colores, por lo que puede diferenciar y asignar f\u00e1cilmente los productos. Cada an\u00e1logo de laboratorio tiene 12 mm de largo, lo que facilita su uso.<\/p>\n<p>Todos los an\u00e1logos de laboratorio est\u00e1n hechos de una aleaci\u00f3n de titanio. La codificaci\u00f3n de colores corresponde a la de Astra Tech\u00ae OsseoSpeed\u00ae TX.<\/p>\n<p>Aproveche la atractiva relaci\u00f3n precio-rendimiento de los an\u00e1logos Heliocos, por eso ofrecemos precios graduados. En un paquete de 10, el an\u00e1logo de laboratorio cuesta 9 EUR cada uno, en un paquete de 30, el an\u00e1logo de laboratorio cuesta 8 EUR cada uno.<\/p>\n<p>Utilice los an\u00e1logos de laboratorio adecuados para Astra Tech\u00ae OsseoSpeed\u00ae TX tambi\u00e9n para modelos impresos. Para hacer esto, descargue nuestras bibliotecas. Descargue las bibliotecas para su flujo de trabajo digital desde Heliocos (<a href=\"https:\/\/www.heliocos.com\/downloads\">Descargas de Heliocos<\/a>).<\/p>\n","protected":false},"excerpt":{"rendered":"<p>An\u00e1logo de implante adecuado para pilares Dentsply\u00ae &#8211; Astra Tech\u00ae OsseoSpeed\u00ae TX. Los an\u00e1logos est\u00e1n codificados por colores, por lo que puede diferenciar y asignar f\u00e1cilmente los productos. Cada an\u00e1logo de laboratorio tiene 12 mm de largo, lo que facilita su uso. Todos los an\u00e1logos de laboratorio est\u00e1n hechos de una aleaci\u00f3n de titanio. La [&hellip;]<\/p>\n","protected":false},"featured_media":28379,"template":"","meta":[],"product_brand":[],"product_cat":[721],"product_tag":[932],"class_list":{"0":"post-28378","1":"product","2":"type-product","3":"status-publish","4":"has-post-thumbnail","6":"product_cat-astra-tech-osseospeed-tx-es","7":"product_tag-analogo-de-implante","9":"first","10":"instock","11":"taxable","12":"shipping-taxable","13":"purchasable","14":"product-type-variable","15":"rtwpvg-product"},"_links":{"self":[{"href":"https:\/\/shop.heliocos.de\/es\/wp-json\/wp\/v2\/product\/28378","targetHints":{"allow":["GET"]}}],"collection":[{"href":"https:\/\/shop.heliocos.de\/es\/wp-json\/wp\/v2\/product"}],"about":[{"href":"https:\/\/shop.heliocos.de\/es\/wp-json\/wp\/v2\/types\/product"}],"wp:featuredmedia":[{"embeddable":true,"href":"https:\/\/shop.heliocos.de\/es\/wp-json\/wp\/v2\/media\/28379"}],"wp:attachment":[{"href":"https:\/\/shop.heliocos.de\/es\/wp-json\/wp\/v2\/media?parent=28378"}],"wp:term":[{"taxonomy":"product_brand","embeddable":true,"href":"https:\/\/shop.heliocos.de\/es\/wp-json\/wp\/v2\/product_brand?post=28378"},{"taxonomy":"product_cat","embeddable":true,"href":"https:\/\/shop.heliocos.de\/es\/wp-json\/wp\/v2\/product_cat?post=28378"},{"taxonomy":"product_tag","embeddable":true,"href":"https:\/\/shop.heliocos.de\/es\/wp-json\/wp\/v2\/product_tag?post=28378"}],"curies":[{"name":"wp","href":"https:\/\/api.w.org\/{rel}","templated":true}]}}