{"id":28362,"date":"2020-06-30T22:09:51","date_gmt":"2020-06-30T20:09:51","guid":{"rendered":"http:\/\/shop.heliocos.de\/produkt\/sin categor\u00eda\/analogo-de-implante-para-ankylos\/"},"modified":"2020-06-30T22:09:51","modified_gmt":"2020-06-30T20:09:51","slug":"analogo-de-implante-para-ankylos","status":"publish","type":"product","link":"https:\/\/shop.heliocos.de\/es\/producto\/dentsply-es\/ankylos-es\/analogo-de-implante-para-ankylos\/","title":{"rendered":"An\u00e1logo de implante para Ankylos\u00ae"},"content":{"rendered":"<p>An\u00e1logo de implante adecuado para pilares Dentsply\u00ae &#8211; Ankylos\u00ae. Puede elegir entre an\u00e1logos de implantes con y sin \u00edndice. Los an\u00e1logos indexados tienen codificaci\u00f3n de colores de alta calidad, por lo que puede distinguirlos f\u00e1cilmente. Cada an\u00e1logo de laboratorio tiene 12 mm de largo, por lo que no es necesario acortar el an\u00e1logo de laboratorio posteriormente, lo que facilita su uso.<\/p>\n<p>Todos los an\u00e1logos de laboratorio est\u00e1n hechos de una aleaci\u00f3n de titanio, la variante X tambi\u00e9n est\u00e1 codificada por colores.<\/p>\n<p>Aproveche los atractivos precios graduados de Heliocos y compre los an\u00e1logos de laboratorio en paquetes de 10 o 30, para que tenga una excelente relaci\u00f3n precio-rendimiento. En un paquete de 10, el an\u00e1logo de laboratorio cuesta 9 EUR cada uno, en un paquete de 30, el an\u00e1logo de laboratorio cuesta 8 EUR cada uno.<\/p>\n<p>Recibir\u00e1 los an\u00e1logos de laboratorio no est\u00e9riles. Tambi\u00e9n puede utilizar los an\u00e1logos de laboratorio de Dentsply\u00ae &#8211; Ankylos\u00ae para modelos impresos. Utilice las bibliotecas de Heliocos para su flujo de trabajo digital (<a href=\"https:\/\/www.heliocos.com\/downloads\">Descargas de Heliocos<\/a>).<\/p>\n","protected":false},"excerpt":{"rendered":"<p>An\u00e1logo de implante adecuado para pilares Dentsply\u00ae &#8211; Ankylos\u00ae. Puede elegir entre an\u00e1logos de implantes con y sin \u00edndice. Los an\u00e1logos indexados tienen codificaci\u00f3n de colores de alta calidad, por lo que puede distinguirlos f\u00e1cilmente. Cada an\u00e1logo de laboratorio tiene 12 mm de largo, por lo que no es necesario acortar el an\u00e1logo de laboratorio [&hellip;]<\/p>\n","protected":false},"featured_media":28363,"template":"","meta":[],"product_brand":[],"product_cat":[717],"product_tag":[932],"class_list":{"0":"post-28362","1":"product","2":"type-product","3":"status-publish","4":"has-post-thumbnail","6":"product_cat-ankylos-es","7":"product_tag-analogo-de-implante","9":"first","10":"instock","11":"taxable","12":"shipping-taxable","13":"purchasable","14":"product-type-variable","15":"rtwpvg-product"},"_links":{"self":[{"href":"https:\/\/shop.heliocos.de\/es\/wp-json\/wp\/v2\/product\/28362","targetHints":{"allow":["GET"]}}],"collection":[{"href":"https:\/\/shop.heliocos.de\/es\/wp-json\/wp\/v2\/product"}],"about":[{"href":"https:\/\/shop.heliocos.de\/es\/wp-json\/wp\/v2\/types\/product"}],"wp:featuredmedia":[{"embeddable":true,"href":"https:\/\/shop.heliocos.de\/es\/wp-json\/wp\/v2\/media\/28363"}],"wp:attachment":[{"href":"https:\/\/shop.heliocos.de\/es\/wp-json\/wp\/v2\/media?parent=28362"}],"wp:term":[{"taxonomy":"product_brand","embeddable":true,"href":"https:\/\/shop.heliocos.de\/es\/wp-json\/wp\/v2\/product_brand?post=28362"},{"taxonomy":"product_cat","embeddable":true,"href":"https:\/\/shop.heliocos.de\/es\/wp-json\/wp\/v2\/product_cat?post=28362"},{"taxonomy":"product_tag","embeddable":true,"href":"https:\/\/shop.heliocos.de\/es\/wp-json\/wp\/v2\/product_tag?post=28362"}],"curies":[{"name":"wp","href":"https:\/\/api.w.org\/{rel}","templated":true}]}}