{"id":25816,"date":"2020-09-23T12:51:17","date_gmt":"2020-09-23T10:51:17","guid":{"rendered":"http:\/\/shop.heliocos.de\/?post_type=product&#038;p=25816"},"modified":"2020-11-13T14:12:21","modified_gmt":"2020-11-13T13:12:21","slug":"multi-unit-abutment-astra-tech-tx","status":"publish","type":"product","link":"https:\/\/shop.heliocos.de\/es\/producto\/dentsply-es\/astra-tech-osseospeed-tx-es\/multi-unit-abutment-astra-tech-tx\/","title":{"rendered":"Multi-Unit Abutment f\u00fcr Astra Tech\u00ae OsseoSpeed\u00ae TX"},"content":{"rendered":"<p>Multi-Unit Abutment f\u00fcr verschraubte Stege passend zu Dentsply\u00ae &#8211; Astra Tech\u00ae OsseoSpeed\u00ae TX mit plattform\u00fcbergreifenden Kamindesign. So k\u00f6nnen sie unterschiedliche Implantatsysteme mit den Multi-Unit Abutments von Heliocos versorgen. Des Weiteren k\u00f6nnen Sie aus unterschiedlichen Gingivah\u00f6hen ausw\u00e4hlen. Ein gro\u00dfartiges Preis-Leistungs-Verh\u00e4ltnis inklusive 30 Jahre Herstellergarantie.<\/p>\n<p>Hergestellt werden die Multi-Unit Abutments aus einer Titanlegierung. Daher besitzen sie eine nachweisbare Biokompatibilit\u00e4t und eine hervorragende mechanische Festigkeit. Die Multi-Unit Abutments sind mit einem kurzen Konus gestaltet. Deshalb eignen sie sich auch bei einem verkleinerten Platzangebot. Das All-on-4\u00ae Prinzip hat uns bei der Konstruktion inspiriert.<\/p>\n<p>Sie k\u00f6nnen aus einem umfangreichen Sortiment an Terti\u00e4rteilen f\u00fcr Multi-Unit Abutments ausw\u00e4hlen. Nutzen Sie die CAD\/CAM Prozesskette (<a href=\"http:\/\/shop.heliocos.de\/produkt\/multi-unit\/titanbasis-13\/\">Titanbasis Multi-Unit<\/a>) oder einen konventionellen Workflow (<a href=\"http:\/\/shop.heliocos.de\/produkt\/multi-unit\/titankappe-multi-unit\/\">Titankappe Multi-Unit).<\/a><\/p>\n<p>Die Heliocos Bibliotheken bieten Ihnen die maximale Freiheit bei der Gestaltung von verschraubten Stegen. Entweder Sie geestalten Ihre Arbeit auf Titanbasen oder auf einer direktverschraubten L\u00f6sung. Mit Heliocos haben Sie die Wahl. Laden Sie die Bibliotheken bequem auf der Internetseite von Heliocos herunter (<a href=\"https:\/\/www.heliocos.de\/medien\">Heliocos Downloads<\/a>).<\/p>\n<p>Wir empfehlen Ihnen den Scan und die Abformung auf Abutmentniveau durchzuf\u00fchren. Dadurch ist der CAD\/CAM Prozess vereinfacht. Wir liefern die Multi-Unit Abutments mit einer praktischen Einbringhilfe aus. Dadurch k\u00f6nnen Sie diese einfach inserieren. Die Teile werden unsteril ausgeliefert. Bitte beachten Sie hierzu die Anleitung von Heliocos in der Gebrauchsanweisung (<a href=\"https:\/\/www.heliocos.de\/medien\">Heliocos Downloads<\/a>).\u00a0Nutzen Sie das Multi-Unit Einbringinstrument zur einfachen Insertion der Multi-Unit Abutments.<\/p>\n","protected":false},"excerpt":{"rendered":"<p>Multi-Unit Abutment f\u00fcr verschraubte Stege passend zu Dentsply\u00ae &#8211; Astra Tech\u00ae OsseoSpeed\u00ae TX mit plattform\u00fcbergreifenden Kamindesign. So k\u00f6nnen sie unterschiedliche Implantatsysteme mit den Multi-Unit Abutments von Heliocos versorgen. Des Weiteren k\u00f6nnen Sie aus unterschiedlichen Gingivah\u00f6hen ausw\u00e4hlen. Ein gro\u00dfartiges Preis-Leistungs-Verh\u00e4ltnis inklusive 30 Jahre Herstellergarantie. Hergestellt werden die Multi-Unit Abutments aus einer Titanlegierung. Daher besitzen sie eine [&hellip;]<\/p>\n","protected":false},"featured_media":25825,"template":"","meta":[],"product_brand":[],"product_cat":[40],"product_tag":[267],"class_list":{"0":"post-25816","1":"product","2":"type-product","3":"status-publish","4":"has-post-thumbnail","6":"product_cat-astra-tech-osseospeed-tx","7":"product_tag-multi-unit-abutment","9":"first","10":"instock","11":"taxable","12":"shipping-taxable","13":"purchasable","14":"product-type-variable","15":"rtwpvg-product"},"_links":{"self":[{"href":"https:\/\/shop.heliocos.de\/es\/wp-json\/wp\/v2\/product\/25816","targetHints":{"allow":["GET"]}}],"collection":[{"href":"https:\/\/shop.heliocos.de\/es\/wp-json\/wp\/v2\/product"}],"about":[{"href":"https:\/\/shop.heliocos.de\/es\/wp-json\/wp\/v2\/types\/product"}],"wp:featuredmedia":[{"embeddable":true,"href":"https:\/\/shop.heliocos.de\/es\/wp-json\/wp\/v2\/media\/25825"}],"wp:attachment":[{"href":"https:\/\/shop.heliocos.de\/es\/wp-json\/wp\/v2\/media?parent=25816"}],"wp:term":[{"taxonomy":"product_brand","embeddable":true,"href":"https:\/\/shop.heliocos.de\/es\/wp-json\/wp\/v2\/product_brand?post=25816"},{"taxonomy":"product_cat","embeddable":true,"href":"https:\/\/shop.heliocos.de\/es\/wp-json\/wp\/v2\/product_cat?post=25816"},{"taxonomy":"product_tag","embeddable":true,"href":"https:\/\/shop.heliocos.de\/es\/wp-json\/wp\/v2\/product_tag?post=25816"}],"curies":[{"name":"wp","href":"https:\/\/api.w.org\/{rel}","templated":true}]}}