{"id":25393,"date":"2020-09-17T09:44:06","date_gmt":"2020-09-17T07:44:06","guid":{"rendered":"http:\/\/shop.heliocos.de\/?post_type=product&#038;p=25393"},"modified":"2021-01-20T15:42:09","modified_gmt":"2021-01-20T14:42:09","slug":"gewinkeltes-abutment-straumann-tissue-level","status":"publish","type":"product","link":"https:\/\/shop.heliocos.de\/es\/producto\/tissue-level-es\/gewinkeltes-abutment-straumann-tissue-level\/","title":{"rendered":"Gewinkeltes Abutment f\u00fcr Straumann\u00ae &#8211; Tissue Level"},"content":{"rendered":"<p>Abgewinkeltes Sekund\u00e4rteil passend zu Straumann\u00ae &#8211; Tissue Level. Das abgewinkelte Sekund\u00e4rteil ist aus einer Titanlegierung hergestellt. Dadurch sind eine hervorragende Biokompatibilit\u00e4t und eine hohe Festigkeit gew\u00e4hrleistet. Die abgewinkelten Sekund\u00e4rteile sind rotationsgesichert und f\u00fcr eine zementierte Versorgung vorgesehen. Eine hochpr\u00e4zise Verbindung zeichnet das abgewinkelte Sekund\u00e4rteil aus. Deshalb geben wir 30 Jahre Herstellergarantie auf die gewinkelten Abutments.<\/p>\n<p>Die abgewinkelten Sekund\u00e4rteile werden mit einer definitiven Abutmentschraube ausgeliefert. Die Abutmentschraube ist ebenfalls aus einer Titanlegierung hergestellt. Sie k\u00f6nnen Ihre originalen Instrumente weiterhin benutzen, oder Instrumente von Heliocos verwenden. Abgewinkeltes Sekund\u00e4rteil und Abutmentschraube werden als Set ausgeliefert. Die Teile sind unsteril und Sie m\u00fcssen die Produkte vor dem Einsatz aufbereiten. Bitte beachten Sie hierzu die Anleitung von Heliocos in der Gebrauchsanweisung (<a href=\"https:\/\/www.heliocos.de\/medien\">Heliocos Downloads<\/a>).<\/p>\n","protected":false},"excerpt":{"rendered":"<p>Abgewinkeltes Sekund\u00e4rteil passend zu Straumann\u00ae &#8211; Tissue Level. Das abgewinkelte Sekund\u00e4rteil ist aus einer Titanlegierung hergestellt. Dadurch sind eine hervorragende Biokompatibilit\u00e4t und eine hohe Festigkeit gew\u00e4hrleistet. Die abgewinkelten Sekund\u00e4rteile sind rotationsgesichert und f\u00fcr eine zementierte Versorgung vorgesehen. Eine hochpr\u00e4zise Verbindung zeichnet das abgewinkelte Sekund\u00e4rteil aus. Deshalb geben wir 30 Jahre Herstellergarantie auf die gewinkelten Abutments. [&hellip;]<\/p>\n","protected":false},"featured_media":25402,"template":"","meta":[],"product_brand":[],"product_cat":[29],"product_tag":[92],"class_list":{"0":"post-25393","1":"product","2":"type-product","3":"status-publish","4":"has-post-thumbnail","6":"product_cat-tissue-level","7":"product_tag-gewinkeltes-abutment","9":"first","10":"instock","11":"taxable","12":"shipping-taxable","13":"purchasable","14":"product-type-variable","15":"rtwpvg-product"},"_links":{"self":[{"href":"https:\/\/shop.heliocos.de\/es\/wp-json\/wp\/v2\/product\/25393","targetHints":{"allow":["GET"]}}],"collection":[{"href":"https:\/\/shop.heliocos.de\/es\/wp-json\/wp\/v2\/product"}],"about":[{"href":"https:\/\/shop.heliocos.de\/es\/wp-json\/wp\/v2\/types\/product"}],"wp:featuredmedia":[{"embeddable":true,"href":"https:\/\/shop.heliocos.de\/es\/wp-json\/wp\/v2\/media\/25402"}],"wp:attachment":[{"href":"https:\/\/shop.heliocos.de\/es\/wp-json\/wp\/v2\/media?parent=25393"}],"wp:term":[{"taxonomy":"product_brand","embeddable":true,"href":"https:\/\/shop.heliocos.de\/es\/wp-json\/wp\/v2\/product_brand?post=25393"},{"taxonomy":"product_cat","embeddable":true,"href":"https:\/\/shop.heliocos.de\/es\/wp-json\/wp\/v2\/product_cat?post=25393"},{"taxonomy":"product_tag","embeddable":true,"href":"https:\/\/shop.heliocos.de\/es\/wp-json\/wp\/v2\/product_tag?post=25393"}],"curies":[{"name":"wp","href":"https:\/\/api.w.org\/{rel}","templated":true}]}}