{"id":20483,"date":"2020-06-30T22:09:33","date_gmt":"2020-06-30T20:09:33","guid":{"rendered":"http:\/\/shop.heliocos.de\/produkt\/unkategorisiert\/import-placeholder-for-136\/"},"modified":"2020-11-13T13:04:29","modified_gmt":"2020-11-13T12:04:29","slug":"massivabutment-camlog","status":"publish","type":"product","link":"https:\/\/shop.heliocos.de\/es\/producto\/camlog-es\/screw-line-root-line2-es\/massivabutment-camlog\/","title":{"rendered":"Massivabutment f\u00fcr Camlog\u00ae"},"content":{"rendered":"<p>Gerades Massivabutment f\u00fcr Camlog\u00ae Implantate. Das gerade Abutment ist aus einer Titanlegierung hergestellt. Dadurch sind eine hervorragende Biokompatibilit\u00e4t und eine hohe Festigkeit gew\u00e4hrleistet. Die Universal-Abutments sind f\u00fcr eine zementierte Versorgung vorgesehen. Eine hochpr\u00e4zise Verbindung zeichnet das gerade Abutment aus. Deshalb geben wir 30 Jahre Herstellergarantie auf die geraden Abutments.<\/p>\n<p>Die geraden Massivabutments werden mit zwei definitiven Abutmentschrauben ausgeliefert. Die Abutmentschrauben sind ebenfalls aus einer Titanlegierung hergestellt. Sie k\u00f6nnen Ihre originalen Instrumente weiterhin benutzen, oder Instrumente von Heliocos verwenden. Gerades Universal-Abutment und Abutmentschrauben werden als Set ausgeliefert. Bereiten Sie die Teile vor dem Einsatz auf. Bitte beachten Sie hierzu die Anleitung von Heliocos in der Gebrauchsanweisung (<a href=\"https:\/\/www.heliocos.de\/medien\">Heliocos Downloads<\/a>).<\/p>\n<p>Zu den geraden Abutments passend zu Camlog\u00ae k\u00f6nnen Sie ebenfalls die passenden Instrumente bestellen\u00a0<a href=\"http:\/\/shop.heliocos.de\/produkt\/instrumente\/eindrehinstrument-hex\/\">(Eindrehinstrument Hex<\/a>).<\/p>\n","protected":false},"excerpt":{"rendered":"<p>Gerades Massivabutment f\u00fcr Camlog\u00ae Implantate. Das gerade Abutment ist aus einer Titanlegierung hergestellt. Dadurch sind eine hervorragende Biokompatibilit\u00e4t und eine hohe Festigkeit gew\u00e4hrleistet. Die Universal-Abutments sind f\u00fcr eine zementierte Versorgung vorgesehen. Eine hochpr\u00e4zise Verbindung zeichnet das gerade Abutment aus. Deshalb geben wir 30 Jahre Herstellergarantie auf die geraden Abutments. Die geraden Massivabutments werden mit zwei [&hellip;]<\/p>\n","protected":false},"featured_media":12870,"template":"","meta":[],"product_brand":[],"product_cat":[37],"product_tag":[91],"class_list":{"0":"post-20483","1":"product","2":"type-product","3":"status-publish","4":"has-post-thumbnail","6":"product_cat-screw-line-root-line2","7":"product_tag-massivabutment","9":"first","10":"instock","11":"taxable","12":"shipping-taxable","13":"purchasable","14":"product-type-variable","15":"rtwpvg-product"},"_links":{"self":[{"href":"https:\/\/shop.heliocos.de\/es\/wp-json\/wp\/v2\/product\/20483","targetHints":{"allow":["GET"]}}],"collection":[{"href":"https:\/\/shop.heliocos.de\/es\/wp-json\/wp\/v2\/product"}],"about":[{"href":"https:\/\/shop.heliocos.de\/es\/wp-json\/wp\/v2\/types\/product"}],"wp:featuredmedia":[{"embeddable":true,"href":"https:\/\/shop.heliocos.de\/es\/wp-json\/wp\/v2\/media\/12870"}],"wp:attachment":[{"href":"https:\/\/shop.heliocos.de\/es\/wp-json\/wp\/v2\/media?parent=20483"}],"wp:term":[{"taxonomy":"product_brand","embeddable":true,"href":"https:\/\/shop.heliocos.de\/es\/wp-json\/wp\/v2\/product_brand?post=20483"},{"taxonomy":"product_cat","embeddable":true,"href":"https:\/\/shop.heliocos.de\/es\/wp-json\/wp\/v2\/product_cat?post=20483"},{"taxonomy":"product_tag","embeddable":true,"href":"https:\/\/shop.heliocos.de\/es\/wp-json\/wp\/v2\/product_tag?post=20483"}],"curies":[{"name":"wp","href":"https:\/\/api.w.org\/{rel}","templated":true}]}}