{"id":20438,"date":"2020-06-30T22:09:26","date_gmt":"2020-06-30T20:09:26","guid":{"rendered":"http:\/\/shop.heliocos.de\/produkt\/unkategorisiert\/import-placeholder-for-107\/"},"modified":"2020-11-16T12:36:00","modified_gmt":"2020-11-16T11:36:00","slug":"gerades-abutment-2","status":"publish","type":"product","link":"https:\/\/shop.heliocos.de\/es\/producto\/tissue-level-es\/gerades-abutment-2\/","title":{"rendered":"Gerades Abutment f\u00fcr Straumann\u00ae \u2013 Tissue Level"},"content":{"rendered":"<p>Gerades Sekund\u00e4rteil passend zu Straumann\u00ae &#8211; Tissue Level Implantate. Das Sekund\u00e4rteil ist aus einer Titanlegierung hergestellt. Dadurch sind eine hervorragende Biokompatibilit\u00e4t und eine hohe Festigkeit gew\u00e4hrleistet. Die geraden Abutments sind rotationsgesichert und f\u00fcr eine zementierte Versorgung vorgesehen. Eine hochpr\u00e4zise Verbindung zeichnet das gerade Sekund\u00e4rteil aus. Deshalb geben wir 30 Jahre Herstellergarantie auf die geraden Abutments.<\/p>\n<p>Die geraden Sekund\u00e4rteile werden mit einer definitiven Abutmentschraube ausgeliefert. Die Abutmentschraube ist ebenfalls aus einer Titanlegierung hergestellt. Sie k\u00f6nnen Ihre originalen Instrumente weiterhin benutzen, oder Instrumente von Heliocos verwenden. Gerades Abutment und Abutmentschraube werden als Set ausgeliefert. Bereiten Sie die Teile vor dem Einsatz auf. Bitte beachten Sie hierzu die Anleitung von Heliocos in der Gebrauchsanweisung (<a href=\"https:\/\/www.heliocos.de\/medien\">Heliocos Downloads<\/a>).<\/p>\n<p>Zu den geraden Sekund\u00e4rteilen passend zu Straumann\u00ae k\u00f6nnen Sie ebenfalls die passenden Instrumente bestellen\u00a0<a href=\"http:\/\/shop.heliocos.de\/produkt\/instrumente\/straumann-instrumente\/eindrehinstrument-torx\/\">(Eindrehinstrument Torx\u00ae<\/a>).<\/p>\n","protected":false},"excerpt":{"rendered":"<p>Gerades Sekund\u00e4rteil passend zu Straumann\u00ae &#8211; Tissue Level Implantate. Das Sekund\u00e4rteil ist aus einer Titanlegierung hergestellt. Dadurch sind eine hervorragende Biokompatibilit\u00e4t und eine hohe Festigkeit gew\u00e4hrleistet. Die geraden Abutments sind rotationsgesichert und f\u00fcr eine zementierte Versorgung vorgesehen. Eine hochpr\u00e4zise Verbindung zeichnet das gerade Sekund\u00e4rteil aus. Deshalb geben wir 30 Jahre Herstellergarantie auf die geraden Abutments. [&hellip;]<\/p>\n","protected":false},"featured_media":12724,"template":"","meta":[],"product_brand":[],"product_cat":[29],"product_tag":[87],"class_list":{"0":"post-20438","1":"product","2":"type-product","3":"status-publish","4":"has-post-thumbnail","6":"product_cat-tissue-level","7":"product_tag-gerades-abutment","9":"first","10":"instock","11":"taxable","12":"shipping-taxable","13":"purchasable","14":"product-type-variable","15":"rtwpvg-product"},"_links":{"self":[{"href":"https:\/\/shop.heliocos.de\/es\/wp-json\/wp\/v2\/product\/20438","targetHints":{"allow":["GET"]}}],"collection":[{"href":"https:\/\/shop.heliocos.de\/es\/wp-json\/wp\/v2\/product"}],"about":[{"href":"https:\/\/shop.heliocos.de\/es\/wp-json\/wp\/v2\/types\/product"}],"wp:featuredmedia":[{"embeddable":true,"href":"https:\/\/shop.heliocos.de\/es\/wp-json\/wp\/v2\/media\/12724"}],"wp:attachment":[{"href":"https:\/\/shop.heliocos.de\/es\/wp-json\/wp\/v2\/media?parent=20438"}],"wp:term":[{"taxonomy":"product_brand","embeddable":true,"href":"https:\/\/shop.heliocos.de\/es\/wp-json\/wp\/v2\/product_brand?post=20438"},{"taxonomy":"product_cat","embeddable":true,"href":"https:\/\/shop.heliocos.de\/es\/wp-json\/wp\/v2\/product_cat?post=20438"},{"taxonomy":"product_tag","embeddable":true,"href":"https:\/\/shop.heliocos.de\/es\/wp-json\/wp\/v2\/product_tag?post=20438"}],"curies":[{"name":"wp","href":"https:\/\/api.w.org\/{rel}","templated":true}]}}