{"id":33752,"date":"2025-05-23T08:27:32","date_gmt":"2025-05-23T06:27:32","guid":{"rendered":"https:\/\/shop.heliocos.de\/?post_type=product&#038;p=33752"},"modified":"2025-05-23T08:45:36","modified_gmt":"2025-05-23T06:45:36","slug":"laboranalog-fuer-dentium-superline-implantium-implantium-2","status":"publish","type":"product","link":"https:\/\/shop.heliocos.de\/de\/produkt\/hiossen\/et-system\/laboranalog-fuer-dentium-superline-implantium-implantium-2\/","title":{"rendered":"Laboranalog f\u00fcr Dentium\u00ae &#8211; SuperLine | Implantium | Implantium 2"},"content":{"rendered":"<p>Laboranalog passend zu Dentium\u00ae &#8211; SuperLine, Implantium und Implantium 2 Aufbauten. Der Analog ist aus Titan Grade 5 (Ti6Al4V) gefertigt. Jeder Laboranaloge ist 12 mm lang, dadurch wird Ihnen die Nutzung erleichtert.<\/p>\n<p>Weitere Kompatibilit\u00e4ten:<\/p>\n<ul>\n<li>NeoBiotech\u00ae &#8211; IS Implant System<\/li>\n<li>MegaGen\u00ae &#8211; AnyOne\u00ae Internal<\/li>\n<li>Osstem\u00ae &#8211; TS System<\/li>\n<li>HiOssen Implant\u00ae &#8211; ET System<\/li>\n<\/ul>\n<p>Alle Laboranaloge sind aus einer Titanlegierung hergestellt.<\/p>\n<p>Nutzen Sie das attraktive Preis-Leistungs-Verh\u00e4ltnis der Heliocos Analoge, deshalb bieten wir Staffelpreise an. Im 10er Pack kostet der Laboranalog noch je 9 EUR, im 30er Pack kostet der Laboranalog noch je 8 EUR.<\/p>\n<p>Unsere kompatiblen Laboranaloge f\u00fcr Dentium\u00ae &#8211; SuperLine, Implantium und Implantium 2 \u00fcberzeugen durch hohe Ma\u00dfhaltigkeit und Qualit\u00e4t zu einem attraktiven Preis. Sie lassen sich reibungslos in bestehende Arbeitsabl\u00e4ufe im Labor integrieren und bieten gleichbleibend zuverl\u00e4ssige Ergebnisse.<\/p>\n","protected":false},"excerpt":{"rendered":"<p>Laboranalog passend zu Dentium\u00ae &#8211; SuperLine, Implantium und Implantium 2 Aufbauten. Der Analog ist aus Titan Grade 5 (Ti6Al4V) gefertigt. Jeder Laboranaloge ist 12 mm lang, dadurch wird Ihnen die Nutzung erleichtert. Weitere Kompatibilit\u00e4ten: NeoBiotech\u00ae &#8211; IS Implant System MegaGen\u00ae &#8211; AnyOne\u00ae Internal Osstem\u00ae &#8211; TS System HiOssen Implant\u00ae &#8211; ET System Alle Laboranaloge sind [&hellip;]<\/p>\n","protected":false},"featured_media":33721,"template":"","meta":[],"product_brand":[],"product_cat":[1066,1060,1068,1063,1065,1034,1061,1062,1064,1067],"product_tag":[83],"class_list":{"0":"post-33752","1":"product","2":"type-product","3":"status-publish","4":"has-post-thumbnail","6":"product_cat-anyone-internal","7":"product_cat-dentium","8":"product_cat-et-system","9":"product_cat-hiossen","10":"product_cat-is-implant-system","11":"product_cat-megagen","12":"product_cat-neobiotech","13":"product_cat-osstem","14":"product_cat-superline-implantium-implantium-2","15":"product_cat-ts-system","16":"product_tag-laboranalog","18":"first","19":"instock","20":"taxable","21":"shipping-taxable","22":"purchasable","23":"product-type-simple"},"_links":{"self":[{"href":"https:\/\/shop.heliocos.de\/de\/wp-json\/wp\/v2\/product\/33752","targetHints":{"allow":["GET"]}}],"collection":[{"href":"https:\/\/shop.heliocos.de\/de\/wp-json\/wp\/v2\/product"}],"about":[{"href":"https:\/\/shop.heliocos.de\/de\/wp-json\/wp\/v2\/types\/product"}],"wp:featuredmedia":[{"embeddable":true,"href":"https:\/\/shop.heliocos.de\/de\/wp-json\/wp\/v2\/media\/33721"}],"wp:attachment":[{"href":"https:\/\/shop.heliocos.de\/de\/wp-json\/wp\/v2\/media?parent=33752"}],"wp:term":[{"taxonomy":"product_brand","embeddable":true,"href":"https:\/\/shop.heliocos.de\/de\/wp-json\/wp\/v2\/product_brand?post=33752"},{"taxonomy":"product_cat","embeddable":true,"href":"https:\/\/shop.heliocos.de\/de\/wp-json\/wp\/v2\/product_cat?post=33752"},{"taxonomy":"product_tag","embeddable":true,"href":"https:\/\/shop.heliocos.de\/de\/wp-json\/wp\/v2\/product_tag?post=33752"}],"curies":[{"name":"wp","href":"https:\/\/api.w.org\/{rel}","templated":true}]}}