{"id":32633,"date":"2023-08-23T13:36:57","date_gmt":"2023-08-23T11:36:57","guid":{"rendered":"https:\/\/shop.heliocos.de\/?post_type=product&#038;p=32633"},"modified":"2025-05-23T08:48:08","modified_gmt":"2025-05-23T06:48:08","slug":"laboranalog-fuer-anthogyr-axiom-bl-x3","status":"publish","type":"product","link":"https:\/\/shop.heliocos.de\/de\/produkt\/anthogyr\/axiom-bl-x3\/laboranalog-fuer-anthogyr-axiom-bl-x3\/","title":{"rendered":"Laboranalog f\u00fcr Anthogyr\u00ae &#8211; Axiom\u00ae BL \/ X3"},"content":{"rendered":"<p>Laboranalog passend zu Anthogyr\u00ae &#8211; Axiom\u00ae BL \/ X3 Aufbauten. Der Analog ist aus Titan Grade 5 (Ti6Al4V) gefertigt. Jeder Laboranaloge ist 12 mm lang, dadurch wird Ihnen die Nutzung erleichtert.<\/p>\n<p>Alle Laboranaloge sind aus einer Titanlegierung hergestellt.<\/p>\n<p>Nutzen Sie das attraktive Preis-Leistungs-Verh\u00e4ltnis der Heliocos Analoge, deshalb bieten wir Staffelpreise an. Im 10er Pack kostet der Laboranalog noch je 9 EUR, im 30er Pack kostet der Laboranalog noch je 8 EUR.<\/p>\n<p>Nutzen Sie die Laboranaloge passend zu Anthogyr\u00ae &#8211; Axiom\u00ae BL \/ X3 auch f\u00fcr gedruckte Modelle. Laden Sie hierf\u00fcr unsere Bibliotheken herunter. Laden Sie die Bibliotheken f\u00fcr Ihren digitalen Workflow bei Heliocos herunter (<a href=\"https:\/\/www.heliocos.de\/medien\">Heliocos Downloads<\/a>).<\/p>\n","protected":false},"excerpt":{"rendered":"<p>Laboranalog passend zu Anthogyr\u00ae &#8211; Axiom\u00ae BL \/ X3 Aufbauten. Der Analog ist aus Titan Grade 5 (Ti6Al4V) gefertigt. Jeder Laboranaloge ist 12 mm lang, dadurch wird Ihnen die Nutzung erleichtert. Alle Laboranaloge sind aus einer Titanlegierung hergestellt. Nutzen Sie das attraktive Preis-Leistungs-Verh\u00e4ltnis der Heliocos Analoge, deshalb bieten wir Staffelpreise an. Im 10er Pack kostet [&hellip;]<\/p>\n","protected":false},"featured_media":32639,"template":"","meta":[],"product_brand":[],"product_cat":[1041,1042],"product_tag":[83],"class_list":{"0":"post-32633","1":"product","2":"type-product","3":"status-publish","4":"has-post-thumbnail","6":"product_cat-anthogyr","7":"product_cat-axiom-bl-x3","8":"product_tag-laboranalog","10":"first","11":"instock","12":"taxable","13":"shipping-taxable","14":"purchasable","15":"product-type-simple"},"_links":{"self":[{"href":"https:\/\/shop.heliocos.de\/de\/wp-json\/wp\/v2\/product\/32633","targetHints":{"allow":["GET"]}}],"collection":[{"href":"https:\/\/shop.heliocos.de\/de\/wp-json\/wp\/v2\/product"}],"about":[{"href":"https:\/\/shop.heliocos.de\/de\/wp-json\/wp\/v2\/types\/product"}],"wp:featuredmedia":[{"embeddable":true,"href":"https:\/\/shop.heliocos.de\/de\/wp-json\/wp\/v2\/media\/32639"}],"wp:attachment":[{"href":"https:\/\/shop.heliocos.de\/de\/wp-json\/wp\/v2\/media?parent=32633"}],"wp:term":[{"taxonomy":"product_brand","embeddable":true,"href":"https:\/\/shop.heliocos.de\/de\/wp-json\/wp\/v2\/product_brand?post=32633"},{"taxonomy":"product_cat","embeddable":true,"href":"https:\/\/shop.heliocos.de\/de\/wp-json\/wp\/v2\/product_cat?post=32633"},{"taxonomy":"product_tag","embeddable":true,"href":"https:\/\/shop.heliocos.de\/de\/wp-json\/wp\/v2\/product_tag?post=32633"}],"curies":[{"name":"wp","href":"https:\/\/api.w.org\/{rel}","templated":true}]}}