{"id":32496,"date":"2023-06-21T13:03:17","date_gmt":"2023-06-21T11:03:17","guid":{"rendered":"https:\/\/shop.heliocos.de\/?post_type=product&#038;p=32496"},"modified":"2023-12-06T12:38:02","modified_gmt":"2023-12-06T11:38:02","slug":"laboranalog-fuer-megagen-anyridge","status":"publish","type":"product","link":"https:\/\/shop.heliocos.de\/de\/produkt\/megagen\/anyridge\/laboranalog-fuer-megagen-anyridge\/","title":{"rendered":"Laboranalog f\u00fcr MegaGen\u00ae &#8211; AnyRidge\u00ae"},"content":{"rendered":"<p>Laboranalog passend zu MegaGen\u00ae &#8211; AnyRidge\u00ae Aufbauten. Der Analog ist farbcodiert, dadurch k\u00f6nnen Sie die Produkte einfacher unterscheideng und zuordnen. Jeder Laboranaloge ist 12 mm lang, dadurch wird Ihnen die Nutzung erleichtert.<\/p>\n<p>Alle Laboranaloge sind aus einer Titanlegierung hergestellt. Der Laboranalog ist passend zu Implantatdurchmessern von 3,5 &#8211; 8,0 mm.<\/p>\n<p>Nutzen Sie das attraktive Preis-Leistungs-Verh\u00e4ltnis der Heliocos Analoge, deshalb bieten wir Staffelpreise an. Im 10er Pack kostet der Laboranalog noch je 9 EUR, im 30er Pack kostet der Laboranalog noch je 8 EUR.<\/p>\n<p>Nutzen Sie die Laboranaloge passend zu MegaGen\u00ae &#8211; AnyRidge\u00ae auch f\u00fcr gedruckte Modelle. Laden Sie hierf\u00fcr unsere Bibliotheken herunter. Laden Sie die Bibliotheken f\u00fcr Ihren digitalen Workflow bei Heliocos herunter (<a href=\"https:\/\/www.heliocos.de\/medien\">Heliocos Downloads<\/a>).<\/p>\n","protected":false},"excerpt":{"rendered":"<p>Laboranalog passend zu MegaGen\u00ae &#8211; AnyRidge\u00ae Aufbauten. Der Analog ist farbcodiert, dadurch k\u00f6nnen Sie die Produkte einfacher unterscheideng und zuordnen. Jeder Laboranaloge ist 12 mm lang, dadurch wird Ihnen die Nutzung erleichtert. Alle Laboranaloge sind aus einer Titanlegierung hergestellt. Der Laboranalog ist passend zu Implantatdurchmessern von 3,5 &#8211; 8,0 mm. Nutzen Sie das attraktive Preis-Leistungs-Verh\u00e4ltnis [&hellip;]<\/p>\n","protected":false},"featured_media":32502,"template":"","meta":[],"product_brand":[],"product_cat":[1035],"product_tag":[83],"class_list":{"0":"post-32496","1":"product","2":"type-product","3":"status-publish","4":"has-post-thumbnail","6":"product_cat-anyridge","7":"product_tag-laboranalog","9":"first","10":"instock","11":"taxable","12":"shipping-taxable","13":"purchasable","14":"product-type-simple"},"_links":{"self":[{"href":"https:\/\/shop.heliocos.de\/de\/wp-json\/wp\/v2\/product\/32496","targetHints":{"allow":["GET"]}}],"collection":[{"href":"https:\/\/shop.heliocos.de\/de\/wp-json\/wp\/v2\/product"}],"about":[{"href":"https:\/\/shop.heliocos.de\/de\/wp-json\/wp\/v2\/types\/product"}],"wp:featuredmedia":[{"embeddable":true,"href":"https:\/\/shop.heliocos.de\/de\/wp-json\/wp\/v2\/media\/32502"}],"wp:attachment":[{"href":"https:\/\/shop.heliocos.de\/de\/wp-json\/wp\/v2\/media?parent=32496"}],"wp:term":[{"taxonomy":"product_brand","embeddable":true,"href":"https:\/\/shop.heliocos.de\/de\/wp-json\/wp\/v2\/product_brand?post=32496"},{"taxonomy":"product_cat","embeddable":true,"href":"https:\/\/shop.heliocos.de\/de\/wp-json\/wp\/v2\/product_cat?post=32496"},{"taxonomy":"product_tag","embeddable":true,"href":"https:\/\/shop.heliocos.de\/de\/wp-json\/wp\/v2\/product_tag?post=32496"}],"curies":[{"name":"wp","href":"https:\/\/api.w.org\/{rel}","templated":true}]}}