{"id":32290,"date":"2023-05-11T13:33:58","date_gmt":"2023-05-11T11:33:58","guid":{"rendered":"https:\/\/shop.heliocos.de\/?post_type=product&#038;p=32290"},"modified":"2025-08-26T08:48:39","modified_gmt":"2025-08-26T06:48:39","slug":"laboranalog-fuer-straumann-blx","status":"publish","type":"product","link":"https:\/\/shop.heliocos.de\/de\/produkt\/straumann\/blx\/laboranalog-fuer-straumann-blx\/","title":{"rendered":"Laboranalog f\u00fcr Straumann\u00ae \u2013 BLX"},"content":{"rendered":"<p>Laboranalog passend zu Straumann\u00ae &#8211; BLX. Die hochwertige Farbcodierung l\u00e4sst eine einfache Unterscheidung und Zuordnung zu. Jeder Laboranaloge ist 12 mm lang. Das erleichtert Ihnen die Nutzung und Sie m\u00fcssen die Analoge nicht nachtr\u00e4glich k\u00fcrzen.<\/p>\n<p>Mit einem Durchmesser\u00a0 von 3,5 mm\u00a0 (RB) bzw. 4,5 mm\u00a0 (WB) sind diese einfach anzuwenden. Sie werden aus einer Titanlegierung hergestellt.<\/p>\n<p>Nutzen Sie die attraktiven Staffelpreise der Heliocos Analoge und kaufen die Laboranaloge im 10er oder 30er Pack. Im 10er Pack kostet der Laboranalog noch je 9 EUR, im 30er Pack kostet der Laboranalog noch je 8 EUR.<\/p>\n<p>Sie erhalten die Laboranaloge unsteril. Sie k\u00f6nnen die Laboranaloge passend zu Straumann\u00ae &#8211; BLX auch f\u00fcr gedruckte Modelle einsetzen. Nutzen Sie die Bibliotheken von Heliocos f\u00fcr Ihren digitalen Workflow (<a href=\"https:\/\/www.heliocos.de\/medien\">Heliocos Downloads<\/a>).<\/p>\n","protected":false},"excerpt":{"rendered":"<p>Laboranalog passend zu Straumann\u00ae &#8211; BLX. Die hochwertige Farbcodierung l\u00e4sst eine einfache Unterscheidung und Zuordnung zu. Jeder Laboranaloge ist 12 mm lang. Das erleichtert Ihnen die Nutzung und Sie m\u00fcssen die Analoge nicht nachtr\u00e4glich k\u00fcrzen. Mit einem Durchmesser\u00a0 von 3,5 mm\u00a0 (RB) bzw. 4,5 mm\u00a0 (WB) sind diese einfach anzuwenden. Sie werden aus einer Titanlegierung [&hellip;]<\/p>\n","protected":false},"featured_media":32320,"template":"","meta":[],"product_brand":[],"product_cat":[1001],"product_tag":[1004,83,1003],"class_list":{"0":"post-32290","1":"product","2":"type-product","3":"status-publish","4":"has-post-thumbnail","6":"product_cat-blx","7":"product_tag-blx","8":"product_tag-laboranalog","9":"product_tag-straumann","11":"first","12":"instock","13":"taxable","14":"shipping-taxable","15":"purchasable","16":"product-type-variable","17":"rtwpvg-product"},"_links":{"self":[{"href":"https:\/\/shop.heliocos.de\/de\/wp-json\/wp\/v2\/product\/32290","targetHints":{"allow":["GET"]}}],"collection":[{"href":"https:\/\/shop.heliocos.de\/de\/wp-json\/wp\/v2\/product"}],"about":[{"href":"https:\/\/shop.heliocos.de\/de\/wp-json\/wp\/v2\/types\/product"}],"wp:featuredmedia":[{"embeddable":true,"href":"https:\/\/shop.heliocos.de\/de\/wp-json\/wp\/v2\/media\/32320"}],"wp:attachment":[{"href":"https:\/\/shop.heliocos.de\/de\/wp-json\/wp\/v2\/media?parent=32290"}],"wp:term":[{"taxonomy":"product_brand","embeddable":true,"href":"https:\/\/shop.heliocos.de\/de\/wp-json\/wp\/v2\/product_brand?post=32290"},{"taxonomy":"product_cat","embeddable":true,"href":"https:\/\/shop.heliocos.de\/de\/wp-json\/wp\/v2\/product_cat?post=32290"},{"taxonomy":"product_tag","embeddable":true,"href":"https:\/\/shop.heliocos.de\/de\/wp-json\/wp\/v2\/product_tag?post=32290"}],"curies":[{"name":"wp","href":"https:\/\/api.w.org\/{rel}","templated":true}]}}