{"id":28292,"date":"2021-09-25T13:11:56","date_gmt":"2021-09-25T11:11:56","guid":{"rendered":"http:\/\/shop.heliocos.de\/?post_type=product&#038;p=28292"},"modified":"2021-10-06T11:51:52","modified_gmt":"2021-10-06T09:51:52","slug":"heli-loc-abutment-fuer-zimmer-dental-tapered-screw-vent","status":"publish","type":"product","link":"https:\/\/shop.heliocos.de\/de\/produkt\/zimmer-dental\/tapered-screw-vent\/heli-loc-abutment-fuer-zimmer-dental-tapered-screw-vent\/","title":{"rendered":"Heli-Loc Abutment f\u00fcr Zimmer Dental\u00ae &#8211; Tapered Screw Vent\u00ae"},"content":{"rendered":"<p>Heli-Loc Abutment f\u00fcr herausnehmbare Deckprothesen f\u00fcr Zimmer Dental\u00ae &#8211; Tapered Screw Vent\u00ae. Sie k\u00f6nnen Teil- und Totalprothesen mit den Heli-Loc Abutments versorgen. Das Design vom Heli-Loc Abutment entspricht dem Design des Classic Locator\u00ae und dem Kerator\u00ae. Hochpr\u00e4zise Implantat&#8211;Verbindungen zeichnen die Heliocos Abutments aus. Deshalb geben wir 30 Jahre Herstellergarantie auf die Heli-Loc Abutments.<\/p>\n<p>Die Heli-Loc Abutments verf\u00fcgen \u00fcber eine sehr harte und biokompatible TiN Beschichtung, welche sich \u00fcber viele Jahre bereits bew\u00e4hrt hat. Das Deckprothesen-Abutment ist aus einer Titanlegierung hergestellt, welche ebenfalls eine hervorragende Biokompatibilit\u00e4t aufweist. Das bew\u00e4hrte Design erlaubt Ihnen den Einsatz auch bei starken Implantat-Angulation der Implantate &#8211; bis 40\u00b0 &#8211; und bei limitierten okklusalen Platzverh\u00e4ltnissen<\/p>\n<p>Sie k\u00f6nnen die Retentionselemente von Classic Locator\u00ae oder Kerator\u00ae weiterhin nutzen. Ihre bestehenden Einbringinstrumente mit Dreieck-Anschluss k\u00f6nnen Sie weiterhin verwenden oder nutzen Sie das Heliocos <a href=\"https:\/\/shop.heliocos.de\/de\/produkt\/instrumente\/eindrehinstrument-heli-loc\/\">Heli-Loc Einbringinstrument<\/a>, welches mit 18 mm L\u00e4nge sehr komfortabel eingesetzt wird. Die Heli-Loc Abutments werden in unterschiedlichen H\u00f6hen angeboten.<\/p>\n<p>Heliocos bietet Ihnen unterschiedliche Retentionselemente mit Abzugskr\u00e4ften von 0,6 kg bis 1,8 kg an. Sie k\u00f6nnen zwischen Retentionselementen mit Pin und ohne Pin ausw\u00e4hlen, so dass Sie Implantat-Angulationen bis 40\u00b0 ausgleichen k\u00f6nnen.<\/p>\n<p>Bitte beachten Sie hierzu die Anleitung von Heliocos in der Gebrauchsanweisung (<a href=\"https:\/\/www.heliocos.de\/medien\"><span style=\"text-decoration: none; text-underline: none;\">Heliocos Downloads<\/span><\/a>).<\/p>\n","protected":false},"excerpt":{"rendered":"<p>Heli-Loc Abutment f\u00fcr herausnehmbare Deckprothesen f\u00fcr Zimmer Dental\u00ae &#8211; Tapered Screw Vent\u00ae. Sie k\u00f6nnen Teil- und Totalprothesen mit den Heli-Loc Abutments versorgen. Das Design vom Heli-Loc Abutment entspricht dem Design des Classic Locator\u00ae und dem Kerator\u00ae. Hochpr\u00e4zise Implantat&#8211;Verbindungen zeichnen die Heliocos Abutments aus. Deshalb geben wir 30 Jahre Herstellergarantie auf die Heli-Loc Abutments. Die Heli-Loc [&hellip;]<\/p>\n","protected":false},"featured_media":30561,"template":"","meta":[],"product_brand":[],"product_cat":[427,44],"product_tag":[936],"class_list":{"0":"post-28292","1":"product","2":"type-product","3":"status-publish","4":"has-post-thumbnail","6":"product_cat-heli-loc","7":"product_cat-tapered-screw-vent","8":"product_tag-heli-loc","10":"first","11":"instock","12":"taxable","13":"shipping-taxable","14":"purchasable","15":"product-type-variable","16":"rtwpvg-product"},"_links":{"self":[{"href":"https:\/\/shop.heliocos.de\/de\/wp-json\/wp\/v2\/product\/28292","targetHints":{"allow":["GET"]}}],"collection":[{"href":"https:\/\/shop.heliocos.de\/de\/wp-json\/wp\/v2\/product"}],"about":[{"href":"https:\/\/shop.heliocos.de\/de\/wp-json\/wp\/v2\/types\/product"}],"wp:featuredmedia":[{"embeddable":true,"href":"https:\/\/shop.heliocos.de\/de\/wp-json\/wp\/v2\/media\/30561"}],"wp:attachment":[{"href":"https:\/\/shop.heliocos.de\/de\/wp-json\/wp\/v2\/media?parent=28292"}],"wp:term":[{"taxonomy":"product_brand","embeddable":true,"href":"https:\/\/shop.heliocos.de\/de\/wp-json\/wp\/v2\/product_brand?post=28292"},{"taxonomy":"product_cat","embeddable":true,"href":"https:\/\/shop.heliocos.de\/de\/wp-json\/wp\/v2\/product_cat?post=28292"},{"taxonomy":"product_tag","embeddable":true,"href":"https:\/\/shop.heliocos.de\/de\/wp-json\/wp\/v2\/product_tag?post=28292"}],"curies":[{"name":"wp","href":"https:\/\/api.w.org\/{rel}","templated":true}]}}