{"id":27211,"date":"2021-03-03T15:38:47","date_gmt":"2021-03-03T14:38:47","guid":{"rendered":"http:\/\/shop.heliocos.de\/?post_type=product&#038;p=27211"},"modified":"2021-04-19T16:14:55","modified_gmt":"2021-04-19T14:14:55","slug":"pre-mill-abutment-fuer-astra-tech-ev","status":"publish","type":"product","link":"https:\/\/shop.heliocos.de\/de\/produkt\/dentsply\/astra-tech-ev\/pre-mill-abutment-fuer-astra-tech-ev\/","title":{"rendered":"Pre-Mill Abutment f\u00fcr Astra Tech\u00ae EV\u2122"},"content":{"rendered":"<p>Vorgefr\u00e4stes Abutment f\u00fcr Dentsply\u00ae &#8211; Astra Tech\u00ae EV\u2122 Implantate f\u00fcr die Herstellung von individuellen Abutments. Sie k\u00f6nnen zwischen unterschiedlichen Durchmessern w\u00e4hlen.<\/p>\n<p>Nutzen Sie den <a href=\"https:\/\/shop.heliocos.de\/de\/produkt\/dentsply\/astra-tech-ev\/scanbody-astra-tech-ev\/\">Scanbody<\/a> von Heliocos, um die Vorteile der CAD\/CAM Prozesskette maximal auszunutzen.<\/p>\n<p>Das Sekund\u00e4rteil ist aus einer Titanlegierung hergestellt. Dadurch sind eine hervorragende Biokompatibilit\u00e4t und eine hohe Festigkeit gew\u00e4hrleistet.<\/p>\n<p>Sie erhalten die Pre-Mill Abutments mit einer definitiven Abutmentschraube. Die Abutmentschraube ist ebenfalls aus einer Titanlegierung gefertigt. Nutzen Sie weiterhin Ihre originalen Instrumente oder Instrumente von Heliocos (<a href=\"https:\/\/shop.heliocos.de\/de\/produkt\/instrumente\/eindrehinstrument-hex\/\">Eindrehinstrument)<\/a>. Pre-Mill Abutment und Abutmentschraube werden als Set ausgeliefert. Bereiten Sie die Teile vor dem Einsatz auf. Bitte beachten Sie hierzu die Anleitung von Heliocos in der Gebrauchsanweisung (<a href=\"https:\/\/www.heliocos.de\/medien\">Heliocos Downloads<\/a>).<\/p>\n<p>Die Pre-Mill Fr\u00e4srohlinge erfordern produktspezifische CAM-Bibliotheken. Bitte pr\u00fcfen Sie, ob Ihr CAM-Lieferant unsere Bibliotheken bereitstellt.<\/p>\n","protected":false},"excerpt":{"rendered":"<p>Vorgefr\u00e4stes Abutment f\u00fcr Dentsply\u00ae &#8211; Astra Tech\u00ae EV\u2122 Implantate f\u00fcr die Herstellung von individuellen Abutments. Sie k\u00f6nnen zwischen unterschiedlichen Durchmessern w\u00e4hlen. Nutzen Sie den Scanbody von Heliocos, um die Vorteile der CAD\/CAM Prozesskette maximal auszunutzen. Das Sekund\u00e4rteil ist aus einer Titanlegierung hergestellt. Dadurch sind eine hervorragende Biokompatibilit\u00e4t und eine hohe Festigkeit gew\u00e4hrleistet. Sie erhalten die [&hellip;]<\/p>\n","protected":false},"featured_media":27216,"template":"","meta":[],"product_brand":[],"product_cat":[41],"product_tag":[664],"class_list":{"0":"post-27211","1":"product","2":"type-product","3":"status-publish","4":"has-post-thumbnail","6":"product_cat-astra-tech-ev","7":"product_tag-pre-mill-abutment","9":"first","10":"instock","11":"taxable","12":"shipping-taxable","13":"purchasable","14":"product-type-variable","15":"rtwpvg-product"},"_links":{"self":[{"href":"https:\/\/shop.heliocos.de\/de\/wp-json\/wp\/v2\/product\/27211","targetHints":{"allow":["GET"]}}],"collection":[{"href":"https:\/\/shop.heliocos.de\/de\/wp-json\/wp\/v2\/product"}],"about":[{"href":"https:\/\/shop.heliocos.de\/de\/wp-json\/wp\/v2\/types\/product"}],"wp:featuredmedia":[{"embeddable":true,"href":"https:\/\/shop.heliocos.de\/de\/wp-json\/wp\/v2\/media\/27216"}],"wp:attachment":[{"href":"https:\/\/shop.heliocos.de\/de\/wp-json\/wp\/v2\/media?parent=27211"}],"wp:term":[{"taxonomy":"product_brand","embeddable":true,"href":"https:\/\/shop.heliocos.de\/de\/wp-json\/wp\/v2\/product_brand?post=27211"},{"taxonomy":"product_cat","embeddable":true,"href":"https:\/\/shop.heliocos.de\/de\/wp-json\/wp\/v2\/product_cat?post=27211"},{"taxonomy":"product_tag","embeddable":true,"href":"https:\/\/shop.heliocos.de\/de\/wp-json\/wp\/v2\/product_tag?post=27211"}],"curies":[{"name":"wp","href":"https:\/\/api.w.org\/{rel}","templated":true}]}}