{"id":27088,"date":"2021-03-03T13:03:40","date_gmt":"2021-03-03T12:03:40","guid":{"rendered":"http:\/\/shop.heliocos.de\/?post_type=product&#038;p=27088"},"modified":"2025-11-20T14:47:57","modified_gmt":"2025-11-20T13:47:57","slug":"pre-mill-abutment-fuer-straumann-bone-level","status":"publish","type":"product","link":"https:\/\/shop.heliocos.de\/de\/produkt\/straumann\/bone-level\/pre-mill-abutment-fuer-straumann-bone-level\/","title":{"rendered":"Pre-Mill Abutment f\u00fcr Straumann\u00ae &#8211; Bone Level"},"content":{"rendered":"<p>Vorgefr\u00e4stes Abutment f\u00fcr Straumann\u00ae &#8211; Bone Level Implantate f\u00fcr die Herstellung von individuellen Abutments. Sie k\u00f6nnen zwischen unterschiedlichen Durchmessern w\u00e4hlen.<\/p>\n<p>Nutzen Sie den <a href=\"https:\/\/shop.heliocos.de\/produkt\/straumann\/bone-level\/scanbody\/\">Scanbody<\/a> von Heliocos, um die Vorteile der CAD\/CAM Prozesskette maximal auszunutzen.<\/p>\n<p>Das Sekund\u00e4rteil ist aus einer Titanlegierung hergestellt. Dadurch sind eine hervorragende Biokompatibilit\u00e4t und eine hohe Festigkeit gew\u00e4hrleistet.<\/p>\n<p>Sie erhalten die Pre-Mill Abutments mit einer definitiven Abutmentschraube. Die Abutmentschraube ist ebenfalls aus einer Titanlegierung gefertigt. Nutzen Sie weiterhin Ihre originalen Instrumente oder Instrumente von Heliocos (<a href=\"https:\/\/shop.heliocos.de\/de\/produkt\/instrumente\/straumann-instrumente\/eindrehinstrument-torx\/\">Eindrehinstrument Torx\u00ae)<\/a>. Pre-Mill Abutment und Abutmentschraube werden als Set ausgeliefert. Bereiten Sie die Teile vor dem Einsatz auf. Bitte beachten Sie hierzu die Anleitung von Heliocos in der Gebrauchsanweisung (<a href=\"https:\/\/www.heliocos.de\/medien\">Heliocos Downloads<\/a>).<\/p>\n<p>Die Pre-Mill Fr\u00e4srohlinge erfordern produktspezifische CAM-Bibliotheken. Bitte pr\u00fcfen Sie, ob Ihr CAM-Lieferant unsere Bibliotheken bereitstellt.<\/p>\n","protected":false},"excerpt":{"rendered":"<p>Vorgefr\u00e4stes Abutment f\u00fcr Straumann\u00ae &#8211; Bone Level Implantate f\u00fcr die Herstellung von individuellen Abutments. Sie k\u00f6nnen zwischen unterschiedlichen Durchmessern w\u00e4hlen. Nutzen Sie den Scanbody von Heliocos, um die Vorteile der CAD\/CAM Prozesskette maximal auszunutzen. Das Sekund\u00e4rteil ist aus einer Titanlegierung hergestellt. Dadurch sind eine hervorragende Biokompatibilit\u00e4t und eine hohe Festigkeit gew\u00e4hrleistet. Sie erhalten die Pre-Mill [&hellip;]<\/p>\n","protected":false},"featured_media":27097,"template":"","meta":[],"product_brand":[],"product_cat":[20],"product_tag":[664],"class_list":{"0":"post-27088","1":"product","2":"type-product","3":"status-publish","4":"has-post-thumbnail","6":"product_cat-bone-level","7":"product_tag-pre-mill-abutment","9":"first","10":"instock","11":"taxable","12":"shipping-taxable","13":"purchasable","14":"product-type-variable","15":"rtwpvg-product"},"_links":{"self":[{"href":"https:\/\/shop.heliocos.de\/de\/wp-json\/wp\/v2\/product\/27088","targetHints":{"allow":["GET"]}}],"collection":[{"href":"https:\/\/shop.heliocos.de\/de\/wp-json\/wp\/v2\/product"}],"about":[{"href":"https:\/\/shop.heliocos.de\/de\/wp-json\/wp\/v2\/types\/product"}],"wp:featuredmedia":[{"embeddable":true,"href":"https:\/\/shop.heliocos.de\/de\/wp-json\/wp\/v2\/media\/27097"}],"wp:attachment":[{"href":"https:\/\/shop.heliocos.de\/de\/wp-json\/wp\/v2\/media?parent=27088"}],"wp:term":[{"taxonomy":"product_brand","embeddable":true,"href":"https:\/\/shop.heliocos.de\/de\/wp-json\/wp\/v2\/product_brand?post=27088"},{"taxonomy":"product_cat","embeddable":true,"href":"https:\/\/shop.heliocos.de\/de\/wp-json\/wp\/v2\/product_cat?post=27088"},{"taxonomy":"product_tag","embeddable":true,"href":"https:\/\/shop.heliocos.de\/de\/wp-json\/wp\/v2\/product_tag?post=27088"}],"curies":[{"name":"wp","href":"https:\/\/api.w.org\/{rel}","templated":true}]}}