{"id":26177,"date":"2020-10-06T12:04:24","date_gmt":"2020-10-06T10:04:24","guid":{"rendered":"http:\/\/shop.heliocos.de\/?post_type=product&#038;p=26177"},"modified":"2021-04-19T10:29:32","modified_gmt":"2021-04-19T08:29:32","slug":"scanbody-multi-unit","status":"publish","type":"product","link":"https:\/\/shop.heliocos.de\/de\/produkt\/multi-unit\/scanbody-multi-unit\/","title":{"rendered":"Scanbody Multi-Unit"},"content":{"rendered":"<p>Multi-Unit Scanbody inklusive Schraube f\u00fcr Multi-Unit Abutments. Die Multi-Unit Schrauben sind mit unterschiedlichen Instrumentenanschl\u00fcssen verf\u00fcgbar<\/p>\n<p>Hex 1,01 = Ankylos\u00ae Schrauber<\/p>\n<p>Hex 1,22 = Xive\u00ae S Schrauber<\/p>\n<p>Hex 1,26 = Zimmer\u00ae, Camlog\u00ae, Astra Tech\u00ae Schrauber<\/p>\n<p>Torx\u00ae T6 = Straumann\u00ae Schrauber<\/p>\n<p>Unigrip = Nobel Biocare\u00ae Schrauber.<\/p>\n<p>Der Scanbody ist aus Titan Grade 4 gefertigt und verf\u00fcgt \u00fcber eine spezielle Anodisierung.<\/p>\n<p>Sie k\u00f6nnen den Scank\u00f6rper beliebig oft aufbereiten. Sie erhalten den Scanbody unsteril. Beachten Sie bitte die Anleitung von Heliocos in der Gebrauchsanweisung (<a href=\"https:\/\/www.heliocos.de\/medien\">Heliocos Downloads<\/a>).<\/p>\n<p>Sie erhalten den Scanbody mit einer definitiven Abutmentschraube, die ebenfalls aus einer Titanlegierung gefertigt. Nutzen Sie weiterhin Ihre originalen Instrumente oder Instrumente von Heliocos (<a href=\"https:\/\/shop.heliocos.de\/de\/implantatmarken\/instrumente\/\">Eindrehinstrument<\/a>).<\/p>\n<p>Bitte beachten Sie die Verf\u00fcgbarkeit der Heliocos Bibliotheken in der CAD\/CAM Prozesskette. Sie k\u00f6nnen die Bibliotheken auf der Internetseite von Heliocos herunterladen (<a href=\"https:\/\/www.heliocos.de\/medien\">Heliocos Downloads<\/a>). Informieren Sie sich in unserem Blogbeitrag \u00fcber die verf\u00fcgbaren Bibliotheken und Anforderungen an die CAD\/CAM Prozesskette\u00a0<a href=\"https:\/\/www.heliocos.de\/blog\">(Heliocos Blog<\/a>).<\/p>\n","protected":false},"excerpt":{"rendered":"<p>Multi-Unit Scanbody inklusive Schraube f\u00fcr Multi-Unit Abutments. Die Multi-Unit Schrauben sind mit unterschiedlichen Instrumentenanschl\u00fcssen verf\u00fcgbar Hex 1,01 = Ankylos\u00ae Schrauber Hex 1,22 = Xive\u00ae S Schrauber Hex 1,26 = Zimmer\u00ae, Camlog\u00ae, Astra Tech\u00ae Schrauber Torx\u00ae T6 = Straumann\u00ae Schrauber Unigrip = Nobel Biocare\u00ae Schrauber. Der Scanbody ist aus Titan Grade 4 gefertigt und verf\u00fcgt \u00fcber [&hellip;]<\/p>\n","protected":false},"featured_media":24905,"template":"","meta":[],"product_brand":[],"product_cat":[428],"product_tag":[556],"class_list":{"0":"post-26177","1":"product","2":"type-product","3":"status-publish","4":"has-post-thumbnail","6":"product_cat-multi-unit","7":"product_tag-multi-unit","9":"first","10":"instock","11":"taxable","12":"shipping-taxable","13":"purchasable","14":"product-type-variable","15":"rtwpvg-product"},"_links":{"self":[{"href":"https:\/\/shop.heliocos.de\/de\/wp-json\/wp\/v2\/product\/26177","targetHints":{"allow":["GET"]}}],"collection":[{"href":"https:\/\/shop.heliocos.de\/de\/wp-json\/wp\/v2\/product"}],"about":[{"href":"https:\/\/shop.heliocos.de\/de\/wp-json\/wp\/v2\/types\/product"}],"wp:featuredmedia":[{"embeddable":true,"href":"https:\/\/shop.heliocos.de\/de\/wp-json\/wp\/v2\/media\/24905"}],"wp:attachment":[{"href":"https:\/\/shop.heliocos.de\/de\/wp-json\/wp\/v2\/media?parent=26177"}],"wp:term":[{"taxonomy":"product_brand","embeddable":true,"href":"https:\/\/shop.heliocos.de\/de\/wp-json\/wp\/v2\/product_brand?post=26177"},{"taxonomy":"product_cat","embeddable":true,"href":"https:\/\/shop.heliocos.de\/de\/wp-json\/wp\/v2\/product_cat?post=26177"},{"taxonomy":"product_tag","embeddable":true,"href":"https:\/\/shop.heliocos.de\/de\/wp-json\/wp\/v2\/product_tag?post=26177"}],"curies":[{"name":"wp","href":"https:\/\/api.w.org\/{rel}","templated":true}]}}