{"id":26156,"date":"2020-09-30T11:45:03","date_gmt":"2020-09-30T09:45:03","guid":{"rendered":"http:\/\/shop.heliocos.de\/?post_type=product&#038;p=26156"},"modified":"2020-12-15T11:24:48","modified_gmt":"2020-12-15T10:24:48","slug":"titanbasis-nobel-replace","status":"publish","type":"product","link":"https:\/\/shop.heliocos.de\/de\/produkt\/nobel-biocare\/nobel-replace-tapered-nobel-biocare\/titanbasis-nobel-replace\/","title":{"rendered":"Titanbasis f\u00fcr Nobel Biocare\u00ae &#8211; Replace"},"content":{"rendered":"<p>Titanbasis passend zu Nobel Biocare\u00ae Implantate mit Dreikanal-Innenverbindung. Nutzen Sie die Titan-Klebebasis f\u00fcr zementierbare Kronen.<\/p>\n<p>Das Sekund\u00e4rteil ist aus einer Titanlegierung hergestellt. Dadurch sind eine hervorragende Biokompatibilit\u00e4t und eine hohe Festigkeit gew\u00e4hrleistet. Heliocos Titanbasen besitzen eine hervorragende Dauerschwingfestigkeit, wodurch eine langlebige Versorgung erreicht wird. Deshalb geben wir 30 Jahre Herstellergarantie auf die Heliocos Titanbasen.<\/p>\n<p>Sie erhalten die Titanbasen mit einer definitiven Abutmentschraube. Die Abutmentschraube ist ebenfalls aus einer Titanlegierung gefertigt. Nutzen Sie weiterhin Ihre originalen Instrumente oder Instrumente von Heliocos (\u00a0<a href=\"http:\/\/shop.heliocos.de\/produkt\/instrumente\/eindrehinstrument-unigrip\/\">Eindrehinstrument UniGrip<\/a> ). Titanbasis und Abutmentschraube werden als Set ausgeliefert. Bereiten Sie die Teile vor dem Einsatz auf. Bitte beachten Sie hierzu die Anleitung von Heliocos in der Gebrauchsanweisung (<a href=\"https:\/\/www.heliocos.de\/medien\">Heliocos Downloads<\/a>).<\/p>\n","protected":false},"excerpt":{"rendered":"<p>Titanbasis passend zu Nobel Biocare\u00ae Implantate mit Dreikanal-Innenverbindung. Nutzen Sie die Titan-Klebebasis f\u00fcr zementierbare Kronen. Das Sekund\u00e4rteil ist aus einer Titanlegierung hergestellt. Dadurch sind eine hervorragende Biokompatibilit\u00e4t und eine hohe Festigkeit gew\u00e4hrleistet. Heliocos Titanbasen besitzen eine hervorragende Dauerschwingfestigkeit, wodurch eine langlebige Versorgung erreicht wird. Deshalb geben wir 30 Jahre Herstellergarantie auf die Heliocos Titanbasen. Sie [&hellip;]<\/p>\n","protected":false},"featured_media":26168,"template":"","meta":[],"product_brand":[],"product_cat":[102],"product_tag":[84],"class_list":{"0":"post-26156","1":"product","2":"type-product","3":"status-publish","4":"has-post-thumbnail","6":"product_cat-nobel-replace-tapered-nobel-biocare","7":"product_tag-titanbasis","9":"first","10":"instock","11":"taxable","12":"shipping-taxable","13":"purchasable","14":"product-type-variable","15":"rtwpvg-product"},"_links":{"self":[{"href":"https:\/\/shop.heliocos.de\/de\/wp-json\/wp\/v2\/product\/26156","targetHints":{"allow":["GET"]}}],"collection":[{"href":"https:\/\/shop.heliocos.de\/de\/wp-json\/wp\/v2\/product"}],"about":[{"href":"https:\/\/shop.heliocos.de\/de\/wp-json\/wp\/v2\/types\/product"}],"wp:featuredmedia":[{"embeddable":true,"href":"https:\/\/shop.heliocos.de\/de\/wp-json\/wp\/v2\/media\/26168"}],"wp:attachment":[{"href":"https:\/\/shop.heliocos.de\/de\/wp-json\/wp\/v2\/media?parent=26156"}],"wp:term":[{"taxonomy":"product_brand","embeddable":true,"href":"https:\/\/shop.heliocos.de\/de\/wp-json\/wp\/v2\/product_brand?post=26156"},{"taxonomy":"product_cat","embeddable":true,"href":"https:\/\/shop.heliocos.de\/de\/wp-json\/wp\/v2\/product_cat?post=26156"},{"taxonomy":"product_tag","embeddable":true,"href":"https:\/\/shop.heliocos.de\/de\/wp-json\/wp\/v2\/product_tag?post=26156"}],"curies":[{"name":"wp","href":"https:\/\/api.w.org\/{rel}","templated":true}]}}