{"id":25608,"date":"2020-09-22T12:16:25","date_gmt":"2020-09-22T10:16:25","guid":{"rendered":"http:\/\/shop.heliocos.de\/?post_type=product&#038;p=25608"},"modified":"2021-04-19T10:28:36","modified_gmt":"2021-04-19T08:28:36","slug":"abformpfosten-multi-unit","status":"publish","type":"product","link":"https:\/\/shop.heliocos.de\/de\/produkt\/multi-unit\/abformpfosten-multi-unit\/","title":{"rendered":"Abformpfosten Multi-Unit"},"content":{"rendered":"<p>Abformpfosten f\u00fcr die offene Abformung auf Multi-Unit Abutments. Der Abformpfosten und die Schraube sind aus einer Titanlegierung hergestellt. Die Schraube f\u00fcr den Abformpfosten ist mit unterschiedlichen Instrumentenanschl\u00fcssen verf\u00fcgbar<\/p>\n<p>Hex 1,01 = Ankylos\u00ae Schrauber<\/p>\n<p>Hex 1,22 = Xive\u00ae S Schrauber<\/p>\n<p>Hex 1,26 = Zimmer\u00ae, Camlog\u00ae, Astra Tech\u00ae Schrauber<\/p>\n<p>Torx\u00ae T6 = Straumann\u00ae Schrauber<\/p>\n<p>Unigrip = Nobel Biocare\u00ae Schrauber.<\/p>\n<p>Sie erhalten die Abformpfosten als Set mit einer Schraube. Bei Bedarf k\u00f6nnen Sie den Abformpfosten beliebig oft aufbereiten. Sie erhalten den Abformpfosten unsteril, deshalb sollten Sie die Anleitung zum Aufbereiten von Heliocos in der Gebrauchsanweisung (<a href=\"https:\/\/www.heliocos.de\/medien\">Heliocos Downloads<\/a>) beachten.<\/p>\n","protected":false},"excerpt":{"rendered":"<p>Abformpfosten f\u00fcr die offene Abformung auf Multi-Unit Abutments. Der Abformpfosten und die Schraube sind aus einer Titanlegierung hergestellt. Die Schraube f\u00fcr den Abformpfosten ist mit unterschiedlichen Instrumentenanschl\u00fcssen verf\u00fcgbar Hex 1,01 = Ankylos\u00ae Schrauber Hex 1,22 = Xive\u00ae S Schrauber Hex 1,26 = Zimmer\u00ae, Camlog\u00ae, Astra Tech\u00ae Schrauber Torx\u00ae T6 = Straumann\u00ae Schrauber Unigrip = Nobel [&hellip;]<\/p>\n","protected":false},"featured_media":24949,"template":"","meta":[],"product_brand":[],"product_cat":[428],"product_tag":[556,267],"class_list":{"0":"post-25608","1":"product","2":"type-product","3":"status-publish","4":"has-post-thumbnail","6":"product_cat-multi-unit","7":"product_tag-multi-unit","8":"product_tag-multi-unit-abutment","10":"first","11":"instock","12":"taxable","13":"shipping-taxable","14":"purchasable","15":"product-type-variable","16":"rtwpvg-product"},"_links":{"self":[{"href":"https:\/\/shop.heliocos.de\/de\/wp-json\/wp\/v2\/product\/25608","targetHints":{"allow":["GET"]}}],"collection":[{"href":"https:\/\/shop.heliocos.de\/de\/wp-json\/wp\/v2\/product"}],"about":[{"href":"https:\/\/shop.heliocos.de\/de\/wp-json\/wp\/v2\/types\/product"}],"wp:featuredmedia":[{"embeddable":true,"href":"https:\/\/shop.heliocos.de\/de\/wp-json\/wp\/v2\/media\/24949"}],"wp:attachment":[{"href":"https:\/\/shop.heliocos.de\/de\/wp-json\/wp\/v2\/media?parent=25608"}],"wp:term":[{"taxonomy":"product_brand","embeddable":true,"href":"https:\/\/shop.heliocos.de\/de\/wp-json\/wp\/v2\/product_brand?post=25608"},{"taxonomy":"product_cat","embeddable":true,"href":"https:\/\/shop.heliocos.de\/de\/wp-json\/wp\/v2\/product_cat?post=25608"},{"taxonomy":"product_tag","embeddable":true,"href":"https:\/\/shop.heliocos.de\/de\/wp-json\/wp\/v2\/product_tag?post=25608"}],"curies":[{"name":"wp","href":"https:\/\/api.w.org\/{rel}","templated":true}]}}