{"id":24848,"date":"2020-08-13T15:15:57","date_gmt":"2020-08-13T13:15:57","guid":{"rendered":"http:\/\/shop.heliocos.de\/?post_type=product&#038;p=24848"},"modified":"2021-04-20T08:50:41","modified_gmt":"2021-04-20T06:50:41","slug":"titanbasis-multi-unit","status":"publish","type":"product","link":"https:\/\/shop.heliocos.de\/de\/produkt\/multi-unit\/titanbasis-multi-unit\/","title":{"rendered":"Titanbasis Multi-Unit"},"content":{"rendered":"<p>Multi-Unit Titanbasis inklusive Schraube f\u00fcr Multi-Unit Abutments. Die Multi-Unit Schrauben sind mit unterschiedlichen Instrumentenanschl\u00fcssen verf\u00fcgbar:<\/p>\n<p>Hex 1,01 = Ankylos\u00ae Schrauber<\/p>\n<p>Hex 1,22 = Xive\u00ae S Schrauber<\/p>\n<p>Hex 1,26 = Zimmer\u00ae, Camlog\u00ae, Astra Tech\u00ae Schrauber<\/p>\n<p>Torx\u00ae T6 = Straumann\u00ae Schrauber<\/p>\n<p>Unigrip = Nobel Biocare\u00ae Schrauber.<\/p>\n<p>Die Multi-Unit Titanbasis ist f\u00fcr alle Multi-Unit Abutments von Heliocos geeignet und kann somit Implantathersteller-\u00fcbergreifend eingesetzt werden. Die Titanbasis ist aus einer Titanlegierung hergestellt. Dadurch bestehet eine hervorragende Biokompatibilit\u00e4t. Das Produkt ist in der Multi-Unit Bibliothek enthalten. Nutzen Sie hierf\u00fcr den <a href=\"https:\/\/shop.heliocos.de\/de\/produkt\/multi-unit\/scanbody-multi-unit\/\">Scanbody Multi-Unit<\/a>.<\/p>\n<p>Nutzen Sie weiterhin Ihre originalen Instrumente oder Instrumente von Heliocos (\u00a0Eindrehinstrument\u00a0). Titanbasis und Abutmentschraube werden als Set ausgeliefert. Bereiten Sie die Teile vor dem Einsatz auf. Bitte beachten Sie hierzu die Anleitung von Heliocos in der Gebrauchsanweisung (<a href=\"https:\/\/www.heliocos.de\/medien\">Heliocos Downloads<\/a>).<\/p>\n","protected":false},"excerpt":{"rendered":"<p>Multi-Unit Titanbasis inklusive Schraube f\u00fcr Multi-Unit Abutments. Die Multi-Unit Schrauben sind mit unterschiedlichen Instrumentenanschl\u00fcssen verf\u00fcgbar: Hex 1,01 = Ankylos\u00ae Schrauber Hex 1,22 = Xive\u00ae S Schrauber Hex 1,26 = Zimmer\u00ae, Camlog\u00ae, Astra Tech\u00ae Schrauber Torx\u00ae T6 = Straumann\u00ae Schrauber Unigrip = Nobel Biocare\u00ae Schrauber. Die Multi-Unit Titanbasis ist f\u00fcr alle Multi-Unit Abutments von Heliocos geeignet [&hellip;]<\/p>\n","protected":false},"featured_media":24901,"template":"","meta":[],"product_brand":[],"product_cat":[428],"product_tag":[556,84],"class_list":{"0":"post-24848","1":"product","2":"type-product","3":"status-publish","4":"has-post-thumbnail","6":"product_cat-multi-unit","7":"product_tag-multi-unit","8":"product_tag-titanbasis","10":"first","11":"instock","12":"taxable","13":"shipping-taxable","14":"purchasable","15":"product-type-variable","16":"rtwpvg-product"},"_links":{"self":[{"href":"https:\/\/shop.heliocos.de\/de\/wp-json\/wp\/v2\/product\/24848","targetHints":{"allow":["GET"]}}],"collection":[{"href":"https:\/\/shop.heliocos.de\/de\/wp-json\/wp\/v2\/product"}],"about":[{"href":"https:\/\/shop.heliocos.de\/de\/wp-json\/wp\/v2\/types\/product"}],"wp:featuredmedia":[{"embeddable":true,"href":"https:\/\/shop.heliocos.de\/de\/wp-json\/wp\/v2\/media\/24901"}],"wp:attachment":[{"href":"https:\/\/shop.heliocos.de\/de\/wp-json\/wp\/v2\/media?parent=24848"}],"wp:term":[{"taxonomy":"product_brand","embeddable":true,"href":"https:\/\/shop.heliocos.de\/de\/wp-json\/wp\/v2\/product_brand?post=24848"},{"taxonomy":"product_cat","embeddable":true,"href":"https:\/\/shop.heliocos.de\/de\/wp-json\/wp\/v2\/product_cat?post=24848"},{"taxonomy":"product_tag","embeddable":true,"href":"https:\/\/shop.heliocos.de\/de\/wp-json\/wp\/v2\/product_tag?post=24848"}],"curies":[{"name":"wp","href":"https:\/\/api.w.org\/{rel}","templated":true}]}}