{"id":24802,"date":"2020-08-11T14:45:17","date_gmt":"2020-08-11T12:45:17","guid":{"rendered":"http:\/\/shop.heliocos.de\/?post_type=product&#038;p=24802"},"modified":"2024-09-24T09:49:59","modified_gmt":"2024-09-24T07:49:59","slug":"gingivaformer-dentsply-ankylos","status":"publish","type":"product","link":"https:\/\/shop.heliocos.de\/de\/produkt\/dentsply\/ankylos\/gingivaformer-dentsply-ankylos\/","title":{"rendered":"Gingivaformer f\u00fcr Ankylos\u00ae"},"content":{"rendered":"<p>Gingivaformer passend f\u00fcr Dentsply\u00ae &#8211; Ankylos\u00ae Implantate. Die Gingivaformer besitzen eine konische Form. Damit Sie die Produkte einfach unterscheiden k\u00f6nnen, sind diese am oberen Ende lasermarkiert. Die Lasermarkierung gibt Ihnen eine Information zum Implantatsystem, der Plattform und der Gingivah\u00f6he. Sie k\u00f6nnen aus unterschiedlichen Gingivah\u00f6hen ausw\u00e4hlen, je nach Situation des Patienten.<\/p>\n<p>Die Gingivaformer sind aus einer Titanlegierung hergestellt. Deshalb besitzen sie eine hervorragende Biokompatibilit\u00e4t.<\/p>\n<p>Drehen Sie die Teile nur handfest an. Falls Sie dennoch ein Instrument nutzen m\u00f6chten, k\u00f6nnen Sie die Originalinstrumente verwenden. Andernfalls nutzen Sie einfach die Instrumente von Heliocos\u00a0<a href=\"http:\/\/shop.heliocos.de\/produkt\/instrumente\/eindrehinstrument-hex\/\">Eindrehinstrument Hex<\/a>.<\/p>\n<p>Die Gingivaformer werden unsteril ausgeliefert, deshalb m\u00fcssen diese noch aufbereitet werden. Bitte beachten Sie hierzu die Anleitung von Heliocos in der Gebrauchsanweisung (<a href=\"https:\/\/www.heliocos.de\/medien\">Heliocos Downloads<\/a>).<\/p>\n","protected":false},"excerpt":{"rendered":"<p>Gingivaformer passend f\u00fcr Dentsply\u00ae &#8211; Ankylos\u00ae Implantate. Die Gingivaformer besitzen eine konische Form. Damit Sie die Produkte einfach unterscheiden k\u00f6nnen, sind diese am oberen Ende lasermarkiert. Die Lasermarkierung gibt Ihnen eine Information zum Implantatsystem, der Plattform und der Gingivah\u00f6he. Sie k\u00f6nnen aus unterschiedlichen Gingivah\u00f6hen ausw\u00e4hlen, je nach Situation des Patienten. Die Gingivaformer sind aus einer [&hellip;]<\/p>\n","protected":false},"featured_media":24811,"template":"","meta":[],"product_brand":[],"product_cat":[39],"product_tag":[157],"class_list":{"0":"post-24802","1":"product","2":"type-product","3":"status-publish","4":"has-post-thumbnail","6":"product_cat-ankylos","7":"product_tag-gingivaformer","9":"first","10":"instock","11":"taxable","12":"shipping-taxable","13":"purchasable","14":"product-type-variable","15":"rtwpvg-product"},"_links":{"self":[{"href":"https:\/\/shop.heliocos.de\/de\/wp-json\/wp\/v2\/product\/24802","targetHints":{"allow":["GET"]}}],"collection":[{"href":"https:\/\/shop.heliocos.de\/de\/wp-json\/wp\/v2\/product"}],"about":[{"href":"https:\/\/shop.heliocos.de\/de\/wp-json\/wp\/v2\/types\/product"}],"wp:featuredmedia":[{"embeddable":true,"href":"https:\/\/shop.heliocos.de\/de\/wp-json\/wp\/v2\/media\/24811"}],"wp:attachment":[{"href":"https:\/\/shop.heliocos.de\/de\/wp-json\/wp\/v2\/media?parent=24802"}],"wp:term":[{"taxonomy":"product_brand","embeddable":true,"href":"https:\/\/shop.heliocos.de\/de\/wp-json\/wp\/v2\/product_brand?post=24802"},{"taxonomy":"product_cat","embeddable":true,"href":"https:\/\/shop.heliocos.de\/de\/wp-json\/wp\/v2\/product_cat?post=24802"},{"taxonomy":"product_tag","embeddable":true,"href":"https:\/\/shop.heliocos.de\/de\/wp-json\/wp\/v2\/product_tag?post=24802"}],"curies":[{"name":"wp","href":"https:\/\/api.w.org\/{rel}","templated":true}]}}