{"id":21467,"date":"2020-07-03T16:35:31","date_gmt":"2020-07-03T14:35:31","guid":{"rendered":"http:\/\/shop.heliocos.de\/?post_type=product&#038;p=21467"},"modified":"2021-02-04T11:18:56","modified_gmt":"2021-02-04T10:18:56","slug":"gingivaformer-zimmer","status":"publish","type":"product","link":"https:\/\/shop.heliocos.de\/de\/produkt\/zimmer-dental\/tapered-screw-vent\/gingivaformer-zimmer\/","title":{"rendered":"Gingivaformer f\u00fcr Zimmer Dental\u00ae"},"content":{"rendered":"<p>Gingivaformer f\u00fcr Zimmer Dental\u00ae &#8211; Tapered Screw Vent\u00ae Implantate. Die Gingivaformer besitzen eine zylindrische Form. Damit Sie die Produkte einfach unterscheiden k\u00f6nnen, sind diese am oberen Ende lasermarkiert. Die Lasermarkierung gibt Ihnen eine Information zum Implantatsystem, der Plattform und der Gingivah\u00f6he. Sie k\u00f6nnen aus unterschiedlichen Gingivah\u00f6hen ausw\u00e4hlen, je nach Situation des Patienten.<\/p>\n<p>Die Gingivaformer sind aus einer Titanlegierung gefertigt. Deshalb besitzen sie eine hervorragende Biokompatibilit\u00e4t.<\/p>\n<p>Drehen Sie die Teile nur handfest an. Falls Sie dennoch ein Instrument nutzen m\u00f6chten, k\u00f6nnen Sie die Originalinstrumente verwenden. Andernfalls nutzen Sie einfach die Instrumente von Heliocos\u00a0<a href=\"http:\/\/shop.heliocos.de\/produkt\/instrumente\/eindrehinstrument-hex\/\">Eindrehinstrument Hex<\/a>.<\/p>\n<p>Die Gingivaformer werden unsteril ausgeliefert, deshalb m\u00fcssen diese noch aufbereitet werden. Bitte beachten Sie hierzu die Anleitung von Heliocos in der Gebrauchsanweisung (<a href=\"https:\/\/www.heliocos.de\/medien\">Heliocos Downloads<\/a>).<\/p>\n","protected":false},"excerpt":{"rendered":"<p>Gingivaformer f\u00fcr Zimmer Dental\u00ae &#8211; Tapered Screw Vent\u00ae Implantate. Die Gingivaformer besitzen eine zylindrische Form. Damit Sie die Produkte einfach unterscheiden k\u00f6nnen, sind diese am oberen Ende lasermarkiert. Die Lasermarkierung gibt Ihnen eine Information zum Implantatsystem, der Plattform und der Gingivah\u00f6he. Sie k\u00f6nnen aus unterschiedlichen Gingivah\u00f6hen ausw\u00e4hlen, je nach Situation des Patienten. Die Gingivaformer sind [&hellip;]<\/p>\n","protected":false},"featured_media":21482,"template":"","meta":[],"product_brand":[],"product_cat":[44],"product_tag":[157],"class_list":{"0":"post-21467","1":"product","2":"type-product","3":"status-publish","4":"has-post-thumbnail","6":"product_cat-tapered-screw-vent","7":"product_tag-gingivaformer","9":"first","10":"instock","11":"taxable","12":"shipping-taxable","13":"purchasable","14":"product-type-variable","15":"rtwpvg-product"},"_links":{"self":[{"href":"https:\/\/shop.heliocos.de\/de\/wp-json\/wp\/v2\/product\/21467","targetHints":{"allow":["GET"]}}],"collection":[{"href":"https:\/\/shop.heliocos.de\/de\/wp-json\/wp\/v2\/product"}],"about":[{"href":"https:\/\/shop.heliocos.de\/de\/wp-json\/wp\/v2\/types\/product"}],"wp:featuredmedia":[{"embeddable":true,"href":"https:\/\/shop.heliocos.de\/de\/wp-json\/wp\/v2\/media\/21482"}],"wp:attachment":[{"href":"https:\/\/shop.heliocos.de\/de\/wp-json\/wp\/v2\/media?parent=21467"}],"wp:term":[{"taxonomy":"product_brand","embeddable":true,"href":"https:\/\/shop.heliocos.de\/de\/wp-json\/wp\/v2\/product_brand?post=21467"},{"taxonomy":"product_cat","embeddable":true,"href":"https:\/\/shop.heliocos.de\/de\/wp-json\/wp\/v2\/product_cat?post=21467"},{"taxonomy":"product_tag","embeddable":true,"href":"https:\/\/shop.heliocos.de\/de\/wp-json\/wp\/v2\/product_tag?post=21467"}],"curies":[{"name":"wp","href":"https:\/\/api.w.org\/{rel}","templated":true}]}}