{"id":20924,"date":"2020-06-30T22:11:03","date_gmt":"2020-06-30T20:11:03","guid":{"rendered":"http:\/\/shop.heliocos.de\/produkt\/unkategorisiert\/import-placeholder-for-556\/"},"modified":"2024-04-19T11:04:09","modified_gmt":"2024-04-19T09:04:09","slug":"eindrehinstrument-torx","status":"publish","type":"product","link":"https:\/\/shop.heliocos.de\/de\/produkt\/instrumente\/straumann-instrumente\/eindrehinstrument-torx\/","title":{"rendered":"Eindrehinstrument Torx\u00ae"},"content":{"rendered":"<p>Eindrehinstrument mit Torx\u00ae T6 Anschluss f\u00fcr Straumann\u00ae aus einem medizinischen Edelstahl. Sie k\u00f6nnen aus zwei L\u00e4ngen w\u00e4hlen, je nach vorliegender Situation.<\/p>\n<p>Wir bieten die Eindrehinstrumente mit einem Ratschenanschluss (\u00a0<a href=\"http:\/\/shop.heliocos.de\/produkt\/instrumente\/ratsche\/\">Ratsche<\/a> ) und einem Anschluss f\u00fcr Winkelst\u00fccke an, dadurch k\u00f6nnen Sie auf vorhandene Ausr\u00fcstung das Passende ausw\u00e4hlen.<\/p>\n<p>Sie k\u00f6nnen die Instrumente wiederaufbereiten, daf\u00fcr beachten Sie bitte die Anleitung zum Aufbereiten von Heliocos in der Gebrauchsanweisung (<a href=\"https:\/\/www.heliocos.de\/medien\">Heliocos Downloads<\/a>).<\/p>\n","protected":false},"excerpt":{"rendered":"<p>Eindrehinstrument mit Torx\u00ae T6 Anschluss f\u00fcr Straumann\u00ae aus einem medizinischen Edelstahl. Sie k\u00f6nnen aus zwei L\u00e4ngen w\u00e4hlen, je nach vorliegender Situation. Wir bieten die Eindrehinstrumente mit einem Ratschenanschluss (\u00a0Ratsche ) und einem Anschluss f\u00fcr Winkelst\u00fccke an, dadurch k\u00f6nnen Sie auf vorhandene Ausr\u00fcstung das Passende ausw\u00e4hlen. Sie k\u00f6nnen die Instrumente wiederaufbereiten, daf\u00fcr beachten Sie bitte die [&hellip;]<\/p>\n","protected":false},"featured_media":26440,"template":"","meta":[],"product_brand":[],"product_cat":[47],"product_tag":[93],"class_list":{"0":"post-20924","1":"product","2":"type-product","3":"status-publish","4":"has-post-thumbnail","6":"product_cat-straumann-instrumente","7":"product_tag-eindrehinstrument-torx","9":"first","10":"instock","11":"taxable","12":"shipping-taxable","13":"purchasable","14":"product-type-variable","15":"rtwpvg-product"},"_links":{"self":[{"href":"https:\/\/shop.heliocos.de\/de\/wp-json\/wp\/v2\/product\/20924","targetHints":{"allow":["GET"]}}],"collection":[{"href":"https:\/\/shop.heliocos.de\/de\/wp-json\/wp\/v2\/product"}],"about":[{"href":"https:\/\/shop.heliocos.de\/de\/wp-json\/wp\/v2\/types\/product"}],"wp:featuredmedia":[{"embeddable":true,"href":"https:\/\/shop.heliocos.de\/de\/wp-json\/wp\/v2\/media\/26440"}],"wp:attachment":[{"href":"https:\/\/shop.heliocos.de\/de\/wp-json\/wp\/v2\/media?parent=20924"}],"wp:term":[{"taxonomy":"product_brand","embeddable":true,"href":"https:\/\/shop.heliocos.de\/de\/wp-json\/wp\/v2\/product_brand?post=20924"},{"taxonomy":"product_cat","embeddable":true,"href":"https:\/\/shop.heliocos.de\/de\/wp-json\/wp\/v2\/product_cat?post=20924"},{"taxonomy":"product_tag","embeddable":true,"href":"https:\/\/shop.heliocos.de\/de\/wp-json\/wp\/v2\/product_tag?post=20924"}],"curies":[{"name":"wp","href":"https:\/\/api.w.org\/{rel}","templated":true}]}}