{"id":20782,"date":"2020-06-30T22:10:41","date_gmt":"2020-06-30T20:10:41","guid":{"rendered":"http:\/\/shop.heliocos.de\/produkt\/unkategorisiert\/import-placeholder-for-444\/"},"modified":"2025-05-22T10:15:47","modified_gmt":"2025-05-22T08:15:47","slug":"laboranalog-nobel-replace","status":"publish","type":"product","link":"https:\/\/shop.heliocos.de\/de\/produkt\/nobel-biocare\/nobel-replace-tapered-nobel-biocare\/laboranalog-nobel-replace\/","title":{"rendered":"Laboranalog f\u00fcr Nobel Biocare\u00ae Replace"},"content":{"rendered":"<p>Laboranalog passend zu Nobel Biocare\u00ae mit Dreikanal-Innenverbindung. Die Analoge sind farbcodiert, dadurch k\u00f6nnen Sie die Produkte einfacher unterscheideng und zuordnen. Jeder Laboranaloge ist 12 mm lang, dadurch wird Ihnen die Nutzung erleichtert.<\/p>\n<p>Alle Laboranaloge sind aus einer Titanlegierung hergestellt. Die Farbcodierug entspricht der von Nobel Biocare\u00ae.<\/p>\n<p>Nutzen Sie das attraktive Preis-Leistungs-Verh\u00e4ltnis der Heliocos Analoge, deshalb bieten wir Staffelpreise an. Im 10er Pack kostet der Laboranalog noch je 9 EUR, im 30er Pack kostet der Laboranalog noch je 8 EUR.<\/p>\n<p>Nutzen Sie die Laboranaloge passend zu Nobel Biocare\u00ae auch f\u00fcr gedruckte Modelle. Laden Sie hierf\u00fcr unsere Bibliotheken herunter. Laden Sie die Bibliotheken f\u00fcr Ihren digitalen Workflow bei Heliocos herunter (<a href=\"https:\/\/www.heliocos.de\/medien\">Heliocos Downloads<\/a>).<\/p>\n","protected":false},"excerpt":{"rendered":"<p>Laboranalog passend zu Nobel Biocare\u00ae mit Dreikanal-Innenverbindung. Die Analoge sind farbcodiert, dadurch k\u00f6nnen Sie die Produkte einfacher unterscheideng und zuordnen. Jeder Laboranaloge ist 12 mm lang, dadurch wird Ihnen die Nutzung erleichtert. Alle Laboranaloge sind aus einer Titanlegierung hergestellt. Die Farbcodierug entspricht der von Nobel Biocare\u00ae. Nutzen Sie das attraktive Preis-Leistungs-Verh\u00e4ltnis der Heliocos Analoge, deshalb [&hellip;]<\/p>\n","protected":false},"featured_media":14026,"template":"","meta":[],"product_brand":[],"product_cat":[102],"product_tag":[83],"class_list":{"0":"post-20782","1":"product","2":"type-product","3":"status-publish","4":"has-post-thumbnail","6":"product_cat-nobel-replace-tapered-nobel-biocare","7":"product_tag-laboranalog","9":"first","10":"instock","11":"taxable","12":"shipping-taxable","13":"purchasable","14":"product-type-variable","15":"rtwpvg-product"},"_links":{"self":[{"href":"https:\/\/shop.heliocos.de\/de\/wp-json\/wp\/v2\/product\/20782","targetHints":{"allow":["GET"]}}],"collection":[{"href":"https:\/\/shop.heliocos.de\/de\/wp-json\/wp\/v2\/product"}],"about":[{"href":"https:\/\/shop.heliocos.de\/de\/wp-json\/wp\/v2\/types\/product"}],"wp:featuredmedia":[{"embeddable":true,"href":"https:\/\/shop.heliocos.de\/de\/wp-json\/wp\/v2\/media\/14026"}],"wp:attachment":[{"href":"https:\/\/shop.heliocos.de\/de\/wp-json\/wp\/v2\/media?parent=20782"}],"wp:term":[{"taxonomy":"product_brand","embeddable":true,"href":"https:\/\/shop.heliocos.de\/de\/wp-json\/wp\/v2\/product_brand?post=20782"},{"taxonomy":"product_cat","embeddable":true,"href":"https:\/\/shop.heliocos.de\/de\/wp-json\/wp\/v2\/product_cat?post=20782"},{"taxonomy":"product_tag","embeddable":true,"href":"https:\/\/shop.heliocos.de\/de\/wp-json\/wp\/v2\/product_tag?post=20782"}],"curies":[{"name":"wp","href":"https:\/\/api.w.org\/{rel}","templated":true}]}}