{"id":20699,"date":"2020-06-30T22:10:17","date_gmt":"2020-06-30T20:10:17","guid":{"rendered":"http:\/\/shop.heliocos.de\/produkt\/unkategorisiert\/import-placeholder-for-350\/"},"modified":"2020-12-24T17:20:19","modified_gmt":"2020-12-24T16:20:19","slug":"gerades-abutment-dentsply-xive","status":"publish","type":"product","link":"https:\/\/shop.heliocos.de\/de\/produkt\/dentsply\/xive-s\/gerades-abutment-dentsply-xive\/","title":{"rendered":"Gerades Abutment f\u00fcr Dentsply\u00ae \u2013 Xive\u00ae S"},"content":{"rendered":"<p>Gerades Abutment f\u00fcr Dentsply\u00ae \u2013 Xive\u00ae S Implantate. Das gerade Abutment ist aus einer Titanlegierung hergestellt. Dadurch sind eine hervorragende Biokompatibilit\u00e4t und eine hohe Festigkeit gew\u00e4hrleistet. Die Abutments sind f\u00fcr eine zementierte Versorgung vorgesehen. Sie k\u00f6nnen aus unterschiedlichen Gingivah\u00f6hen (1 mm und 2,5 mm) ausw\u00e4hlen. Eine hochpr\u00e4zise Verbindung zeichnet das gerade Abutment aus. Deshalb geben wir 30 Jahre Herstellergarantie auf die geraden Abutments.<\/p>\n<p>Die geraden Sekund\u00e4rteile werden mit einer definitiven Abutmentschraube ausgeliefert. Die Abutmentschraube ist ebenfalls aus einer Titanlegierung hergestellt. Sie k\u00f6nnen Ihre originalen Instrumente weiterhin benutzen, oder Instrumente von Heliocos verwenden. Gerades Abutment und Abutmentschraube werden als Set ausgeliefert. Bereiten Sie die Teile vor dem Einsatz auf. Bitte beachten Sie hierzu die Anleitung von Heliocos in der Gebrauchsanweisung (<a href=\"https:\/\/www.heliocos.de\/medien\">Heliocos Downloads<\/a>).<\/p>\n<p>Zu den geraden Abutments passend zu Dentsply\u00ae \u2013 Xive\u00ae S k\u00f6nnen Sie ebenfalls die passenden Instrumente bestellen <a href=\"http:\/\/shop.heliocos.de\/produkt\/instrumente\/eindrehinstrument-hex\/\">(Eindrehinstrument Hex<\/a>).<\/p>\n","protected":false},"excerpt":{"rendered":"<p>Gerades Abutment f\u00fcr Dentsply\u00ae \u2013 Xive\u00ae S Implantate. Das gerade Abutment ist aus einer Titanlegierung hergestellt. Dadurch sind eine hervorragende Biokompatibilit\u00e4t und eine hohe Festigkeit gew\u00e4hrleistet. Die Abutments sind f\u00fcr eine zementierte Versorgung vorgesehen. Sie k\u00f6nnen aus unterschiedlichen Gingivah\u00f6hen (1 mm und 2,5 mm) ausw\u00e4hlen. Eine hochpr\u00e4zise Verbindung zeichnet das gerade Abutment aus. Deshalb geben [&hellip;]<\/p>\n","protected":false},"featured_media":13743,"template":"","meta":[],"product_brand":[],"product_cat":[42],"product_tag":[87],"class_list":{"0":"post-20699","1":"product","2":"type-product","3":"status-publish","4":"has-post-thumbnail","6":"product_cat-xive-s","7":"product_tag-gerades-abutment","9":"first","10":"instock","11":"taxable","12":"shipping-taxable","13":"purchasable","14":"product-type-variable","15":"rtwpvg-product"},"_links":{"self":[{"href":"https:\/\/shop.heliocos.de\/de\/wp-json\/wp\/v2\/product\/20699","targetHints":{"allow":["GET"]}}],"collection":[{"href":"https:\/\/shop.heliocos.de\/de\/wp-json\/wp\/v2\/product"}],"about":[{"href":"https:\/\/shop.heliocos.de\/de\/wp-json\/wp\/v2\/types\/product"}],"wp:featuredmedia":[{"embeddable":true,"href":"https:\/\/shop.heliocos.de\/de\/wp-json\/wp\/v2\/media\/13743"}],"wp:attachment":[{"href":"https:\/\/shop.heliocos.de\/de\/wp-json\/wp\/v2\/media?parent=20699"}],"wp:term":[{"taxonomy":"product_brand","embeddable":true,"href":"https:\/\/shop.heliocos.de\/de\/wp-json\/wp\/v2\/product_brand?post=20699"},{"taxonomy":"product_cat","embeddable":true,"href":"https:\/\/shop.heliocos.de\/de\/wp-json\/wp\/v2\/product_cat?post=20699"},{"taxonomy":"product_tag","embeddable":true,"href":"https:\/\/shop.heliocos.de\/de\/wp-json\/wp\/v2\/product_tag?post=20699"}],"curies":[{"name":"wp","href":"https:\/\/api.w.org\/{rel}","templated":true}]}}