{"id":20598,"date":"2020-06-30T22:09:57","date_gmt":"2020-06-30T20:09:57","guid":{"rendered":"http:\/\/shop.heliocos.de\/produkt\/unkategorisiert\/import-placeholder-for-251\/"},"modified":"2025-10-20T09:25:24","modified_gmt":"2025-10-20T07:25:24","slug":"laboranalog-astra-tech-tx","status":"publish","type":"product","link":"https:\/\/shop.heliocos.de\/de\/produkt\/dentsply\/astra-tech-osseospeed-tx\/laboranalog-astra-tech-tx\/","title":{"rendered":"Laboranalog f\u00fcr Astra Tech\u00ae OsseoSpeed\u00ae TX"},"content":{"rendered":"<p>Laboranalog passend zu Dentsply\u00ae &#8211; Astra Tech\u00ae OsseoSpeed\u00ae TX Aufbauten. Die Analoge sind farbcodiert, dadurch k\u00f6nnen Sie die Produkte einfacher unterscheideng und zuordnen. Jeder Laboranaloge ist 12 mm lang, dadurch wird Ihnen die Nutzung erleichtert.<\/p>\n<p>Alle Laboranaloge sind aus einer Titanlegierung hergestellt. Die Farbcodierug entspricht der von Astra Tech\u00ae OsseoSpeed\u00ae TX.<\/p>\n<p>Nutzen Sie das attraktive Preis-Leistungs-Verh\u00e4ltnis der Heliocos Analoge, deshalb bieten wir Staffelpreise an. Im 10er Pack kostet der Laboranalog noch je 9 EUR, im 30er Pack kostet der Laboranalog noch je 8 EUR.<\/p>\n<p>Nutzen Sie die Laboranaloge passend zu Astra Tech\u00ae OsseoSpeed\u00ae TX auch f\u00fcr gedruckte Modelle. Laden Sie hierf\u00fcr unsere Bibliotheken herunter. Laden Sie die Bibliotheken f\u00fcr Ihren digitalen Workflow bei Heliocos herunter (<a href=\"https:\/\/www.heliocos.de\/medien\">Heliocos Downloads<\/a>).<\/p>\n","protected":false},"excerpt":{"rendered":"<p>Laboranalog passend zu Dentsply\u00ae &#8211; Astra Tech\u00ae OsseoSpeed\u00ae TX Aufbauten. Die Analoge sind farbcodiert, dadurch k\u00f6nnen Sie die Produkte einfacher unterscheideng und zuordnen. Jeder Laboranaloge ist 12 mm lang, dadurch wird Ihnen die Nutzung erleichtert. Alle Laboranaloge sind aus einer Titanlegierung hergestellt. Die Farbcodierug entspricht der von Astra Tech\u00ae OsseoSpeed\u00ae TX. Nutzen Sie das attraktive [&hellip;]<\/p>\n","protected":false},"featured_media":13467,"template":"","meta":[],"product_brand":[],"product_cat":[40],"product_tag":[83],"class_list":{"0":"post-20598","1":"product","2":"type-product","3":"status-publish","4":"has-post-thumbnail","6":"product_cat-astra-tech-osseospeed-tx","7":"product_tag-laboranalog","9":"first","10":"instock","11":"taxable","12":"shipping-taxable","13":"purchasable","14":"product-type-variable","15":"rtwpvg-product"},"_links":{"self":[{"href":"https:\/\/shop.heliocos.de\/de\/wp-json\/wp\/v2\/product\/20598","targetHints":{"allow":["GET"]}}],"collection":[{"href":"https:\/\/shop.heliocos.de\/de\/wp-json\/wp\/v2\/product"}],"about":[{"href":"https:\/\/shop.heliocos.de\/de\/wp-json\/wp\/v2\/types\/product"}],"wp:featuredmedia":[{"embeddable":true,"href":"https:\/\/shop.heliocos.de\/de\/wp-json\/wp\/v2\/media\/13467"}],"wp:attachment":[{"href":"https:\/\/shop.heliocos.de\/de\/wp-json\/wp\/v2\/media?parent=20598"}],"wp:term":[{"taxonomy":"product_brand","embeddable":true,"href":"https:\/\/shop.heliocos.de\/de\/wp-json\/wp\/v2\/product_brand?post=20598"},{"taxonomy":"product_cat","embeddable":true,"href":"https:\/\/shop.heliocos.de\/de\/wp-json\/wp\/v2\/product_cat?post=20598"},{"taxonomy":"product_tag","embeddable":true,"href":"https:\/\/shop.heliocos.de\/de\/wp-json\/wp\/v2\/product_tag?post=20598"}],"curies":[{"name":"wp","href":"https:\/\/api.w.org\/{rel}","templated":true}]}}