{"id":20567,"date":"2020-06-30T22:09:55","date_gmt":"2020-06-30T20:09:55","guid":{"rendered":"http:\/\/shop.heliocos.de\/produkt\/unkategorisiert\/import-placeholder-for-234\/"},"modified":"2025-09-23T15:09:20","modified_gmt":"2025-09-23T13:09:20","slug":"titanbasis-dentsply-ankylos","status":"publish","type":"product","link":"https:\/\/shop.heliocos.de\/de\/produkt\/dentsply\/ankylos\/titanbasis-dentsply-ankylos\/","title":{"rendered":"Titanbasis f\u00fcr Ankylos\u00ae"},"content":{"rendered":"<p>Titanbasis f\u00fcr Dentsply\u00ae &#8211; Ankylos\u00ae Implantate. Nutzen Sie die Titan-Klebebasis f\u00fcr okklusal verschraubte Kronen. Sie k\u00f6nnen zwischen unterschiedlichen Kaminh\u00f6hen w\u00e4hlen, je nach Patientensituation. Weiterhin haben Sie die Wahl, ob Sie die Titanbasis mit oder ohne Index w\u00e4hlen. Titanbasen ohne Rotationsschutz sind f\u00fcr Steg- und Br\u00fcckenkonstruktionen vorgesehen.<\/p>\n<p>Die Titanbasis ist aus einer Titanlegierung hergestellt, dadurch sind eine hervorragende Biokompatibilit\u00e4t und eine hohe Festigkeit gew\u00e4hrleistet. Heliocos Titanbasen besitzen eine hervorragende Dauerschwingfestigkeit, wodurch eine langlebige Versorgung erreicht wird. Deshalb geben wir 30 Jahre Herstellergarantie auf die Heliocos Titanbasen.<\/p>\n<p>Bei Heliocos Titanbasen f\u00fcr Ankylos\u00ae k\u00f6nnen Sie die Schraube vom Abutment l\u00f6sen. Dadurch haben Sie die M\u00f6glichkeit, eine Laborschraube einzusetzen. Deshalb kann eine unversehrte, definitive Abutmentschraube eingesetzt werden.<\/p>\n<p>Nutzen Sie den\u00a0<a href=\"http:\/\/shop.heliocos.de\/produkt\/dentsply\/ankylos\/scanbody-dentsply-ankylos\/\">Scanbody f\u00fcr Ankylos\u00ae<\/a> von Heliocos, um die Vorteile der CAD\/CAM Prozesskette maximal auszunutzen.<\/p>\n<p>Sie erhalten die Titanbasen mit einer definitiven Abutmentschraube. Die Abutmentschraube ist ebenfalls aus einer Titanlegierung gefertigt. Nutzen Sie weiterhin Ihre originalen Instrumente oder Instrumente von Heliocos <a href=\"http:\/\/shop.heliocos.de\/produkt\/instrumente\/eindrehinstrument-hex\/\">(Eindrehinstrument Hex<\/a>). Titanbasis und Abutmentschraube werden als Set ausgeliefert. Bereiten Sie die Teile vor dem Einsatz auf. Bitte beachten Sie hierzu die Anleitung von Heliocos in der Gebrauchsanweisung (<a href=\"https:\/\/www.heliocos.de\/medien\">Heliocos Downloads<\/a>).<\/p>\n","protected":false},"excerpt":{"rendered":"<p>Titanbasis f\u00fcr Dentsply\u00ae &#8211; Ankylos\u00ae Implantate. Nutzen Sie die Titan-Klebebasis f\u00fcr okklusal verschraubte Kronen. Sie k\u00f6nnen zwischen unterschiedlichen Kaminh\u00f6hen w\u00e4hlen, je nach Patientensituation. Weiterhin haben Sie die Wahl, ob Sie die Titanbasis mit oder ohne Index w\u00e4hlen. Titanbasen ohne Rotationsschutz sind f\u00fcr Steg- und Br\u00fcckenkonstruktionen vorgesehen. Die Titanbasis ist aus einer Titanlegierung hergestellt, dadurch sind [&hellip;]<\/p>\n","protected":false},"featured_media":13435,"template":"","meta":[],"product_brand":[],"product_cat":[39],"product_tag":[84],"class_list":{"0":"post-20567","1":"product","2":"type-product","3":"status-publish","4":"has-post-thumbnail","6":"product_cat-ankylos","7":"product_tag-titanbasis","9":"first","10":"instock","11":"taxable","12":"shipping-taxable","13":"purchasable","14":"product-type-variable","15":"rtwpvg-product"},"_links":{"self":[{"href":"https:\/\/shop.heliocos.de\/de\/wp-json\/wp\/v2\/product\/20567","targetHints":{"allow":["GET"]}}],"collection":[{"href":"https:\/\/shop.heliocos.de\/de\/wp-json\/wp\/v2\/product"}],"about":[{"href":"https:\/\/shop.heliocos.de\/de\/wp-json\/wp\/v2\/types\/product"}],"wp:featuredmedia":[{"embeddable":true,"href":"https:\/\/shop.heliocos.de\/de\/wp-json\/wp\/v2\/media\/13435"}],"wp:attachment":[{"href":"https:\/\/shop.heliocos.de\/de\/wp-json\/wp\/v2\/media?parent=20567"}],"wp:term":[{"taxonomy":"product_brand","embeddable":true,"href":"https:\/\/shop.heliocos.de\/de\/wp-json\/wp\/v2\/product_brand?post=20567"},{"taxonomy":"product_cat","embeddable":true,"href":"https:\/\/shop.heliocos.de\/de\/wp-json\/wp\/v2\/product_cat?post=20567"},{"taxonomy":"product_tag","embeddable":true,"href":"https:\/\/shop.heliocos.de\/de\/wp-json\/wp\/v2\/product_tag?post=20567"}],"curies":[{"name":"wp","href":"https:\/\/api.w.org\/{rel}","templated":true}]}}