{"id":20560,"date":"2020-06-30T22:09:51","date_gmt":"2020-06-30T20:09:51","guid":{"rendered":"http:\/\/shop.heliocos.de\/produkt\/unkategorisiert\/import-placeholder-for-223\/"},"modified":"2022-12-06T16:20:28","modified_gmt":"2022-12-06T15:20:28","slug":"laboranalog-dentsply-ankylos","status":"publish","type":"product","link":"https:\/\/shop.heliocos.de\/de\/produkt\/dentsply\/ankylos\/laboranalog-dentsply-ankylos\/","title":{"rendered":"Laboranalog f\u00fcr Ankylos\u00ae"},"content":{"rendered":"<p>Laboranalog passend zu Dentsply\u00ae &#8211; Ankylos\u00ae Aufbauten. Sie k\u00f6nnen zwischen Laborimplantaten mit Index und ohne Index w\u00e4hlen. Die indexierten Analoge besitzen eine hochwertige Farbcodierung, dadurch k\u00f6nnen Sie diese einfach unterscheiden. Jeder Laboranaloge ist 12 mm lang, deshalb m\u00fcssen Sie den Laboranalog nicht nachtr\u00e4glich k\u00fcrzen, dadurch wird die Anwendung vereinfacht.<\/p>\n<p>Alle Laboranaloge sind aus einer Titanlegierung hergestellt, die X-Variante ist zus\u00e4tzlich farbcodiert.<\/p>\n<p>Nutzen Sie die attraktiven Staffelpreise von Heliocos und kaufen die Laboranaloge im 10er oder 30er Pack, dadurch haben Sie ein tolles Preis-Leistungs-Verh\u00e4ltnis.\u00a0 Im 10er Pack kostet der Laboranaloge noch je 9 EUR, im 30er Pack kostet der Laboranalog noch je 8 EUR.<\/p>\n<p>Sie erhalten die Laboranaloge unsteril. Sie k\u00f6nnen die Laboranaloge f\u00fcr Dentsply\u00ae &#8211; Ankylos\u00ae auch f\u00fcr gedruckte Modelle einsetzen. Nutzen Sie die Bibliotheken von Heliocos f\u00fcr Ihren digitalen Workflow (<a href=\"https:\/\/www.heliocos.de\/medien\">Heliocos Downloads<\/a>).<\/p>\n","protected":false},"excerpt":{"rendered":"<p>Laboranalog passend zu Dentsply\u00ae &#8211; Ankylos\u00ae Aufbauten. Sie k\u00f6nnen zwischen Laborimplantaten mit Index und ohne Index w\u00e4hlen. Die indexierten Analoge besitzen eine hochwertige Farbcodierung, dadurch k\u00f6nnen Sie diese einfach unterscheiden. Jeder Laboranaloge ist 12 mm lang, deshalb m\u00fcssen Sie den Laboranalog nicht nachtr\u00e4glich k\u00fcrzen, dadurch wird die Anwendung vereinfacht. Alle Laboranaloge sind aus einer Titanlegierung [&hellip;]<\/p>\n","protected":false},"featured_media":13388,"template":"","meta":[],"product_brand":[],"product_cat":[39],"product_tag":[83],"class_list":{"0":"post-20560","1":"product","2":"type-product","3":"status-publish","4":"has-post-thumbnail","6":"product_cat-ankylos","7":"product_tag-laboranalog","9":"first","10":"instock","11":"taxable","12":"shipping-taxable","13":"purchasable","14":"product-type-variable","15":"rtwpvg-product"},"_links":{"self":[{"href":"https:\/\/shop.heliocos.de\/de\/wp-json\/wp\/v2\/product\/20560","targetHints":{"allow":["GET"]}}],"collection":[{"href":"https:\/\/shop.heliocos.de\/de\/wp-json\/wp\/v2\/product"}],"about":[{"href":"https:\/\/shop.heliocos.de\/de\/wp-json\/wp\/v2\/types\/product"}],"wp:featuredmedia":[{"embeddable":true,"href":"https:\/\/shop.heliocos.de\/de\/wp-json\/wp\/v2\/media\/13388"}],"wp:attachment":[{"href":"https:\/\/shop.heliocos.de\/de\/wp-json\/wp\/v2\/media?parent=20560"}],"wp:term":[{"taxonomy":"product_brand","embeddable":true,"href":"https:\/\/shop.heliocos.de\/de\/wp-json\/wp\/v2\/product_brand?post=20560"},{"taxonomy":"product_cat","embeddable":true,"href":"https:\/\/shop.heliocos.de\/de\/wp-json\/wp\/v2\/product_cat?post=20560"},{"taxonomy":"product_tag","embeddable":true,"href":"https:\/\/shop.heliocos.de\/de\/wp-json\/wp\/v2\/product_tag?post=20560"}],"curies":[{"name":"wp","href":"https:\/\/api.w.org\/{rel}","templated":true}]}}