{"id":20537,"date":"2020-06-30T22:09:50","date_gmt":"2020-06-30T20:09:50","guid":{"rendered":"http:\/\/shop.heliocos.de\/produkt\/unkategorisiert\/import-placeholder-for-203\/"},"modified":"2020-11-17T11:56:04","modified_gmt":"2020-11-17T10:56:04","slug":"scanbody-conelog","status":"publish","type":"product","link":"https:\/\/shop.heliocos.de\/de\/produkt\/camlog\/conelog\/scanbody-conelog\/","title":{"rendered":"Scanbody f\u00fcr Conelog\u00ae"},"content":{"rendered":"<p>Scanbody passend zu Conelog\u00ae aus Titan Grade 4 mit einer speziellen Anodisierung.<\/p>\n<p>Sie k\u00f6nnen den Scank\u00f6rper beliebig oft aufbereiten. Weil der Scanbody unsteril ausgeliefert wird, m\u00fcssen Sie diesen vor dem Einsatz aufbereiten. Beachten Sie bitte die Anleitung von Heliocos in der Gebrauchsanweisung (<a href=\"https:\/\/www.heliocos.de\/medien\">Heliocos Downloads<\/a>).<\/p>\n<p>Sie erhalten den Scanbody als Set mit einer definitiven Abutmentschraube, die ebenfalls aus einer Titanlegierung gefertigt. Sie k\u00f6nnen weiterhin Ihre originalen Instrumente nutzen oder Sie verwenden die Instrumente von Heliocos <a href=\"http:\/\/shop.heliocos.de\/produkt\/instrumente\/eindrehinstrument-hex\/\">(Eindrehinstrument Hex)<\/a>.<\/p>\n<p>Bitte beachten Sie die Verf\u00fcgbarkeit der Heliocos Bibliotheken in der CAD\/CAM Prozesskette. Sie k\u00f6nnen die Bibliotheken auf der Internetseite von Heliocos herunterladen (<a href=\"https:\/\/www.heliocos.de\/medien\">Heliocos Downloads<\/a>). Informieren Sie sich in unserem Blogbeitrag \u00fcber die verf\u00fcgbaren Bibliotheken und Anforderungen an die CAD\/CAM Prozesskette\u00a0<a href=\"https:\/\/www.heliocos.de\/blog\">(Heliocos Blog<\/a>).<\/p>\n<p>Wenn Sie individuelle Abutments erstellen m\u00f6chten, sollten Sie unsere Scanbodys verwenden. Egal ob Sie einteilige individuelle Abutments oder okklusal verschraubte Kronen anfertigen wollen.<\/p>\n","protected":false},"excerpt":{"rendered":"<p>Scanbody passend zu Conelog\u00ae aus Titan Grade 4 mit einer speziellen Anodisierung. Sie k\u00f6nnen den Scank\u00f6rper beliebig oft aufbereiten. Weil der Scanbody unsteril ausgeliefert wird, m\u00fcssen Sie diesen vor dem Einsatz aufbereiten. Beachten Sie bitte die Anleitung von Heliocos in der Gebrauchsanweisung (Heliocos Downloads). Sie erhalten den Scanbody als Set mit einer definitiven Abutmentschraube, die [&hellip;]<\/p>\n","protected":false},"featured_media":13349,"template":"","meta":[],"product_brand":[],"product_cat":[38],"product_tag":[88],"class_list":{"0":"post-20537","1":"product","2":"type-product","3":"status-publish","4":"has-post-thumbnail","6":"product_cat-conelog","7":"product_tag-scanbody","9":"first","10":"instock","11":"taxable","12":"shipping-taxable","13":"purchasable","14":"product-type-variable","15":"rtwpvg-product"},"_links":{"self":[{"href":"https:\/\/shop.heliocos.de\/de\/wp-json\/wp\/v2\/product\/20537","targetHints":{"allow":["GET"]}}],"collection":[{"href":"https:\/\/shop.heliocos.de\/de\/wp-json\/wp\/v2\/product"}],"about":[{"href":"https:\/\/shop.heliocos.de\/de\/wp-json\/wp\/v2\/types\/product"}],"wp:featuredmedia":[{"embeddable":true,"href":"https:\/\/shop.heliocos.de\/de\/wp-json\/wp\/v2\/media\/13349"}],"wp:attachment":[{"href":"https:\/\/shop.heliocos.de\/de\/wp-json\/wp\/v2\/media?parent=20537"}],"wp:term":[{"taxonomy":"product_brand","embeddable":true,"href":"https:\/\/shop.heliocos.de\/de\/wp-json\/wp\/v2\/product_brand?post=20537"},{"taxonomy":"product_cat","embeddable":true,"href":"https:\/\/shop.heliocos.de\/de\/wp-json\/wp\/v2\/product_cat?post=20537"},{"taxonomy":"product_tag","embeddable":true,"href":"https:\/\/shop.heliocos.de\/de\/wp-json\/wp\/v2\/product_tag?post=20537"}],"curies":[{"name":"wp","href":"https:\/\/api.w.org\/{rel}","templated":true}]}}