{"id":20523,"date":"2020-06-30T22:09:44","date_gmt":"2020-06-30T20:09:44","guid":{"rendered":"http:\/\/shop.heliocos.de\/produkt\/unkategorisiert\/import-placeholder-for-181\/"},"modified":"2026-01-08T14:10:42","modified_gmt":"2026-01-08T13:10:42","slug":"laboranalog-conelog","status":"publish","type":"product","link":"https:\/\/shop.heliocos.de\/de\/produkt\/camlog\/conelog\/laboranalog-conelog\/","title":{"rendered":"Laboranalog f\u00fcr Conelog\u00ae"},"content":{"rendered":"<p>Laboranalog passend zu Conelog\u00ae Aufbauten. Die Analoge sind farbcodiert, dadurch k\u00f6nnen Sie die Produkte einfacher unterscheideng und zuordnen. Jeder Laboranaloge ist 12 mm lang, dadurch wird Ihnen die Nutzung erleichtert.<\/p>\n<p>Alle Laboranaloge sind aus einer Titanlegierung hergestellt. Die Farbcodierug entspricht der von Camlog\u00ae.<\/p>\n<p>Nutzen Sie das attraktive Preis-Leistungs-Verh\u00e4ltnis der Heliocos Analoge, deshalb bieten wir Staffelpreise an. Im 10er Pack kostet der Laboranalog noch je 9 EUR, im 30er Pack kostet der Laboranalog noch je 8 EUR.<\/p>\n<p>Nutzen Sie die Laboranaloge passend zu Conelog\u00ae auch f\u00fcr gedruckte Modelle. Laden Sie hierf\u00fcr unsere Bibliotheken herunter. Laden Sie die Bibliotheken f\u00fcr Ihren digitalen Workflow bei Heliocos herunter (<a href=\"https:\/\/www.heliocos.de\/medien\">Heliocos Downloads<\/a>).<\/p>\n","protected":false},"excerpt":{"rendered":"<p>Laboranalog passend zu Conelog\u00ae Aufbauten. Die Analoge sind farbcodiert, dadurch k\u00f6nnen Sie die Produkte einfacher unterscheideng und zuordnen. Jeder Laboranaloge ist 12 mm lang, dadurch wird Ihnen die Nutzung erleichtert. Alle Laboranaloge sind aus einer Titanlegierung hergestellt. Die Farbcodierug entspricht der von Camlog\u00ae. Nutzen Sie das attraktive Preis-Leistungs-Verh\u00e4ltnis der Heliocos Analoge, deshalb bieten wir Staffelpreise [&hellip;]<\/p>\n","protected":false},"featured_media":4215,"template":"","meta":[],"product_brand":[],"product_cat":[38],"product_tag":[83],"class_list":{"0":"post-20523","1":"product","2":"type-product","3":"status-publish","4":"has-post-thumbnail","6":"product_cat-conelog","7":"product_tag-laboranalog","9":"first","10":"instock","11":"taxable","12":"shipping-taxable","13":"purchasable","14":"product-type-variable","15":"rtwpvg-product"},"_links":{"self":[{"href":"https:\/\/shop.heliocos.de\/de\/wp-json\/wp\/v2\/product\/20523","targetHints":{"allow":["GET"]}}],"collection":[{"href":"https:\/\/shop.heliocos.de\/de\/wp-json\/wp\/v2\/product"}],"about":[{"href":"https:\/\/shop.heliocos.de\/de\/wp-json\/wp\/v2\/types\/product"}],"wp:featuredmedia":[{"embeddable":true,"href":"https:\/\/shop.heliocos.de\/de\/wp-json\/wp\/v2\/media\/4215"}],"wp:attachment":[{"href":"https:\/\/shop.heliocos.de\/de\/wp-json\/wp\/v2\/media?parent=20523"}],"wp:term":[{"taxonomy":"product_brand","embeddable":true,"href":"https:\/\/shop.heliocos.de\/de\/wp-json\/wp\/v2\/product_brand?post=20523"},{"taxonomy":"product_cat","embeddable":true,"href":"https:\/\/shop.heliocos.de\/de\/wp-json\/wp\/v2\/product_cat?post=20523"},{"taxonomy":"product_tag","embeddable":true,"href":"https:\/\/shop.heliocos.de\/de\/wp-json\/wp\/v2\/product_tag?post=20523"}],"curies":[{"name":"wp","href":"https:\/\/api.w.org\/{rel}","templated":true}]}}