{"id":20434,"date":"2020-06-30T22:09:26","date_gmt":"2020-06-30T20:09:26","guid":{"rendered":"http:\/\/shop.heliocos.de\/produkt\/unkategorisiert\/import-placeholder-for-87\/"},"modified":"2025-07-28T15:30:34","modified_gmt":"2025-07-28T13:30:34","slug":"laboranalog-straumann-tissue-level","status":"publish","type":"product","link":"https:\/\/shop.heliocos.de\/de\/produkt\/straumann\/tissue-level\/laboranalog-straumann-tissue-level\/","title":{"rendered":"Laboranalog f\u00fcr Straumann\u00ae \u2013 Tissue Level"},"content":{"rendered":"<p>Laboranalog passend zu Straumann\u00ae &#8211; Tissue Level aus Titan Grade 5. Die hochwertige Farbcodierung l\u00e4sst eine einfache Unterscheidung und Zuordnung zu.<\/p>\n<p>Nutzen Sie das attraktive Preis-Leistungs-Verh\u00e4ltnis der Heliocos Analoge, deshalb bieten wir Staffelpreise an. Im 10er Pack kostet der Laboranalog noch je 9 EUR, im 30er Pack kostet der Laboranalog noch je 8 EUR.<\/p>\n<p>Nutzen Sie die Laboranaloge passend zu Straumann\u00ae &#8211; Tissue Level auch f\u00fcr gedruckte Modelle. Laden Sie hierf\u00fcr unsere Bibliotheken herunter. Laden Sie die Bibliotheken f\u00fcr Ihren digitalen Workflow bei Heliocos herunter (<a href=\"https:\/\/www.heliocos.de\/medien\">Heliocos Downloads<\/a>).<\/p>\n","protected":false},"excerpt":{"rendered":"<p>Laboranalog passend zu Straumann\u00ae &#8211; Tissue Level aus Titan Grade 5. Die hochwertige Farbcodierung l\u00e4sst eine einfache Unterscheidung und Zuordnung zu. Nutzen Sie das attraktive Preis-Leistungs-Verh\u00e4ltnis der Heliocos Analoge, deshalb bieten wir Staffelpreise an. Im 10er Pack kostet der Laboranalog noch je 9 EUR, im 30er Pack kostet der Laboranalog noch je 8 EUR. Nutzen [&hellip;]<\/p>\n","protected":false},"featured_media":12663,"template":"","meta":[],"product_brand":[],"product_cat":[29],"product_tag":[83],"class_list":{"0":"post-20434","1":"product","2":"type-product","3":"status-publish","4":"has-post-thumbnail","6":"product_cat-tissue-level","7":"product_tag-laboranalog","9":"first","10":"instock","11":"taxable","12":"shipping-taxable","13":"purchasable","14":"product-type-variable","15":"rtwpvg-product"},"_links":{"self":[{"href":"https:\/\/shop.heliocos.de\/de\/wp-json\/wp\/v2\/product\/20434","targetHints":{"allow":["GET"]}}],"collection":[{"href":"https:\/\/shop.heliocos.de\/de\/wp-json\/wp\/v2\/product"}],"about":[{"href":"https:\/\/shop.heliocos.de\/de\/wp-json\/wp\/v2\/types\/product"}],"wp:featuredmedia":[{"embeddable":true,"href":"https:\/\/shop.heliocos.de\/de\/wp-json\/wp\/v2\/media\/12663"}],"wp:attachment":[{"href":"https:\/\/shop.heliocos.de\/de\/wp-json\/wp\/v2\/media?parent=20434"}],"wp:term":[{"taxonomy":"product_brand","embeddable":true,"href":"https:\/\/shop.heliocos.de\/de\/wp-json\/wp\/v2\/product_brand?post=20434"},{"taxonomy":"product_cat","embeddable":true,"href":"https:\/\/shop.heliocos.de\/de\/wp-json\/wp\/v2\/product_cat?post=20434"},{"taxonomy":"product_tag","embeddable":true,"href":"https:\/\/shop.heliocos.de\/de\/wp-json\/wp\/v2\/product_tag?post=20434"}],"curies":[{"name":"wp","href":"https:\/\/api.w.org\/{rel}","templated":true}]}}