{"id":20401,"date":"2020-06-30T22:09:20","date_gmt":"2020-06-30T20:09:20","guid":{"rendered":"http:\/\/shop.heliocos.de\/produkt\/unkategorisiert\/import-placeholder-for-70\/"},"modified":"2020-11-12T12:35:23","modified_gmt":"2020-11-12T11:35:23","slug":"scanbody-straumann-bone-level","status":"publish","type":"product","link":"https:\/\/shop.heliocos.de\/de\/produkt\/straumann\/bone-level\/scanbody-straumann-bone-level\/","title":{"rendered":"Scanbody f\u00fcr Straumann\u00ae \u2013 Bone Level"},"content":{"rendered":"<p>Scanbody passend zu Straumann\u00ae &#8211; Bone Level. Der Scanbody ist aus Titan Grade 4 gefertigt und verf\u00fcgt \u00fcber eine spezielle Anodisierung.<\/p>\n<p>Sie k\u00f6nnen den Scank\u00f6rper beliebig oft aufbereiten. Sie erhalten den Scanbody unsteril. Beachten Sie bitte die Anleitung von Heliocos in der Gebrauchsanweisung (<a href=\"https:\/\/www.heliocos.de\/medien\">Heliocos Downloads<\/a>).<\/p>\n<p>Sie erhalten den Scanbody mit einer definitiven Abutmentschraube, die ebenfalls aus einer Titanlegierung gefertigt. Nutzen Sie weiterhin Ihre originalen Instrumente oder Instrumente von Heliocos <a href=\"http:\/\/shop.heliocos.de\/produkt\/instrumente\/straumann-instrumente\/eindrehinstrument-torx\/\">(Eindrehinstrument Torx\u00ae<\/a>).<\/p>\n<p>Bitte beachten Sie die Verf\u00fcgbarkeit der Heliocos Bibliotheken in der CAD\/CAM Prozesskette. Sie k\u00f6nnen die Bibliotheken auf der Internetseite von Heliocos herunterladen (<a href=\"https:\/\/www.heliocos.de\/medien\">Heliocos Downloads<\/a>). Informieren Sie sich in unserem Blogbeitrag \u00fcber die verf\u00fcgbaren Bibliotheken und Anforderungen an die CAD\/CAM Prozesskette\u00a0<a href=\"https:\/\/www.heliocos.de\/blog\">(Heliocos Blog<\/a>).<\/p>\n<p>Wenn Sie individuelle Abutments erstellen m\u00f6chten, sollten Sie unsere Scanbodys verwenden. Egal ob Sie einteilige individuelle Abutments oder okklusal verschraubte Kronen.<\/p>\n","protected":false},"excerpt":{"rendered":"<p>Scanbody passend zu Straumann\u00ae &#8211; Bone Level. Der Scanbody ist aus Titan Grade 4 gefertigt und verf\u00fcgt \u00fcber eine spezielle Anodisierung. Sie k\u00f6nnen den Scank\u00f6rper beliebig oft aufbereiten. Sie erhalten den Scanbody unsteril. Beachten Sie bitte die Anleitung von Heliocos in der Gebrauchsanweisung (Heliocos Downloads). Sie erhalten den Scanbody mit einer definitiven Abutmentschraube, die ebenfalls [&hellip;]<\/p>\n","protected":false},"featured_media":12635,"template":"","meta":[],"product_brand":[],"product_cat":[20],"product_tag":[88],"class_list":{"0":"post-20401","1":"product","2":"type-product","3":"status-publish","4":"has-post-thumbnail","6":"product_cat-bone-level","7":"product_tag-scanbody","9":"first","10":"instock","11":"taxable","12":"shipping-taxable","13":"purchasable","14":"product-type-variable","15":"rtwpvg-product"},"_links":{"self":[{"href":"https:\/\/shop.heliocos.de\/de\/wp-json\/wp\/v2\/product\/20401","targetHints":{"allow":["GET"]}}],"collection":[{"href":"https:\/\/shop.heliocos.de\/de\/wp-json\/wp\/v2\/product"}],"about":[{"href":"https:\/\/shop.heliocos.de\/de\/wp-json\/wp\/v2\/types\/product"}],"wp:featuredmedia":[{"embeddable":true,"href":"https:\/\/shop.heliocos.de\/de\/wp-json\/wp\/v2\/media\/12635"}],"wp:attachment":[{"href":"https:\/\/shop.heliocos.de\/de\/wp-json\/wp\/v2\/media?parent=20401"}],"wp:term":[{"taxonomy":"product_brand","embeddable":true,"href":"https:\/\/shop.heliocos.de\/de\/wp-json\/wp\/v2\/product_brand?post=20401"},{"taxonomy":"product_cat","embeddable":true,"href":"https:\/\/shop.heliocos.de\/de\/wp-json\/wp\/v2\/product_cat?post=20401"},{"taxonomy":"product_tag","embeddable":true,"href":"https:\/\/shop.heliocos.de\/de\/wp-json\/wp\/v2\/product_tag?post=20401"}],"curies":[{"name":"wp","href":"https:\/\/api.w.org\/{rel}","templated":true}]}}