{"id":32634,"date":"2023-08-23T13:36:57","date_gmt":"2023-08-23T11:36:58","guid":{"rendered":"https:\/\/shop.heliocos.de\/?post_type=product&#038;p=32634"},"modified":"2025-05-23T08:47:58","modified_gmt":"2025-05-23T06:47:58","slug":"laboratorni-implantat-pro-megagen-anyridge-kopie","status":"publish","type":"product","link":"https:\/\/shop.heliocos.de\/cs\/produkt\/anthogyr-cs\/axiom-bl-x3-cs\/laboratorni-implantat-pro-megagen-anyridge-kopie\/","title":{"rendered":"Laboratorn\u00ed implant\u00e1t pro Anthogyr\u00ae &#8211; Axiom\u00ae BL \/ X3"},"content":{"rendered":"<p>Laboratorn\u00ed analog vhodn\u00fd pro op\u011brky Anthogyr\u00ae &#8211; Axiom\u00ae BL \/ X3. Analog je vyroben z titanu t\u0159\u00eddy 5 (Ti6Al4V). Ka\u017ed\u00fd laboratorn\u00ed analog je 12 mm dlouh\u00fd, co\u017e v\u00e1m usnadn\u00ed jeho pou\u017e\u00edv\u00e1n\u00ed.<\/p>\n<p>V\u0161echny laboratorn\u00ed analogy jsou vyrobeny ze slitiny titanu.<\/p>\n<p>Vyu\u017eijte atraktivn\u00ed pom\u011br ceny a v\u00fdkonu Heliocos Analogs, proto nab\u00edz\u00edme odstup\u0148ovan\u00e9 ceny. V balen\u00ed po 10 stoj\u00ed laboratorn\u00ed analog ka\u017ed\u00fd 9 EUR, v balen\u00ed po 30 laboratorn\u00ed analog stoj\u00ed 8 EUR.<\/p>\n<p>Laboratorn\u00ed analogy vhodn\u00e9 pro Anthogyr\u00ae &#8211; Axiom\u00ae BL \/ X3 pou\u017e\u00edvejte tak\u00e9 pro ti\u0161t\u011bn\u00e9 modely. Chcete-li to prov\u00e9st, st\u00e1hn\u011bte si na\u0161e knihovny. St\u00e1hn\u011bte si knihovny pro sv\u016fj digit\u00e1ln\u00ed pracovn\u00ed postup z Heliocos (Heliocos Downloads).<\/p>\n","protected":false},"excerpt":{"rendered":"<p>Laboratorn\u00ed analog vhodn\u00fd pro op\u011brky Anthogyr\u00ae &#8211; Axiom\u00ae BL \/ X3. Analog je vyroben z titanu t\u0159\u00eddy 5 (Ti6Al4V). Ka\u017ed\u00fd laboratorn\u00ed analog je 12 mm dlouh\u00fd, co\u017e v\u00e1m usnadn\u00ed jeho pou\u017e\u00edv\u00e1n\u00ed. V\u0161echny laboratorn\u00ed analogy jsou vyrobeny ze slitiny titanu. Vyu\u017eijte atraktivn\u00ed pom\u011br ceny a v\u00fdkonu Heliocos Analogs, proto nab\u00edz\u00edme odstup\u0148ovan\u00e9 ceny. V balen\u00ed po 10 [&hellip;]<\/p>\n","protected":false},"featured_media":32640,"template":"","meta":[],"product_brand":[],"product_cat":[1047,1048],"product_tag":[384],"class_list":{"0":"post-32634","1":"product","2":"type-product","3":"status-publish","4":"has-post-thumbnail","6":"product_cat-anthogyr-cs","7":"product_cat-axiom-bl-x3-cs","8":"product_tag-laboratorni-implantat","10":"first","11":"instock","12":"taxable","13":"shipping-taxable","14":"purchasable","15":"product-type-simple"},"_links":{"self":[{"href":"https:\/\/shop.heliocos.de\/cs\/wp-json\/wp\/v2\/product\/32634","targetHints":{"allow":["GET"]}}],"collection":[{"href":"https:\/\/shop.heliocos.de\/cs\/wp-json\/wp\/v2\/product"}],"about":[{"href":"https:\/\/shop.heliocos.de\/cs\/wp-json\/wp\/v2\/types\/product"}],"wp:featuredmedia":[{"embeddable":true,"href":"https:\/\/shop.heliocos.de\/cs\/wp-json\/wp\/v2\/media\/32640"}],"wp:attachment":[{"href":"https:\/\/shop.heliocos.de\/cs\/wp-json\/wp\/v2\/media?parent=32634"}],"wp:term":[{"taxonomy":"product_brand","embeddable":true,"href":"https:\/\/shop.heliocos.de\/cs\/wp-json\/wp\/v2\/product_brand?post=32634"},{"taxonomy":"product_cat","embeddable":true,"href":"https:\/\/shop.heliocos.de\/cs\/wp-json\/wp\/v2\/product_cat?post=32634"},{"taxonomy":"product_tag","embeddable":true,"href":"https:\/\/shop.heliocos.de\/cs\/wp-json\/wp\/v2\/product_tag?post=32634"}],"curies":[{"name":"wp","href":"https:\/\/api.w.org\/{rel}","templated":true}]}}