{"id":32497,"date":"2023-06-21T13:03:17","date_gmt":"2023-06-21T11:03:17","guid":{"rendered":"https:\/\/shop.heliocos.de\/?post_type=product&#038;p=32497"},"modified":"2023-06-21T13:13:50","modified_gmt":"2023-06-21T11:13:50","slug":"laboratorni-implantat-pro-megagen-anyridge","status":"publish","type":"product","link":"https:\/\/shop.heliocos.de\/cs\/produkt\/megagen-cs\/anyridge-cs\/laboratorni-implantat-pro-megagen-anyridge\/","title":{"rendered":"Laboratorn\u00ed implant\u00e1t pro MegaGen\u00ae &#8211; AnyRidge\u00ae"},"content":{"rendered":"<p>Laboratorn\u00ed analog vhodn\u00fd pro abutmenty MegaGen\u00ae &#8211; AnyRidge\u00ae. Analogy jsou barevn\u011b odli\u0161eny, tak\u017ee m\u016f\u017eete produkty snadno odli\u0161it a p\u0159i\u0159adit. Ka\u017ed\u00fd laboratorn\u00ed analog je dlouh\u00fd 12 mm, co\u017e usnad\u0148uje jeho pou\u017e\u00edv\u00e1n\u00ed.<\/p>\n<p>V\u0161echny laboratorn\u00ed analogy jsou vyrobeny ze slitiny titanu.<\/p>\n<p>Vyu\u017eijte atraktivn\u00ed pom\u011br ceny a v\u00fdkonu Heliocos Analogs, proto nab\u00edz\u00edme odstup\u0148ovan\u00e9 ceny. V balen\u00ed po 10 stoj\u00ed laboratorn\u00ed analog ka\u017ed\u00fd 9 EUR, v balen\u00ed po 30 laboratorn\u00ed analog stoj\u00ed 8 EUR.<\/p>\n<p>Laboratorn\u00ed analogy vhodn\u00e9 pro MegaGen\u00ae &#8211; AnyRidge\u00ae pou\u017e\u00edvejte tak\u00e9 pro ti\u0161t\u011bn\u00e9 modely. Chcete-li to prov\u00e9st, st\u00e1hn\u011bte si na\u0161e knihovny. St\u00e1hn\u011bte si knihovny pro sv\u016fj digit\u00e1ln\u00ed pracovn\u00ed postup z Heliocos (Heliocos Downloads).<\/p>\n","protected":false},"excerpt":{"rendered":"<p>Laboratorn\u00ed analog vhodn\u00fd pro abutmenty MegaGen\u00ae &#8211; AnyRidge\u00ae. Analogy jsou barevn\u011b odli\u0161eny, tak\u017ee m\u016f\u017eete produkty snadno odli\u0161it a p\u0159i\u0159adit. Ka\u017ed\u00fd laboratorn\u00ed analog je dlouh\u00fd 12 mm, co\u017e usnad\u0148uje jeho pou\u017e\u00edv\u00e1n\u00ed. V\u0161echny laboratorn\u00ed analogy jsou vyrobeny ze slitiny titanu. Vyu\u017eijte atraktivn\u00ed pom\u011br ceny a v\u00fdkonu Heliocos Analogs, proto nab\u00edz\u00edme odstup\u0148ovan\u00e9 ceny. V balen\u00ed po 10 stoj\u00ed [&hellip;]<\/p>\n","protected":false},"featured_media":32503,"template":"","meta":[],"product_brand":[],"product_cat":[1038],"product_tag":[384],"class_list":{"0":"post-32497","1":"product","2":"type-product","3":"status-publish","4":"has-post-thumbnail","6":"product_cat-anyridge-cs","7":"product_tag-laboratorni-implantat","9":"first","10":"instock","11":"taxable","12":"shipping-taxable","13":"purchasable","14":"product-type-simple"},"_links":{"self":[{"href":"https:\/\/shop.heliocos.de\/cs\/wp-json\/wp\/v2\/product\/32497","targetHints":{"allow":["GET"]}}],"collection":[{"href":"https:\/\/shop.heliocos.de\/cs\/wp-json\/wp\/v2\/product"}],"about":[{"href":"https:\/\/shop.heliocos.de\/cs\/wp-json\/wp\/v2\/types\/product"}],"wp:featuredmedia":[{"embeddable":true,"href":"https:\/\/shop.heliocos.de\/cs\/wp-json\/wp\/v2\/media\/32503"}],"wp:attachment":[{"href":"https:\/\/shop.heliocos.de\/cs\/wp-json\/wp\/v2\/media?parent=32497"}],"wp:term":[{"taxonomy":"product_brand","embeddable":true,"href":"https:\/\/shop.heliocos.de\/cs\/wp-json\/wp\/v2\/product_brand?post=32497"},{"taxonomy":"product_cat","embeddable":true,"href":"https:\/\/shop.heliocos.de\/cs\/wp-json\/wp\/v2\/product_cat?post=32497"},{"taxonomy":"product_tag","embeddable":true,"href":"https:\/\/shop.heliocos.de\/cs\/wp-json\/wp\/v2\/product_tag?post=32497"}],"curies":[{"name":"wp","href":"https:\/\/api.w.org\/{rel}","templated":true}]}}