{"id":32353,"date":"2023-05-11T14:20:55","date_gmt":"2023-05-11T12:20:55","guid":{"rendered":"https:\/\/shop.heliocos.de\/?post_type=product&#038;p=32353"},"modified":"2023-05-11T14:30:47","modified_gmt":"2023-05-11T12:30:47","slug":"laboratorni-implantat-pro-straumann-blx-kopie","status":"publish","type":"product","link":"https:\/\/shop.heliocos.de\/cs\/produkt\/straumann-cs\/tlx-cs\/laboratorni-implantat-pro-straumann-blx-kopie\/","title":{"rendered":"Laboratorn\u00ed implant\u00e1t pro Straumann\u00ae \u2013 TLX"},"content":{"rendered":"<p>Laboratorn\u00ed analog vhodn\u00fd pro Straumann\u00ae &#8211; TLX. Vysoce kvalitn\u00ed barevn\u00e9 k\u00f3dov\u00e1n\u00ed umo\u017e\u0148uje snadn\u00e9 rozli\u0161en\u00ed a p\u0159i\u0159azen\u00ed. Ka\u017ed\u00fd laboratorn\u00ed analog je dlouh\u00fd 12 mm. D\u00edky tomu je pro v\u00e1s jednodu\u0161\u0161\u00ed pou\u017eit\u00ed a nemus\u00edte potom analogov\u00e9 zkracovat.<\/p>\n<p>Vyu\u017eijte atraktivn\u00ed odstup\u0148ovan\u00e9 ceny analog\u016f Heliocos a kupte si laboratorn\u00ed analogy v balen\u00ed po 10 nebo 30 kusech. V balen\u00ed po 10 stoj\u00ed laboratorn\u00ed analog ka\u017ed\u00fd 9 EUR, v balen\u00ed po 30 laboratorn\u00ed analog stoj\u00ed 8 EUR.<\/p>\n<p>Obdr\u017e\u00edte laboratorn\u00ed analogy nesteriln\u00ed. M\u016f\u017eete tak\u00e9 pou\u017e\u00edt laboratorn\u00ed analogy k porovn\u00e1n\u00ed Straumann\u00ae &#8211; TLX pro ti\u0161t\u011bn\u00e9 modely. Pou\u017e\u00edvejte knihovny Heliocos pro sv\u016fj digit\u00e1ln\u00ed pracovn\u00ed tok (stahov\u00e1n\u00ed Heliocos).<\/p>\n","protected":false},"excerpt":{"rendered":"<p>Laboratorn\u00ed analog vhodn\u00fd pro Straumann\u00ae &#8211; TLX. Vysoce kvalitn\u00ed barevn\u00e9 k\u00f3dov\u00e1n\u00ed umo\u017e\u0148uje snadn\u00e9 rozli\u0161en\u00ed a p\u0159i\u0159azen\u00ed. Ka\u017ed\u00fd laboratorn\u00ed analog je dlouh\u00fd 12 mm. D\u00edky tomu je pro v\u00e1s jednodu\u0161\u0161\u00ed pou\u017eit\u00ed a nemus\u00edte potom analogov\u00e9 zkracovat. Vyu\u017eijte atraktivn\u00ed odstup\u0148ovan\u00e9 ceny analog\u016f Heliocos a kupte si laboratorn\u00ed analogy v balen\u00ed po 10 nebo 30 kusech. V balen\u00ed [&hellip;]<\/p>\n","protected":false},"featured_media":32387,"template":"","meta":[],"product_brand":[],"product_cat":[1024],"product_tag":[384,1006,1025],"class_list":{"0":"post-32353","1":"product","2":"type-product","3":"status-publish","4":"has-post-thumbnail","6":"product_cat-tlx-cs","7":"product_tag-laboratorni-implantat","8":"product_tag-straumann-cs","9":"product_tag-tlx-cs","11":"first","12":"instock","13":"taxable","14":"shipping-taxable","15":"purchasable","16":"product-type-variable","17":"rtwpvg-product"},"_links":{"self":[{"href":"https:\/\/shop.heliocos.de\/cs\/wp-json\/wp\/v2\/product\/32353","targetHints":{"allow":["GET"]}}],"collection":[{"href":"https:\/\/shop.heliocos.de\/cs\/wp-json\/wp\/v2\/product"}],"about":[{"href":"https:\/\/shop.heliocos.de\/cs\/wp-json\/wp\/v2\/types\/product"}],"wp:featuredmedia":[{"embeddable":true,"href":"https:\/\/shop.heliocos.de\/cs\/wp-json\/wp\/v2\/media\/32387"}],"wp:attachment":[{"href":"https:\/\/shop.heliocos.de\/cs\/wp-json\/wp\/v2\/media?parent=32353"}],"wp:term":[{"taxonomy":"product_brand","embeddable":true,"href":"https:\/\/shop.heliocos.de\/cs\/wp-json\/wp\/v2\/product_brand?post=32353"},{"taxonomy":"product_cat","embeddable":true,"href":"https:\/\/shop.heliocos.de\/cs\/wp-json\/wp\/v2\/product_cat?post=32353"},{"taxonomy":"product_tag","embeddable":true,"href":"https:\/\/shop.heliocos.de\/cs\/wp-json\/wp\/v2\/product_tag?post=32353"}],"curies":[{"name":"wp","href":"https:\/\/api.w.org\/{rel}","templated":true}]}}