{"id":32293,"date":"2023-05-11T13:33:58","date_gmt":"2023-05-11T11:33:58","guid":{"rendered":"https:\/\/shop.heliocos.de\/?post_type=product&#038;p=32293"},"modified":"2023-05-11T13:51:06","modified_gmt":"2023-05-11T11:51:06","slug":"laboratorni-implantat-pro-straumann-bone-level-kopie","status":"publish","type":"product","link":"https:\/\/shop.heliocos.de\/cs\/produkt\/straumann-cs\/blx-cs\/laboratorni-implantat-pro-straumann-bone-level-kopie\/","title":{"rendered":"Laboratorn\u00ed implant\u00e1t pro Straumann\u00ae \u2013 BLX"},"content":{"rendered":"<p>Laboratorn\u00ed analog vhodn\u00fd pro Straumann\u00ae &#8211; BLX. Vysoce kvalitn\u00ed barevn\u00e9 k\u00f3dov\u00e1n\u00ed umo\u017e\u0148uje snadn\u00e9 rozli\u0161en\u00ed a p\u0159i\u0159azen\u00ed. Ka\u017ed\u00fd laboratorn\u00ed analog je dlouh\u00fd 12 mm. D\u00edky tomu je pro v\u00e1s jednodu\u0161\u0161\u00ed pou\u017eit\u00ed a nemus\u00edte potom analogov\u00e9 zkracovat.<\/p>\n<p>S pr\u016fm\u011brem 3,5 mm (RB) nebo 4,5 mm (WB)se snadno pou\u017e\u00edvaj\u00ed. Jsou vyrobeny ze slitiny titanu.<\/p>\n<p>Vyu\u017eijte atraktivn\u00ed odstup\u0148ovan\u00e9 ceny analog\u016f Heliocos a kupte si laboratorn\u00ed analogy v balen\u00ed po 10 nebo 30 kusech. V balen\u00ed po 10 stoj\u00ed laboratorn\u00ed analog ka\u017ed\u00fd 9 EUR, v balen\u00ed po 30 laboratorn\u00ed analog stoj\u00ed 8 EUR.<\/p>\n<p>Obdr\u017e\u00edte laboratorn\u00ed analogy nesteriln\u00ed. M\u016f\u017eete tak\u00e9 pou\u017e\u00edt laboratorn\u00ed analogy k porovn\u00e1n\u00ed Straumann\u00ae &#8211; Bone Level pro ti\u0161t\u011bn\u00e9 modely. Pou\u017e\u00edvejte knihovny Heliocos pro sv\u016fj digit\u00e1ln\u00ed pracovn\u00ed tok (stahov\u00e1n\u00ed Heliocos).<\/p>\n","protected":false},"excerpt":{"rendered":"<p>Laboratorn\u00ed analog vhodn\u00fd pro Straumann\u00ae &#8211; BLX. Vysoce kvalitn\u00ed barevn\u00e9 k\u00f3dov\u00e1n\u00ed umo\u017e\u0148uje snadn\u00e9 rozli\u0161en\u00ed a p\u0159i\u0159azen\u00ed. Ka\u017ed\u00fd laboratorn\u00ed analog je dlouh\u00fd 12 mm. D\u00edky tomu je pro v\u00e1s jednodu\u0161\u0161\u00ed pou\u017eit\u00ed a nemus\u00edte potom analogov\u00e9 zkracovat. S pr\u016fm\u011brem 3,5 mm (RB) nebo 4,5 mm (WB)se snadno pou\u017e\u00edvaj\u00ed. Jsou vyrobeny ze slitiny titanu. Vyu\u017eijte atraktivn\u00ed odstup\u0148ovan\u00e9 ceny [&hellip;]<\/p>\n","protected":false},"featured_media":32321,"template":"","meta":[],"product_brand":[],"product_cat":[1005],"product_tag":[1007,384,1006],"class_list":{"0":"post-32293","1":"product","2":"type-product","3":"status-publish","4":"has-post-thumbnail","6":"product_cat-blx-cs","7":"product_tag-blx-cs","8":"product_tag-laboratorni-implantat","9":"product_tag-straumann-cs","11":"first","12":"instock","13":"taxable","14":"shipping-taxable","15":"purchasable","16":"product-type-variable","17":"rtwpvg-product"},"_links":{"self":[{"href":"https:\/\/shop.heliocos.de\/cs\/wp-json\/wp\/v2\/product\/32293","targetHints":{"allow":["GET"]}}],"collection":[{"href":"https:\/\/shop.heliocos.de\/cs\/wp-json\/wp\/v2\/product"}],"about":[{"href":"https:\/\/shop.heliocos.de\/cs\/wp-json\/wp\/v2\/types\/product"}],"wp:featuredmedia":[{"embeddable":true,"href":"https:\/\/shop.heliocos.de\/cs\/wp-json\/wp\/v2\/media\/32321"}],"wp:attachment":[{"href":"https:\/\/shop.heliocos.de\/cs\/wp-json\/wp\/v2\/media?parent=32293"}],"wp:term":[{"taxonomy":"product_brand","embeddable":true,"href":"https:\/\/shop.heliocos.de\/cs\/wp-json\/wp\/v2\/product_brand?post=32293"},{"taxonomy":"product_cat","embeddable":true,"href":"https:\/\/shop.heliocos.de\/cs\/wp-json\/wp\/v2\/product_cat?post=32293"},{"taxonomy":"product_tag","embeddable":true,"href":"https:\/\/shop.heliocos.de\/cs\/wp-json\/wp\/v2\/product_tag?post=32293"}],"curies":[{"name":"wp","href":"https:\/\/api.w.org\/{rel}","templated":true}]}}