{"id":32252,"date":"2023-04-14T11:47:26","date_gmt":"2023-04-14T09:47:26","guid":{"rendered":"https:\/\/shop.heliocos.de\/produkt\/nezarazene\/rucni-kolo\/"},"modified":"2023-04-14T11:47:26","modified_gmt":"2023-04-14T09:47:26","slug":"rucni-kolo","status":"publish","type":"product","link":"https:\/\/shop.heliocos.de\/cs\/produkt\/nastroje\/rucni-kolo\/","title":{"rendered":"ru\u010dn\u00ed kolo"},"content":{"rendered":"<p>Ru\u010dn\u00ed kole\u010dko pro dr\u017een\u00ed n\u00e1stroj\u016f s \u0161estihrann\u00fdm adapt\u00e9rem pro r\u00e1\u010dnu.<\/p>\n","protected":false},"excerpt":{"rendered":"<p>Ru\u010dn\u00ed kole\u010dko pro dr\u017een\u00ed n\u00e1stroj\u016f s \u0161estihrann\u00fdm adapt\u00e9rem pro r\u00e1\u010dnu.<\/p>\n","protected":false},"featured_media":32253,"template":"","meta":[],"product_brand":[],"product_cat":[404],"product_tag":[561,376],"class_list":{"0":"post-32252","1":"product","2":"type-product","3":"status-publish","4":"has-post-thumbnail","6":"product_cat-nastroje","7":"product_tag-nastroj","8":"product_tag-pristrojovy-hex","10":"first","11":"instock","12":"taxable","13":"shipping-taxable","14":"purchasable","15":"product-type-simple"},"_links":{"self":[{"href":"https:\/\/shop.heliocos.de\/cs\/wp-json\/wp\/v2\/product\/32252","targetHints":{"allow":["GET"]}}],"collection":[{"href":"https:\/\/shop.heliocos.de\/cs\/wp-json\/wp\/v2\/product"}],"about":[{"href":"https:\/\/shop.heliocos.de\/cs\/wp-json\/wp\/v2\/types\/product"}],"wp:featuredmedia":[{"embeddable":true,"href":"https:\/\/shop.heliocos.de\/cs\/wp-json\/wp\/v2\/media\/32253"}],"wp:attachment":[{"href":"https:\/\/shop.heliocos.de\/cs\/wp-json\/wp\/v2\/media?parent=32252"}],"wp:term":[{"taxonomy":"product_brand","embeddable":true,"href":"https:\/\/shop.heliocos.de\/cs\/wp-json\/wp\/v2\/product_brand?post=32252"},{"taxonomy":"product_cat","embeddable":true,"href":"https:\/\/shop.heliocos.de\/cs\/wp-json\/wp\/v2\/product_cat?post=32252"},{"taxonomy":"product_tag","embeddable":true,"href":"https:\/\/shop.heliocos.de\/cs\/wp-json\/wp\/v2\/product_tag?post=32252"}],"curies":[{"name":"wp","href":"https:\/\/api.w.org\/{rel}","templated":true}]}}