{"id":28651,"date":"2021-05-27T14:17:06","date_gmt":"2021-05-27T12:17:06","guid":{"rendered":"http:\/\/shop.heliocos.de\/?post_type=product&#038;p=28651"},"modified":"2024-09-09T09:44:33","modified_gmt":"2024-09-09T07:44:33","slug":"laborset-standard-mit-pin","status":"publish","type":"product","link":"https:\/\/shop.heliocos.de\/cs\/produkt\/heli-loc-cs\/laborset-standard-mit-pin\/","title":{"rendered":"Laborset Standard (mit Pin)"},"content":{"rendered":"<p>Laborset Standard (mit Pin). Die Retentionseins\u00e4tze f\u00fcr Heli-Loc Abutment k\u00f6nnen Implantat-Angulationen von insgesamt 20\u00b0 ausgleichen.<\/p>\n<p>Retentionseins\u00e4tze passen ebenfalls auf den Classic Locator\u00ae und Kerator\u00ae. Bitte beachten Sie, dass die Retentionseins\u00e4tze nur in die <a href=\"http:\/\/shop.heliocos.de\/de\/produkt\/heli-loc\/matrize-fuer-retentionseinsatz\/\">Matrize <\/a>von Heliocos passen.<\/p>\n<p>Inhalt des Sets:<\/p>\n<ul>\n<li>Retentionseinsatz (gelb) mit Pin (0,7 kg)<\/li>\n<li>Retentionseinsatz (rosa) mit Pin (0,9 kg)<\/li>\n<li>Retentionseinsatz (klar) mit Pin (1,5 kg)<\/li>\n<li>Retentionseinsatz (lila) mit Pin (1,8 kg)<\/li>\n<li>Retentionseinsatz (schwarz) mit Pin (0 kg)<\/li>\n<li>Polymerisationseinsatz \/ Bearbeitungseinsatz<\/li>\n<li>Matrize<\/li>\n<\/ul>\n","protected":false},"excerpt":{"rendered":"<p>Laborset Standard (mit Pin). Die Retentionseins\u00e4tze f\u00fcr Heli-Loc Abutment k\u00f6nnen Implantat-Angulationen von insgesamt 20\u00b0 ausgleichen. Retentionseins\u00e4tze passen ebenfalls auf den Classic Locator\u00ae und Kerator\u00ae. Bitte beachten Sie, dass die Retentionseins\u00e4tze nur in die Matrize von Heliocos passen. Inhalt des Sets: Retentionseinsatz (gelb) mit Pin (0,7 kg) Retentionseinsatz (rosa) mit Pin (0,9 kg) Retentionseinsatz (klar) mit [&hellip;]<\/p>\n","protected":false},"featured_media":27749,"template":"","meta":[],"product_brand":[],"product_cat":[427],"product_tag":[936,961],"class_list":{"0":"post-28651","1":"product","2":"type-product","3":"status-publish","4":"has-post-thumbnail","6":"product_cat-heli-loc","7":"product_tag-heli-loc","8":"product_tag-retentionseinsatz","10":"first","11":"instock","12":"taxable","13":"shipping-taxable","14":"purchasable","15":"product-type-simple"},"_links":{"self":[{"href":"https:\/\/shop.heliocos.de\/cs\/wp-json\/wp\/v2\/product\/28651","targetHints":{"allow":["GET"]}}],"collection":[{"href":"https:\/\/shop.heliocos.de\/cs\/wp-json\/wp\/v2\/product"}],"about":[{"href":"https:\/\/shop.heliocos.de\/cs\/wp-json\/wp\/v2\/types\/product"}],"wp:featuredmedia":[{"embeddable":true,"href":"https:\/\/shop.heliocos.de\/cs\/wp-json\/wp\/v2\/media\/27749"}],"wp:attachment":[{"href":"https:\/\/shop.heliocos.de\/cs\/wp-json\/wp\/v2\/media?parent=28651"}],"wp:term":[{"taxonomy":"product_brand","embeddable":true,"href":"https:\/\/shop.heliocos.de\/cs\/wp-json\/wp\/v2\/product_brand?post=28651"},{"taxonomy":"product_cat","embeddable":true,"href":"https:\/\/shop.heliocos.de\/cs\/wp-json\/wp\/v2\/product_cat?post=28651"},{"taxonomy":"product_tag","embeddable":true,"href":"https:\/\/shop.heliocos.de\/cs\/wp-json\/wp\/v2\/product_tag?post=28651"}],"curies":[{"name":"wp","href":"https:\/\/api.w.org\/{rel}","templated":true}]}}