{"id":28159,"date":"2020-06-30T22:09:19","date_gmt":"2020-06-30T20:09:19","guid":{"rendered":"http:\/\/shop.heliocos.de\/produkt\/nezarazene\/laboratorni-sroub-2\/"},"modified":"2020-06-30T22:09:19","modified_gmt":"2020-06-30T20:09:19","slug":"laboratorni-sroub-2","status":"publish","type":"product","link":"https:\/\/shop.heliocos.de\/cs\/produkt\/straumann-cs\/bone-level-cs\/laboratorni-sroub-2\/","title":{"rendered":"Laboratorn\u00ed \u0161roub"},"content":{"rendered":"<p>Laboratorn\u00ed \u0161roub z titanu t\u0159\u00eddy 5 s p\u0159ipojen\u00edm Torx\u00ae vhodn\u00fd pro Heliocos SM-BL s\u00e9rie NC a RC se \u017elut\u00fdm barevn\u00fdm k\u00f3dov\u00e1n\u00edm. Origin\u00e1ln\u00ed n\u00e1stroje jsou tak\u00e9 kompatibiln\u00ed. Produkt je dod\u00e1v\u00e1n nesteriln\u00ed.<\/p>\n<p><strong>Laboratorn\u00ed a abutmentov\u00e9 \u0161rouby od spole\u010dnosti Heliocos lze kombinovat pouze s abutmenty Heliocos. Nekombinujte s op\u011brami jin\u00fdch v\u00fdrobc\u016f.<\/strong><\/p>\n","protected":false},"excerpt":{"rendered":"<p>Laboratorn\u00ed \u0161roub z titanu t\u0159\u00eddy 5 s p\u0159ipojen\u00edm Torx\u00ae vhodn\u00fd pro Heliocos SM-BL s\u00e9rie NC a RC se \u017elut\u00fdm barevn\u00fdm k\u00f3dov\u00e1n\u00edm. Origin\u00e1ln\u00ed n\u00e1stroje jsou tak\u00e9 kompatibiln\u00ed. Produkt je dod\u00e1v\u00e1n nesteriln\u00ed. Laboratorn\u00ed a abutmentov\u00e9 \u0161rouby od spole\u010dnosti Heliocos lze kombinovat pouze s abutmenty Heliocos. Nekombinujte s op\u011brami jin\u00fdch v\u00fdrobc\u016f.<\/p>\n","protected":false},"featured_media":28160,"template":"","meta":[],"product_brand":[],"product_cat":[421],"product_tag":[385],"class_list":{"0":"post-28159","1":"product","2":"type-product","3":"status-publish","4":"has-post-thumbnail","6":"product_cat-bone-level-cs","7":"product_tag-laboratorni-sroub","9":"first","10":"instock","11":"taxable","12":"shipping-taxable","13":"purchasable","14":"product-type-simple"},"_links":{"self":[{"href":"https:\/\/shop.heliocos.de\/cs\/wp-json\/wp\/v2\/product\/28159","targetHints":{"allow":["GET"]}}],"collection":[{"href":"https:\/\/shop.heliocos.de\/cs\/wp-json\/wp\/v2\/product"}],"about":[{"href":"https:\/\/shop.heliocos.de\/cs\/wp-json\/wp\/v2\/types\/product"}],"wp:featuredmedia":[{"embeddable":true,"href":"https:\/\/shop.heliocos.de\/cs\/wp-json\/wp\/v2\/media\/28160"}],"wp:attachment":[{"href":"https:\/\/shop.heliocos.de\/cs\/wp-json\/wp\/v2\/media?parent=28159"}],"wp:term":[{"taxonomy":"product_brand","embeddable":true,"href":"https:\/\/shop.heliocos.de\/cs\/wp-json\/wp\/v2\/product_brand?post=28159"},{"taxonomy":"product_cat","embeddable":true,"href":"https:\/\/shop.heliocos.de\/cs\/wp-json\/wp\/v2\/product_cat?post=28159"},{"taxonomy":"product_tag","embeddable":true,"href":"https:\/\/shop.heliocos.de\/cs\/wp-json\/wp\/v2\/product_tag?post=28159"}],"curies":[{"name":"wp","href":"https:\/\/api.w.org\/{rel}","templated":true}]}}