{"id":28060,"date":"2021-09-21T10:29:08","date_gmt":"2021-05-21T08:29:08","guid":{"rendered":"http:\/\/shop.heliocos.de\/produkt\/nezarazene\/opera-heli-loc-pro-straumann-bone-level\/"},"modified":"2021-05-21T10:29:08","modified_gmt":"2021-05-21T08:29:08","slug":"opera-heli-loc-pro-straumann-bone-level","status":"publish","type":"product","link":"https:\/\/shop.heliocos.de\/cs\/produkt\/straumann-cs\/bone-level-cs\/opera-heli-loc-pro-straumann-bone-level\/","title":{"rendered":"Op\u011bra Heli-Loc pro Straumann\u00ae &#8211; Bone Level"},"content":{"rendered":"<p>Op\u011bra Heli-Loc pro odn\u00edmateln\u00e9 overdentures pro Straumann\u00ae &#8211; \u00farove\u0148 kost\u00ed. Pomoc\u00ed pil\u00ed\u0159\u016f Heli-Loc m\u016f\u017eete obnovit \u010d\u00e1ste\u010dn\u00e9 a \u00fapln\u00e9 zubn\u00ed prot\u00e9zy. Konstrukce pil\u00ed\u0159e Heli-Loc odpov\u00edd\u00e1 designu Classic Locator\u00ae a Kerator\u00ae. Op\u011bry Heliocos se vyzna\u010duj\u00ed vysoce p\u0159esn\u00fdmi spoji implant\u00e1tu. Proto poskytujeme 30letou z\u00e1ruku v\u00fdrobce na op\u011bry Heli-Loc.<\/p>\n<p>Op\u011bry Heli-Loc maj\u00ed velmi tvrd\u00fd a biokompatibiln\u00ed povlak TiN, kter\u00fd se osv\u011bd\u010dil ji\u017e mnoho let. Op\u011brka pro overdenture je vyrobena ze slitiny titanu, kter\u00e1 m\u00e1 tak\u00e9 vynikaj\u00edc\u00ed biokompatibilitu. Osv\u011bd\u010den\u00fd design umo\u017e\u0148uje pou\u017eit\u00ed implant\u00e1t\u016f i p\u0159i siln\u00e9m za\u00fahlen\u00ed implant\u00e1tu &#8211; a\u017e 40 \u00b0 &#8211; a p\u0159i omezen\u00e9m okluzn\u00edm prostoru<\/p>\n<p>M\u016f\u017eete i nad\u00e1le pou\u017e\u00edvat reten\u010dn\u00ed prvky Classic Locator\u00ae nebo Kerator\u00ae. M\u016f\u017eete pokra\u010dovat v pou\u017e\u00edv\u00e1n\u00ed sv\u00fdch st\u00e1vaj\u00edc\u00edch zav\u00e1d\u011bc\u00edch n\u00e1stroj\u016f s troj\u00faheln\u00edkov\u00fdm p\u0159ipojen\u00edm nebo pomoc\u00ed zav\u00e1d\u011bc\u00edho n\u00e1stroje Heliocos Heli-Loc, kter\u00fd se velmi snadno pou\u017e\u00edv\u00e1 s d\u00e9lkou 18 mm. Op\u011bry Heli-Loc jsou nab\u00edzeny v r\u016fzn\u00fdch v\u00fd\u0161k\u00e1ch.<\/p>\n<p>Heliocos v\u00e1m nab\u00edz\u00ed r\u016fzn\u00e9 zadr\u017eovac\u00ed prvky s odtahov\u00fdmi silami od 0,6 kg do 1,8 kg. M\u016f\u017eete si vybrat mezi reten\u010dn\u00edmi prvky s kol\u00edkem nebo bez n\u011bj, abyste mohli kompenzovat \u00fahly implant\u00e1tu a\u017e do 40 \u00b0.<\/p>\n<p>Dodr\u017eujte pokyny spole\u010dnosti Heliocos v n\u00e1vodu k pou\u017eit\u00ed (<a href=\"https:\/\/www.heliocos.com\/downloads\">Heliocos ke sta\u017een\u00ed<\/a>).<\/p>\n","protected":false},"excerpt":{"rendered":"<p>Op\u011bra Heli-Loc pro odn\u00edmateln\u00e9 overdentures pro Straumann\u00ae &#8211; \u00farove\u0148 kost\u00ed. Pomoc\u00ed pil\u00ed\u0159\u016f Heli-Loc m\u016f\u017eete obnovit \u010d\u00e1ste\u010dn\u00e9 a \u00fapln\u00e9 zubn\u00ed prot\u00e9zy. Konstrukce pil\u00ed\u0159e Heli-Loc odpov\u00edd\u00e1 designu Classic Locator\u00ae a Kerator\u00ae. Op\u011bry Heliocos se vyzna\u010duj\u00ed vysoce p\u0159esn\u00fdmi spoji implant\u00e1tu. Proto poskytujeme 30letou z\u00e1ruku v\u00fdrobce na op\u011bry Heli-Loc. Op\u011bry Heli-Loc maj\u00ed velmi tvrd\u00fd a biokompatibiln\u00ed povlak TiN, kter\u00fd [&hellip;]<\/p>\n","protected":false},"featured_media":27596,"template":"","meta":[],"product_brand":[],"product_cat":[421,429],"product_tag":[939],"class_list":{"0":"post-28060","1":"product","2":"type-product","3":"status-publish","4":"has-post-thumbnail","6":"product_cat-bone-level-cs","7":"product_cat-heli-loc-cs","8":"product_tag-heli-loc-cs","10":"first","11":"instock","12":"taxable","13":"shipping-taxable","14":"purchasable","15":"product-type-variable","16":"rtwpvg-product"},"_links":{"self":[{"href":"https:\/\/shop.heliocos.de\/cs\/wp-json\/wp\/v2\/product\/28060","targetHints":{"allow":["GET"]}}],"collection":[{"href":"https:\/\/shop.heliocos.de\/cs\/wp-json\/wp\/v2\/product"}],"about":[{"href":"https:\/\/shop.heliocos.de\/cs\/wp-json\/wp\/v2\/types\/product"}],"wp:featuredmedia":[{"embeddable":true,"href":"https:\/\/shop.heliocos.de\/cs\/wp-json\/wp\/v2\/media\/27596"}],"wp:attachment":[{"href":"https:\/\/shop.heliocos.de\/cs\/wp-json\/wp\/v2\/media?parent=28060"}],"wp:term":[{"taxonomy":"product_brand","embeddable":true,"href":"https:\/\/shop.heliocos.de\/cs\/wp-json\/wp\/v2\/product_brand?post=28060"},{"taxonomy":"product_cat","embeddable":true,"href":"https:\/\/shop.heliocos.de\/cs\/wp-json\/wp\/v2\/product_cat?post=28060"},{"taxonomy":"product_tag","embeddable":true,"href":"https:\/\/shop.heliocos.de\/cs\/wp-json\/wp\/v2\/product_tag?post=28060"}],"curies":[{"name":"wp","href":"https:\/\/api.w.org\/{rel}","templated":true}]}}