{"id":27559,"date":"2021-05-19T14:54:15","date_gmt":"2021-05-19T12:54:15","guid":{"rendered":"http:\/\/shop.heliocos.de\/produkt\/nezarazene\/ovladac-pro-heli-loc\/"},"modified":"2021-05-19T15:27:16","modified_gmt":"2021-05-19T13:27:16","slug":"ovladac-pro-heli-loc","status":"publish","type":"product","link":"https:\/\/shop.heliocos.de\/cs\/produkt\/nastroje\/ovladac-pro-heli-loc\/","title":{"rendered":"Ovlada\u010d pro Heli-Loc"},"content":{"rendered":"<p>Ovlada\u010d pro meziopera\u010dn\u00ed pil\u00ed\u0159e Heliocos Heli-Loc s troj\u00faheln\u00edkov\u00fdm kl\u00ed\u010dem. P\u0159\u00edstroj m\u00e1 p\u0159ipojen\u00ed pro \u0161estihrannou r\u00e1\u010dnu 6.4.<\/p>\n<p>Ovlada\u010d Heli-Loc tak\u00e9 zapad\u00e1 do op\u011brek Classic Locator\u00ae a Kerator\u00ae.<\/p>\n<p>Produkt je dod\u00e1v\u00e1n nesteriln\u00ed.<\/p>\n","protected":false},"excerpt":{"rendered":"<p>Ovlada\u010d pro meziopera\u010dn\u00ed pil\u00ed\u0159e Heliocos Heli-Loc s troj\u00faheln\u00edkov\u00fdm kl\u00ed\u010dem. P\u0159\u00edstroj m\u00e1 p\u0159ipojen\u00ed pro \u0161estihrannou r\u00e1\u010dnu 6.4. Ovlada\u010d Heli-Loc tak\u00e9 zapad\u00e1 do op\u011brek Classic Locator\u00ae a Kerator\u00ae. Produkt je dod\u00e1v\u00e1n nesteriln\u00ed.<\/p>\n","protected":false},"featured_media":27548,"template":"","meta":[],"product_brand":[],"product_cat":[404,429],"product_tag":[561],"class_list":{"0":"post-27559","1":"product","2":"type-product","3":"status-publish","4":"has-post-thumbnail","6":"product_cat-nastroje","7":"product_cat-heli-loc-cs","8":"product_tag-nastroj","10":"first","11":"instock","12":"taxable","13":"shipping-taxable","14":"purchasable","15":"product-type-simple"},"_links":{"self":[{"href":"https:\/\/shop.heliocos.de\/cs\/wp-json\/wp\/v2\/product\/27559","targetHints":{"allow":["GET"]}}],"collection":[{"href":"https:\/\/shop.heliocos.de\/cs\/wp-json\/wp\/v2\/product"}],"about":[{"href":"https:\/\/shop.heliocos.de\/cs\/wp-json\/wp\/v2\/types\/product"}],"wp:featuredmedia":[{"embeddable":true,"href":"https:\/\/shop.heliocos.de\/cs\/wp-json\/wp\/v2\/media\/27548"}],"wp:attachment":[{"href":"https:\/\/shop.heliocos.de\/cs\/wp-json\/wp\/v2\/media?parent=27559"}],"wp:term":[{"taxonomy":"product_brand","embeddable":true,"href":"https:\/\/shop.heliocos.de\/cs\/wp-json\/wp\/v2\/product_brand?post=27559"},{"taxonomy":"product_cat","embeddable":true,"href":"https:\/\/shop.heliocos.de\/cs\/wp-json\/wp\/v2\/product_cat?post=27559"},{"taxonomy":"product_tag","embeddable":true,"href":"https:\/\/shop.heliocos.de\/cs\/wp-json\/wp\/v2\/product_tag?post=27559"}],"curies":[{"name":"wp","href":"https:\/\/api.w.org\/{rel}","templated":true}]}}