{"id":27439,"date":"2021-03-12T15:38:52","date_gmt":"2021-03-12T14:38:52","guid":{"rendered":"http:\/\/shop.heliocos.de\/produkt\/nezarazene\/zkusebni-teleso-pro-frezovani\/"},"modified":"2021-03-12T15:38:52","modified_gmt":"2021-03-12T14:38:52","slug":"zkusebni-teleso-pro-frezovani","status":"publish","type":"product","link":"https:\/\/shop.heliocos.de\/cs\/produkt\/frezovaci-prislusenstvi\/zkusebni-teleso-pro-frezovani\/","title":{"rendered":"Zku\u0161ebn\u00ed t\u011bleso pro fr\u00e9zov\u00e1n\u00ed (p\u0159edfr\u00e9zovan\u00e1 abutment)"},"content":{"rendered":"<p>Zku\u0161ebn\u00ed t\u011bleso pro ur\u010den\u00ed dat offsetu ve fr\u00e9zce.<\/p>\n<p>Materi\u00e1l: titan t\u0159\u00eddy 5<\/p>\n<p>Pr\u016fm\u011br: 11,5 mm<\/p>\n","protected":false},"excerpt":{"rendered":"<p>Zku\u0161ebn\u00ed t\u011bleso pro ur\u010den\u00ed dat offsetu ve fr\u00e9zce. Materi\u00e1l: titan t\u0159\u00eddy 5 Pr\u016fm\u011br: 11,5 mm<\/p>\n","protected":false},"featured_media":27434,"template":"","meta":[],"product_brand":[],"product_cat":[688],"product_tag":[667],"class_list":{"0":"post-27439","1":"product","2":"type-product","3":"status-publish","4":"has-post-thumbnail","6":"product_cat-frezovaci-prislusenstvi","7":"product_tag-predfrezovany-operny-blok","9":"first","10":"instock","11":"taxable","12":"shipping-taxable","13":"purchasable","14":"product-type-simple"},"_links":{"self":[{"href":"https:\/\/shop.heliocos.de\/cs\/wp-json\/wp\/v2\/product\/27439","targetHints":{"allow":["GET"]}}],"collection":[{"href":"https:\/\/shop.heliocos.de\/cs\/wp-json\/wp\/v2\/product"}],"about":[{"href":"https:\/\/shop.heliocos.de\/cs\/wp-json\/wp\/v2\/types\/product"}],"wp:featuredmedia":[{"embeddable":true,"href":"https:\/\/shop.heliocos.de\/cs\/wp-json\/wp\/v2\/media\/27434"}],"wp:attachment":[{"href":"https:\/\/shop.heliocos.de\/cs\/wp-json\/wp\/v2\/media?parent=27439"}],"wp:term":[{"taxonomy":"product_brand","embeddable":true,"href":"https:\/\/shop.heliocos.de\/cs\/wp-json\/wp\/v2\/product_brand?post=27439"},{"taxonomy":"product_cat","embeddable":true,"href":"https:\/\/shop.heliocos.de\/cs\/wp-json\/wp\/v2\/product_cat?post=27439"},{"taxonomy":"product_tag","embeddable":true,"href":"https:\/\/shop.heliocos.de\/cs\/wp-json\/wp\/v2\/product_tag?post=27439"}],"curies":[{"name":"wp","href":"https:\/\/api.w.org\/{rel}","templated":true}]}}