{"id":27153,"date":"2021-03-03T14:02:21","date_gmt":"2021-03-03T13:02:21","guid":{"rendered":"http:\/\/shop.heliocos.de\/produkt\/nezarazene\/predfrezovana-abutment-pro-camlog\/"},"modified":"2021-03-03T14:02:21","modified_gmt":"2021-03-03T13:02:21","slug":"predfrezovana-abutment-pro-camlog","status":"publish","type":"product","link":"https:\/\/shop.heliocos.de\/cs\/produkt\/camlog-cs\/screw-line-root-line2-cs\/predfrezovana-abutment-pro-camlog\/","title":{"rendered":"P\u0159edfr\u00e9zovan\u00e1 abutment pro Camlog\u00ae"},"content":{"rendered":"<p>P\u0159edem vyfr\u00e9zovan\u00e1 abutment pro implant\u00e1ty Camlog\u00ae pro v\u00fdrobu jednotliv\u00fdch abutment\u016f. M\u016f\u017eete si vybrat mezi r\u016fzn\u00fdmi pr\u016fm\u011bry.<\/p>\n<p>Vyu\u017eijte Scanbody od Heliocos k pln\u00e9mu vyu\u017eit\u00ed procesn\u00edho \u0159et\u011bzce CAD \/ CAM.<\/p>\n<p>Sekund\u00e1rn\u00ed \u010d\u00e1st je vyrobena ze slitiny titanu. To zaji\u0161\u0165uje vynikaj\u00edc\u00ed biokompatibilitu a vysokou pevnost.<\/p>\n<p>P\u0159edfr\u00e9zovan\u00e9 abutmenty z\u00edsk\u00e1te definitivn\u00edm abutmentov\u00fdm \u0161roubem. Op\u011brn\u00fd \u0161roub je tak\u00e9 vyroben ze slitiny titanu. M\u016f\u017eete i nad\u00e1le pou\u017e\u00edvat sv\u00e9 p\u016fvodn\u00ed n\u00e1stroje nebo n\u00e1stroje od spole\u010dnosti Heliocos (\u0161roubovac\u00ed n\u00e1stroje). P\u0159edfr\u00e9zovan\u00e1 op\u011bra a op\u011brn\u00fd \u0161roub jsou dod\u00e1v\u00e1ny jako sada. P\u0159ed pou\u017eit\u00edm si d\u00edly p\u0159ipravte. \u0158i\u010fte se pros\u00edm pokyny Heliocos v n\u00e1vodu k pou\u017eit\u00ed (Heliocos Downloads).<\/p>\n<p>Polotovary p\u0159edfr\u00e9zov\u00e1n\u00ed vy\u017eaduj\u00ed CAM knihovny specifick\u00e9 pro produkt. Zkontrolujte, zda v\u00e1\u0161 dodavatel CAM poskytuje na\u0161e knihovny.<\/p>\n","protected":false},"excerpt":{"rendered":"<p>P\u0159edem vyfr\u00e9zovan\u00e1 abutment pro implant\u00e1ty Camlog\u00ae pro v\u00fdrobu jednotliv\u00fdch abutment\u016f. M\u016f\u017eete si vybrat mezi r\u016fzn\u00fdmi pr\u016fm\u011bry. Vyu\u017eijte Scanbody od Heliocos k pln\u00e9mu vyu\u017eit\u00ed procesn\u00edho \u0159et\u011bzce CAD \/ CAM. Sekund\u00e1rn\u00ed \u010d\u00e1st je vyrobena ze slitiny titanu. To zaji\u0161\u0165uje vynikaj\u00edc\u00ed biokompatibilitu a vysokou pevnost. P\u0159edfr\u00e9zovan\u00e9 abutmenty z\u00edsk\u00e1te definitivn\u00edm abutmentov\u00fdm \u0161roubem. Op\u011brn\u00fd \u0161roub je tak\u00e9 vyroben ze slitiny [&hellip;]<\/p>\n","protected":false},"featured_media":27128,"template":"","meta":[],"product_brand":[],"product_cat":[398],"product_tag":[667],"class_list":{"0":"post-27153","1":"product","2":"type-product","3":"status-publish","4":"has-post-thumbnail","6":"product_cat-screw-line-root-line2-cs","7":"product_tag-predfrezovany-operny-blok","9":"first","10":"instock","11":"taxable","12":"shipping-taxable","13":"purchasable","14":"product-type-variable","15":"rtwpvg-product"},"_links":{"self":[{"href":"https:\/\/shop.heliocos.de\/cs\/wp-json\/wp\/v2\/product\/27153","targetHints":{"allow":["GET"]}}],"collection":[{"href":"https:\/\/shop.heliocos.de\/cs\/wp-json\/wp\/v2\/product"}],"about":[{"href":"https:\/\/shop.heliocos.de\/cs\/wp-json\/wp\/v2\/types\/product"}],"wp:featuredmedia":[{"embeddable":true,"href":"https:\/\/shop.heliocos.de\/cs\/wp-json\/wp\/v2\/media\/27128"}],"wp:attachment":[{"href":"https:\/\/shop.heliocos.de\/cs\/wp-json\/wp\/v2\/media?parent=27153"}],"wp:term":[{"taxonomy":"product_brand","embeddable":true,"href":"https:\/\/shop.heliocos.de\/cs\/wp-json\/wp\/v2\/product_brand?post=27153"},{"taxonomy":"product_cat","embeddable":true,"href":"https:\/\/shop.heliocos.de\/cs\/wp-json\/wp\/v2\/product_cat?post=27153"},{"taxonomy":"product_tag","embeddable":true,"href":"https:\/\/shop.heliocos.de\/cs\/wp-json\/wp\/v2\/product_tag?post=27153"}],"curies":[{"name":"wp","href":"https:\/\/api.w.org\/{rel}","templated":true}]}}