{"id":26650,"date":"2020-06-30T22:09:50","date_gmt":"2020-06-30T20:09:50","guid":{"rendered":"http:\/\/shop.heliocos.de\/produkt\/nezarazene\/individualni-opera-pro-conelog\/"},"modified":"2020-06-30T22:09:50","modified_gmt":"2020-06-30T20:09:50","slug":"individualni-opera-pro-conelog","status":"publish","type":"product","link":"https:\/\/shop.heliocos.de\/cs\/produkt\/camlog-cs\/conelog-cs\/individualni-opera-pro-conelog\/","title":{"rendered":"Individu\u00e1ln\u00ed op\u011bra pro Conelog\u00ae"},"content":{"rendered":"<p>Otiskovac\u00ed sloupky pro implant\u00e1ty Conelog\u00ae pro otev\u0159en\u00e9 a uzav\u0159en\u00e9 otisky. U uzav\u0159en\u00fdch otiskovac\u00edch sloupk\u016f si m\u016f\u017eete tak\u00e9 vybrat mezi kr\u00e1tkou a dlouhou verz\u00ed.<\/p>\n<p>Otiskovac\u00ed sloupky jsou vyrobeny ze slitiny titanu a barevn\u011b odli\u0161eny, tak\u017ee je m\u016f\u017eete snadno p\u0159i\u0159adit.<\/p>\n<p>Otiskovac\u00ed sloupky z\u00edsk\u00e1te jako sada s jedn\u00edm \u0161roubem. V p\u0159\u00edpad\u011b pot\u0159eby m\u016f\u017eete p\u0159\u00edsp\u011bvek znovu zpracovat, jak \u010dasto chcete. Otisk obdr\u017e\u00edte nesteriln\u00ed, proto byste m\u011bli postupovat podle pokyn\u016f k p\u0159epracov\u00e1n\u00ed Heliocos v pokynech k pou\u017eit\u00ed (Heliocos ke sta\u017een\u00ed).<\/p>\n<p>Po pou\u017eit\u00ed nen\u00ed povoleno znovu zpracov\u00e1vat reduk\u010dn\u00ed \u010depi\u010dky, tak\u017ee je m\u016f\u017eete znovu objednat.<\/p>\n","protected":false},"excerpt":{"rendered":"<p>Otiskovac\u00ed sloupky pro implant\u00e1ty Conelog\u00ae pro otev\u0159en\u00e9 a uzav\u0159en\u00e9 otisky. U uzav\u0159en\u00fdch otiskovac\u00edch sloupk\u016f si m\u016f\u017eete tak\u00e9 vybrat mezi kr\u00e1tkou a dlouhou verz\u00ed. Otiskovac\u00ed sloupky jsou vyrobeny ze slitiny titanu a barevn\u011b odli\u0161eny, tak\u017ee je m\u016f\u017eete snadno p\u0159i\u0159adit. Otiskovac\u00ed sloupky z\u00edsk\u00e1te jako sada s jedn\u00edm \u0161roubem. V p\u0159\u00edpad\u011b pot\u0159eby m\u016f\u017eete p\u0159\u00edsp\u011bvek znovu zpracovat, jak \u010dasto [&hellip;]<\/p>\n","protected":false},"featured_media":26651,"template":"","meta":[],"product_brand":[],"product_cat":[397],"product_tag":[382],"class_list":{"0":"post-26650","1":"product","2":"type-product","3":"status-publish","4":"has-post-thumbnail","6":"product_cat-conelog-cs","7":"product_tag-individualni-opera","9":"first","10":"outofstock","11":"taxable","12":"shipping-taxable","13":"purchasable","14":"product-type-variable","15":"rtwpvg-product"},"_links":{"self":[{"href":"https:\/\/shop.heliocos.de\/cs\/wp-json\/wp\/v2\/product\/26650","targetHints":{"allow":["GET"]}}],"collection":[{"href":"https:\/\/shop.heliocos.de\/cs\/wp-json\/wp\/v2\/product"}],"about":[{"href":"https:\/\/shop.heliocos.de\/cs\/wp-json\/wp\/v2\/types\/product"}],"wp:featuredmedia":[{"embeddable":true,"href":"https:\/\/shop.heliocos.de\/cs\/wp-json\/wp\/v2\/media\/26651"}],"wp:attachment":[{"href":"https:\/\/shop.heliocos.de\/cs\/wp-json\/wp\/v2\/media?parent=26650"}],"wp:term":[{"taxonomy":"product_brand","embeddable":true,"href":"https:\/\/shop.heliocos.de\/cs\/wp-json\/wp\/v2\/product_brand?post=26650"},{"taxonomy":"product_cat","embeddable":true,"href":"https:\/\/shop.heliocos.de\/cs\/wp-json\/wp\/v2\/product_cat?post=26650"},{"taxonomy":"product_tag","embeddable":true,"href":"https:\/\/shop.heliocos.de\/cs\/wp-json\/wp\/v2\/product_tag?post=26650"}],"curies":[{"name":"wp","href":"https:\/\/api.w.org\/{rel}","templated":true}]}}