{"id":26602,"date":"2020-06-30T22:10:16","date_gmt":"2020-06-30T20:10:16","guid":{"rendered":"http:\/\/shop.heliocos.de\/produkt\/nezarazene\/individualni-abutment-pro-dentsply-astra-tech-ev\/"},"modified":"2020-06-30T22:10:16","modified_gmt":"2020-06-30T20:10:16","slug":"individualni-abutment-pro-dentsply-astra-tech-ev","status":"publish","type":"product","link":"https:\/\/shop.heliocos.de\/cs\/produkt\/dentsply-cs\/astra-tech-ev-cs\/individualni-abutment-pro-dentsply-astra-tech-ev\/","title":{"rendered":"Individu\u00e1ln\u00ed abutment pro Dentsply\u00ae &#8211; Astra Tech\u00ae EV \u2122"},"content":{"rendered":"<p>Individu\u00e1ln\u00ed abutment pro Dentsply\u00ae &#8211; Astra Tech\u00ae EV \u2122 vyroben\u00fd z titanu 5. Vyu\u017eijte mo\u017enosti p\u0159izp\u016fsoben\u00ed abutment\u016f.<\/p>\n<p>Jednotliv\u00e9 op\u011bry jsou fr\u00e9zov\u00e1ny na z\u00e1klad\u011b va\u0161ich CAD dat. Pou\u017e\u00edv\u00e1me CE fr\u00e9zovan\u00e9 polotovary od spole\u010dnosti Heliocos.<\/p>\n<p>K dosa\u017een\u00ed optim\u00e1ln\u00edho v\u00fdsledku pou\u017eijte skenovac\u00ed t\u011blo pro knihovny Astra Tech\u00ae EV \u2122 a CAD od spole\u010dnosti Heliocos. Jednotliv\u00e9 abutmenty dod\u00e1v\u00e1me nesteriln\u00ed, proto byste m\u011bli postupovat podle pokyn\u016f pro p\u0159epracov\u00e1n\u00ed Heliocos v n\u00e1vodu k pou\u017eit\u00ed (Heliocos Downloads).<\/p>\n<p>Individu\u00e1ln\u00ed op\u011bra se dod\u00e1v\u00e1 jako sada s definitivn\u00edm op\u011brn\u00fdm \u0161roubem. Op\u011brn\u00fd \u0161roub je tak\u00e9 vyroben ze slitiny titanu. M\u016f\u017eete i nad\u00e1le pou\u017e\u00edvat sv\u00e9 p\u016fvodn\u00ed n\u00e1stroje nebo n\u00e1stroje od spole\u010dnosti Heliocos (\u0161estihrann\u00fd \u0161roubov\u00e1k).<\/p>\n<p>Jednotliv\u00e9 abutmenty bal\u00edme jednotliv\u011b a p\u0159ipev\u0148ujeme k nim \u0161t\u00edtky pacient\u016f. Op\u011bry proto m\u016f\u017eete snadno p\u0159i\u0159adit.<\/p>\n","protected":false},"excerpt":{"rendered":"<p>Individu\u00e1ln\u00ed abutment pro Dentsply\u00ae &#8211; Astra Tech\u00ae EV \u2122 vyroben\u00fd z titanu 5. Vyu\u017eijte mo\u017enosti p\u0159izp\u016fsoben\u00ed abutment\u016f. Jednotliv\u00e9 op\u011bry jsou fr\u00e9zov\u00e1ny na z\u00e1klad\u011b va\u0161ich CAD dat. Pou\u017e\u00edv\u00e1me CE fr\u00e9zovan\u00e9 polotovary od spole\u010dnosti Heliocos. K dosa\u017een\u00ed optim\u00e1ln\u00edho v\u00fdsledku pou\u017eijte skenovac\u00ed t\u011blo pro knihovny Astra Tech\u00ae EV \u2122 a CAD od spole\u010dnosti Heliocos. Jednotliv\u00e9 abutmenty dod\u00e1v\u00e1me nesteriln\u00ed, [&hellip;]<\/p>\n","protected":false},"featured_media":26603,"template":"","meta":[],"product_brand":[],"product_cat":[401],"product_tag":[382],"class_list":{"0":"post-26602","1":"product","2":"type-product","3":"status-publish","4":"has-post-thumbnail","6":"product_cat-astra-tech-ev-cs","7":"product_tag-individualni-opera","9":"first","10":"outofstock","11":"taxable","12":"shipping-taxable","13":"purchasable","14":"product-type-variable","15":"rtwpvg-product"},"_links":{"self":[{"href":"https:\/\/shop.heliocos.de\/cs\/wp-json\/wp\/v2\/product\/26602","targetHints":{"allow":["GET"]}}],"collection":[{"href":"https:\/\/shop.heliocos.de\/cs\/wp-json\/wp\/v2\/product"}],"about":[{"href":"https:\/\/shop.heliocos.de\/cs\/wp-json\/wp\/v2\/types\/product"}],"wp:featuredmedia":[{"embeddable":true,"href":"https:\/\/shop.heliocos.de\/cs\/wp-json\/wp\/v2\/media\/26603"}],"wp:attachment":[{"href":"https:\/\/shop.heliocos.de\/cs\/wp-json\/wp\/v2\/media?parent=26602"}],"wp:term":[{"taxonomy":"product_brand","embeddable":true,"href":"https:\/\/shop.heliocos.de\/cs\/wp-json\/wp\/v2\/product_brand?post=26602"},{"taxonomy":"product_cat","embeddable":true,"href":"https:\/\/shop.heliocos.de\/cs\/wp-json\/wp\/v2\/product_cat?post=26602"},{"taxonomy":"product_tag","embeddable":true,"href":"https:\/\/shop.heliocos.de\/cs\/wp-json\/wp\/v2\/product_tag?post=26602"}],"curies":[{"name":"wp","href":"https:\/\/api.w.org\/{rel}","templated":true}]}}