{"id":26524,"date":"2020-06-30T22:09:33","date_gmt":"2020-06-30T20:09:33","guid":{"rendered":"http:\/\/shop.heliocos.de\/produkt\/nezarazene\/rovne-pevne-opery-pro-camlog\/"},"modified":"2020-06-30T22:09:33","modified_gmt":"2020-06-30T20:09:33","slug":"rovne-pevne-opery-pro-camlog","status":"publish","type":"product","link":"https:\/\/shop.heliocos.de\/cs\/produkt\/camlog-cs\/screw-line-root-line2-cs\/rovne-pevne-opery-pro-camlog\/","title":{"rendered":"Rovn\u00e9 pevn\u00e9 op\u011bry pro Camlog\u00ae"},"content":{"rendered":"<p>Rovn\u00e9 pevn\u00e9 op\u011bry pro implant\u00e1ty Camlog\u00ae. P\u0159\u00edm\u00e1 op\u011bra je vyrobena ze slitiny titanu. To zaji\u0161\u0165uje vynikaj\u00edc\u00ed biokompatibilitu a vysokou pevnost. Univerz\u00e1ln\u00ed op\u011bry jsou ur\u010deny pro cementovanou n\u00e1hradu. P\u0159\u00edm\u00e1 op\u011bra se vyzna\u010duje vysoce p\u0159esn\u00fdm spojen\u00edm. Proto poskytujeme 30letou z\u00e1ruku v\u00fdrobce na p\u0159\u00edm\u00e9 op\u011bry.<\/p>\n<p>Rovn\u00e9 pevn\u00e9 pil\u00ed\u0159e jsou dod\u00e1v\u00e1ny se dv\u011bma definitivn\u00edmi pil\u00ed\u0159i. Op\u011brn\u00e9 \u0161rouby jsou tak\u00e9 vyrobeny ze slitiny titanu. M\u016f\u017eete i nad\u00e1le pou\u017e\u00edvat sv\u00e9 p\u016fvodn\u00ed n\u00e1stroje nebo n\u00e1stroje od spole\u010dnosti Heliocos. Rovn\u00e9 univerz\u00e1ln\u00ed op\u011bry a op\u011brn\u00e9 \u0161rouby jsou dod\u00e1v\u00e1ny jako sada. P\u0159ed pou\u017eit\u00edm si d\u00edly p\u0159ipravte. P\u0159e\u010dt\u011bte si pros\u00edm pokyny Heliocos v n\u00e1vodu k pou\u017eit\u00ed (Heliocos Downloads).<\/p>\n<p>M\u016f\u017eete si tak\u00e9 objednat vhodn\u00e9 n\u00e1stroje pro p\u0159\u00edm\u00e9 op\u011bry vhodn\u00e9 pro Camlog\u00ae (\u0161estihrann\u00fd \u0161roubov\u00e1k).<\/p>\n","protected":false},"excerpt":{"rendered":"<p>Rovn\u00e9 pevn\u00e9 op\u011bry pro implant\u00e1ty Camlog\u00ae. P\u0159\u00edm\u00e1 op\u011bra je vyrobena ze slitiny titanu. To zaji\u0161\u0165uje vynikaj\u00edc\u00ed biokompatibilitu a vysokou pevnost. Univerz\u00e1ln\u00ed op\u011bry jsou ur\u010deny pro cementovanou n\u00e1hradu. P\u0159\u00edm\u00e1 op\u011bra se vyzna\u010duje vysoce p\u0159esn\u00fdm spojen\u00edm. Proto poskytujeme 30letou z\u00e1ruku v\u00fdrobce na p\u0159\u00edm\u00e9 op\u011bry. Rovn\u00e9 pevn\u00e9 pil\u00ed\u0159e jsou dod\u00e1v\u00e1ny se dv\u011bma definitivn\u00edmi pil\u00ed\u0159i. Op\u011brn\u00e9 \u0161rouby jsou tak\u00e9 [&hellip;]<\/p>\n","protected":false},"featured_media":26525,"template":"","meta":[],"product_brand":[],"product_cat":[398],"product_tag":[387],"class_list":{"0":"post-26524","1":"product","2":"type-product","3":"status-publish","4":"has-post-thumbnail","6":"product_cat-screw-line-root-line2-cs","7":"product_tag-pevne-opery","9":"first","10":"instock","11":"taxable","12":"shipping-taxable","13":"purchasable","14":"product-type-variable","15":"rtwpvg-product"},"_links":{"self":[{"href":"https:\/\/shop.heliocos.de\/cs\/wp-json\/wp\/v2\/product\/26524","targetHints":{"allow":["GET"]}}],"collection":[{"href":"https:\/\/shop.heliocos.de\/cs\/wp-json\/wp\/v2\/product"}],"about":[{"href":"https:\/\/shop.heliocos.de\/cs\/wp-json\/wp\/v2\/types\/product"}],"wp:featuredmedia":[{"embeddable":true,"href":"https:\/\/shop.heliocos.de\/cs\/wp-json\/wp\/v2\/media\/26525"}],"wp:attachment":[{"href":"https:\/\/shop.heliocos.de\/cs\/wp-json\/wp\/v2\/media?parent=26524"}],"wp:term":[{"taxonomy":"product_brand","embeddable":true,"href":"https:\/\/shop.heliocos.de\/cs\/wp-json\/wp\/v2\/product_brand?post=26524"},{"taxonomy":"product_cat","embeddable":true,"href":"https:\/\/shop.heliocos.de\/cs\/wp-json\/wp\/v2\/product_cat?post=26524"},{"taxonomy":"product_tag","embeddable":true,"href":"https:\/\/shop.heliocos.de\/cs\/wp-json\/wp\/v2\/product_tag?post=26524"}],"curies":[{"name":"wp","href":"https:\/\/api.w.org\/{rel}","templated":true}]}}