{"id":26504,"date":"2020-06-30T22:09:56","date_gmt":"2020-06-30T20:09:56","guid":{"rendered":"http:\/\/shop.heliocos.de\/produkt\/nezarazene\/abutment-specificky\/"},"modified":"2020-06-30T22:09:56","modified_gmt":"2020-06-30T20:09:56","slug":"abutment-specificky","status":"publish","type":"product","link":"https:\/\/shop.heliocos.de\/cs\/produkt\/dentsply-cs\/ankylos-cs\/abutment-specificky\/","title":{"rendered":"Abutment specifick\u00fd pro Ankylos\u00ae"},"content":{"rendered":"<p>Abutment specifick\u00fd pro pacienta pro Dentsply\u00ae &#8211; Ankylos\u00ae vyroben\u00fd z titanu t\u0159\u00eddy 5. Vyu\u017eijte p\u0159\u00edle\u017eitosti pou\u017e\u00edt abutmenty individu\u00e1ln\u011b pro ka\u017ed\u00e9ho pacienta.<\/p>\n<p>Jednotliv\u00e9 op\u011bry jsou fr\u00e9zov\u00e1ny na z\u00e1klad\u011b va\u0161ich CAD dat. Pou\u017e\u00edv\u00e1me CE fr\u00e9zovan\u00e9 polotovary od spole\u010dnosti Heliocos.<\/p>\n<p>K dosa\u017een\u00ed nejlep\u0161\u00edho mo\u017en\u00e9ho v\u00fdsledku pou\u017eijte t\u011bla skenov\u00e1n\u00ed (skenovac\u00ed t\u011blo pro Ankylos\u00ae) a knihovny CAD od spole\u010dnosti Heliocos. Jednotliv\u00e9 abutmenty v\u00e1m dod\u00e1v\u00e1me nesteriln\u00ed, proto byste m\u011bli postupovat podle pokyn\u016f pro p\u0159epracov\u00e1n\u00ed Heliocos v n\u00e1vodu k pou\u017eit\u00ed (Heliocos Downloads).<\/p>\n<p>Individu\u00e1ln\u00ed op\u011bra se dod\u00e1v\u00e1 jako sada s definitivn\u00edm op\u011brn\u00fdm \u0161roubem. Op\u011brn\u00fd \u0161roub je tak\u00e9 vyroben ze slitiny titanu. M\u016f\u017eete i nad\u00e1le pou\u017e\u00edvat sv\u00e9 p\u016fvodn\u00ed n\u00e1stroje nebo n\u00e1stroje od spole\u010dnosti Heliocos (\u0161estihrann\u00fd \u0161roubov\u00e1k).<\/p>\n<p>Jednotliv\u00e9 abutmenty bal\u00edme jednotliv\u011b a p\u0159ipev\u0148ujeme k nim \u0161t\u00edtky pacient\u016f. Op\u011bry proto m\u016f\u017eete snadno p\u0159i\u0159adit.<\/p>\n","protected":false},"excerpt":{"rendered":"<p>Abutment specifick\u00fd pro pacienta pro Dentsply\u00ae &#8211; Ankylos\u00ae vyroben\u00fd z titanu t\u0159\u00eddy 5. Vyu\u017eijte p\u0159\u00edle\u017eitosti pou\u017e\u00edt abutmenty individu\u00e1ln\u011b pro ka\u017ed\u00e9ho pacienta. Jednotliv\u00e9 op\u011bry jsou fr\u00e9zov\u00e1ny na z\u00e1klad\u011b va\u0161ich CAD dat. Pou\u017e\u00edv\u00e1me CE fr\u00e9zovan\u00e9 polotovary od spole\u010dnosti Heliocos. K dosa\u017een\u00ed nejlep\u0161\u00edho mo\u017en\u00e9ho v\u00fdsledku pou\u017eijte t\u011bla skenov\u00e1n\u00ed (skenovac\u00ed t\u011blo pro Ankylos\u00ae) a knihovny CAD od spole\u010dnosti Heliocos. [&hellip;]<\/p>\n","protected":false},"featured_media":26505,"template":"","meta":[],"product_brand":[],"product_cat":[400],"product_tag":[382],"class_list":{"0":"post-26504","1":"product","2":"type-product","3":"status-publish","4":"has-post-thumbnail","6":"product_cat-ankylos-cs","7":"product_tag-individualni-opera","9":"first","10":"outofstock","11":"taxable","12":"shipping-taxable","13":"purchasable","14":"product-type-simple"},"_links":{"self":[{"href":"https:\/\/shop.heliocos.de\/cs\/wp-json\/wp\/v2\/product\/26504","targetHints":{"allow":["GET"]}}],"collection":[{"href":"https:\/\/shop.heliocos.de\/cs\/wp-json\/wp\/v2\/product"}],"about":[{"href":"https:\/\/shop.heliocos.de\/cs\/wp-json\/wp\/v2\/types\/product"}],"wp:featuredmedia":[{"embeddable":true,"href":"https:\/\/shop.heliocos.de\/cs\/wp-json\/wp\/v2\/media\/26505"}],"wp:attachment":[{"href":"https:\/\/shop.heliocos.de\/cs\/wp-json\/wp\/v2\/media?parent=26504"}],"wp:term":[{"taxonomy":"product_brand","embeddable":true,"href":"https:\/\/shop.heliocos.de\/cs\/wp-json\/wp\/v2\/product_brand?post=26504"},{"taxonomy":"product_cat","embeddable":true,"href":"https:\/\/shop.heliocos.de\/cs\/wp-json\/wp\/v2\/product_cat?post=26504"},{"taxonomy":"product_tag","embeddable":true,"href":"https:\/\/shop.heliocos.de\/cs\/wp-json\/wp\/v2\/product_tag?post=26504"}],"curies":[{"name":"wp","href":"https:\/\/api.w.org\/{rel}","templated":true}]}}