{"id":26339,"date":"2020-10-26T13:31:59","date_gmt":"2020-11-10T13:12:40","guid":{"rendered":"http:\/\/shop.heliocos.de\/?post_type=product&#038;p=26339"},"modified":"2021-01-19T16:22:06","modified_gmt":"2021-01-19T15:22:06","slug":"uhlova-opera-9","status":"publish","type":"product","link":"https:\/\/shop.heliocos.de\/cs\/produkt\/nobel-biocare-cs\/nobelactive-nobelreplace-cc-cs\/uhlova-opera-9\/","title":{"rendered":"Angulovan\u00fd abutment pro Nobel Biocare\u00ae"},"content":{"rendered":"<p>Angulovan\u00fd abutment pro Nobel Biocare\u00ae s vnit\u0159n\u00edm ku\u017eelov\u00fdm spojen\u00edm. \u00dahlov\u00e1 op\u011bra je vyrobena ze slitiny titanu. To zaji\u0161\u0165uje vynikaj\u00edc\u00ed biokompatibilitu a vysokou pevnost. \u00dahlov\u00e9 op\u011bry jsou rota\u010dn\u011b zaji\u0161t\u011bny a jsou ur\u010deny pro cementovanou n\u00e1hradu. M\u016f\u017eete si vybrat z r\u016fzn\u00fdch \u00fahl\u016f (18 \u00b0 a 25 \u00b0) a v\u00fd\u0161ek d\u00e1sn\u00ed (1,5 mm a 3 mm). \u00dahlov\u00e1 op\u011bra se vyzna\u010duje vysoce p\u0159esn\u00fdm spojen\u00edm. Proto poskytujeme 30letou z\u00e1ruku na \u0161ikm\u00e9 podp\u011bry.<\/p>\n<p>\u00dahlov\u00e9 op\u011bry jsou dod\u00e1v\u00e1ny s definitivn\u00edm op\u011brn\u00fdm \u0161roubem. Op\u011brn\u00fd \u0161roub je tak\u00e9 vyroben ze slitiny titanu. M\u016f\u017eete i nad\u00e1le pou\u017e\u00edvat sv\u00e9 p\u016fvodn\u00ed n\u00e1stroje nebo n\u00e1stroje od spole\u010dnosti Heliocos. \u00dahlov\u00e1 podp\u011bra a op\u011brn\u00fd \u0161roub jsou dod\u00e1v\u00e1ny jako sada. D\u00edly jsou nesteriln\u00ed a p\u0159ed pou\u017eit\u00edm mus\u00edte produkty znovu zpracovat. P\u0159e\u010dt\u011bte si pros\u00edm pokyny Heliocos v n\u00e1vodu k pou\u017eit\u00ed (Heliocos Downloads).<\/p>\n<p>M\u016f\u017eete si tak\u00e9 objednat vhodn\u00e9 n\u00e1stroje pro \u0161ikm\u00e9 podp\u011bry, kter\u00e9 odpov\u00eddaj\u00ed Nobel Biocare\u00ae (ovlada\u010d UniGrip).<\/p>\n","protected":false},"excerpt":{"rendered":"<p>Angulovan\u00fd abutment pro Nobel Biocare\u00ae s vnit\u0159n\u00edm ku\u017eelov\u00fdm spojen\u00edm. \u00dahlov\u00e1 op\u011bra je vyrobena ze slitiny titanu. To zaji\u0161\u0165uje vynikaj\u00edc\u00ed biokompatibilitu a vysokou pevnost. \u00dahlov\u00e9 op\u011bry jsou rota\u010dn\u011b zaji\u0161t\u011bny a jsou ur\u010deny pro cementovanou n\u00e1hradu. M\u016f\u017eete si vybrat z r\u016fzn\u00fdch \u00fahl\u016f (18 \u00b0 a 25 \u00b0) a v\u00fd\u0161ek d\u00e1sn\u00ed (1,5 mm a 3 mm). \u00dahlov\u00e1 op\u011bra [&hellip;]<\/p>\n","protected":false},"featured_media":26274,"template":"","meta":[],"product_brand":[],"product_cat":[417],"product_tag":[380],"class_list":{"0":"post-26339","1":"product","2":"type-product","3":"status-publish","4":"has-post-thumbnail","6":"product_cat-nobelactive-nobelreplace-cc-cs","7":"product_tag-uhlova-opera","9":"first","10":"instock","11":"taxable","12":"shipping-taxable","13":"purchasable","14":"product-type-variable","15":"rtwpvg-product"},"_links":{"self":[{"href":"https:\/\/shop.heliocos.de\/cs\/wp-json\/wp\/v2\/product\/26339","targetHints":{"allow":["GET"]}}],"collection":[{"href":"https:\/\/shop.heliocos.de\/cs\/wp-json\/wp\/v2\/product"}],"about":[{"href":"https:\/\/shop.heliocos.de\/cs\/wp-json\/wp\/v2\/types\/product"}],"wp:featuredmedia":[{"embeddable":true,"href":"https:\/\/shop.heliocos.de\/cs\/wp-json\/wp\/v2\/media\/26274"}],"wp:attachment":[{"href":"https:\/\/shop.heliocos.de\/cs\/wp-json\/wp\/v2\/media?parent=26339"}],"wp:term":[{"taxonomy":"product_brand","embeddable":true,"href":"https:\/\/shop.heliocos.de\/cs\/wp-json\/wp\/v2\/product_brand?post=26339"},{"taxonomy":"product_cat","embeddable":true,"href":"https:\/\/shop.heliocos.de\/cs\/wp-json\/wp\/v2\/product_cat?post=26339"},{"taxonomy":"product_tag","embeddable":true,"href":"https:\/\/shop.heliocos.de\/cs\/wp-json\/wp\/v2\/product_tag?post=26339"}],"curies":[{"name":"wp","href":"https:\/\/api.w.org\/{rel}","templated":true}]}}