{"id":26199,"date":"2020-10-06T12:04:24","date_gmt":"2021-01-20T12:31:51","guid":{"rendered":"http:\/\/shop.heliocos.de\/?post_type=product&#038;p=26199"},"modified":"2021-04-19T10:31:48","modified_gmt":"2021-04-19T08:31:48","slug":"scanbody-multi-unit","status":"publish","type":"product","link":"https:\/\/shop.heliocos.de\/cs\/produkt\/multi-unit-cs\/scanbody-multi-unit\/","title":{"rendered":"Scanbody Multi-Unit"},"content":{"rendered":"<p>V\u00edcejednotkov\u00e9 skenovac\u00ed t\u011blo v\u010detn\u011b \u0161roubu pro v\u00edcejednotkov\u00e9 pil\u00ed\u0159e. \u0160rouby s v\u00edce jednotkami jsou k dispozici s r\u016fzn\u00fdmi p\u0159ipojen\u00edmi n\u00e1stroj\u016f<\/p>\n<p>Hex 1,01 = Ankylos\u00ae<\/p>\n<p>Hex 1,22 = Xive\u00ae S<\/p>\n<p>Hex 1,26 = Zimmer\u00ae, Camlog\u00ae, Astra Tech\u00ae<\/p>\n<p>Torx\u00ae T6 = Straumann\u00ae<\/p>\n<p>Unigrip = Nobel Biocare\u00ae.<\/p>\n<p>Skenovac\u00ed t\u011blo je vyrobeno z titanu t\u0159\u00eddy 4 a m\u00e1 speci\u00e1ln\u00ed eloxaci.<\/p>\n<p>Scanbody m\u016f\u017eete p\u0159epracovat tak \u010dasto, jak chcete. Scanbody dostanete nesteriln\u00ed. \u0158i\u010fte se pros\u00edm pokyny Heliocos v n\u00e1vodu k pou\u017eit\u00ed (Heliocos Downloads).<\/p>\n<p>Scanbody obdr\u017e\u00edte s definitivn\u00edm op\u011brn\u00fdm \u0161roubem, kter\u00fd je tak\u00e9 vyroben ze slitiny titanu. St\u00e1le m\u016f\u017eete pou\u017e\u00edvat sv\u00e9 p\u016fvodn\u00ed n\u00e1stroje nebo n\u00e1stroje od spole\u010dnosti Heliocos (\u0161roubovac\u00ed n\u00e1stroje).<\/p>\n<p>Vezm\u011bte pros\u00edm na v\u011bdom\u00ed dostupnost knihoven Heliocos v procesn\u00edm \u0159et\u011bzci CAD \/ CAM. Knihovny si m\u016f\u017eete st\u00e1hnout z webov\u00fdch str\u00e1nek Heliocos (Heliocos Downloads). Dal\u0161\u00ed informace o dostupn\u00fdch knihovn\u00e1ch a po\u017eadavc\u00edch na procesn\u00ed \u0159et\u011bzec CAD \/ CAM najdete v na\u0161em p\u0159\u00edsp\u011bvku na blogu (blog Heliocos).<\/p>\n","protected":false},"excerpt":{"rendered":"<p>V\u00edcejednotkov\u00e9 skenovac\u00ed t\u011blo v\u010detn\u011b \u0161roubu pro v\u00edcejednotkov\u00e9 pil\u00ed\u0159e. \u0160rouby s v\u00edce jednotkami jsou k dispozici s r\u016fzn\u00fdmi p\u0159ipojen\u00edmi n\u00e1stroj\u016f Hex 1,01 = Ankylos\u00ae Hex 1,22 = Xive\u00ae S Hex 1,26 = Zimmer\u00ae, Camlog\u00ae, Astra Tech\u00ae Torx\u00ae T6 = Straumann\u00ae Unigrip = Nobel Biocare\u00ae. Skenovac\u00ed t\u011blo je vyrobeno z titanu t\u0159\u00eddy 4 a m\u00e1 speci\u00e1ln\u00ed eloxaci. [&hellip;]<\/p>\n","protected":false},"featured_media":24906,"template":"","meta":[],"product_brand":[],"product_cat":[430],"product_tag":[562],"class_list":{"0":"post-26199","1":"product","2":"type-product","3":"status-publish","4":"has-post-thumbnail","6":"product_cat-multi-unit-cs","7":"product_tag-multi-unit-cs-2","9":"first","10":"instock","11":"taxable","12":"shipping-taxable","13":"purchasable","14":"product-type-variable","15":"rtwpvg-product"},"_links":{"self":[{"href":"https:\/\/shop.heliocos.de\/cs\/wp-json\/wp\/v2\/product\/26199","targetHints":{"allow":["GET"]}}],"collection":[{"href":"https:\/\/shop.heliocos.de\/cs\/wp-json\/wp\/v2\/product"}],"about":[{"href":"https:\/\/shop.heliocos.de\/cs\/wp-json\/wp\/v2\/types\/product"}],"wp:featuredmedia":[{"embeddable":true,"href":"https:\/\/shop.heliocos.de\/cs\/wp-json\/wp\/v2\/media\/24906"}],"wp:attachment":[{"href":"https:\/\/shop.heliocos.de\/cs\/wp-json\/wp\/v2\/media?parent=26199"}],"wp:term":[{"taxonomy":"product_brand","embeddable":true,"href":"https:\/\/shop.heliocos.de\/cs\/wp-json\/wp\/v2\/product_brand?post=26199"},{"taxonomy":"product_cat","embeddable":true,"href":"https:\/\/shop.heliocos.de\/cs\/wp-json\/wp\/v2\/product_cat?post=26199"},{"taxonomy":"product_tag","embeddable":true,"href":"https:\/\/shop.heliocos.de\/cs\/wp-json\/wp\/v2\/product_tag?post=26199"}],"curies":[{"name":"wp","href":"https:\/\/api.w.org\/{rel}","templated":true}]}}